{"id":217050,"date":"2025-09-25T02:25:02","date_gmt":"2025-09-25T00:25:02","guid":{"rendered":"https:\/\/electrovideo.eu\/produit\/western-digital-ssd-wd_black-sn770-1-to\/"},"modified":"2026-04-15T22:40:24","modified_gmt":"2026-04-15T20:40:24","slug":"western-digital-ssd-wd_black-sn770-1-to","status":"publish","type":"product","link":"https:\/\/electrovideo.eu\/en\/product\/western-digital-ssd-wd_black-sn770-1-to\/","title":{"rendered":"Western Digital SSD WD_Black SN770 1 To"},"content":{"rendered":"<div id=\"description\" class=\"description\">\n<div class=\"details-pdt-desc\">\n<h2 class=\"h2-master\">WD_Black SN770 : Passez au niveau sup\u00e9rieur<\/h2>\n<section>\n<p>Le <strong>SSD M.2 2280 PCIe 4.0 NVMe Western Digital SSD WD Black SN770 <\/strong>offre \u00e0 vos applications un lancement encore plus rapide et des temps d&#8217;acc\u00e8s ultra r\u00e9duits. En jeu, il permet des latences minimales et des temps de chargement quasi instantan\u00e9s avec des vitesses en lecture allant jusqu&#8217;\u00e0 5150 Mo\/s (<em>sur certaines capacit\u00e9s<\/em>).<\/p>\n<p>Le logiciel <strong>WD_BLACK Dashboard<\/strong> contr\u00f4le l&#8217;\u00e9tat de sant\u00e9 de votre disque tout en optimisant ses performances de pointe en mode jeu, m\u00eame lorsque vous \u00eates en plein chat ou en train de streamer vos frags les plus incroyables.<br \/>\n&nbsp;<\/p>\n<\/section>\n<section>\n<div class=\"desc-image\"><span><img decoding=\"async\" alt=\"\" loading=\"lazy\" src=\"https:\/\/electrovideo.eu\/wp-content\/uploads\/2025\/09\/wd_black_sn770.jpg\"><\/span><\/div>\n<div class=\"desc-text\">\n<h2>SSD Gaming PCIe 4.0<\/h2>\n<ul>\n<li>Entrez rapidement dans le jeu en minimisant les temps de chargement avec des vitesses fulgurantes allant jusqu&#8217;\u00e0 5&nbsp;150&nbsp;Mo\/s (<em>en fonction des mod\u00e8les<\/em>).<\/li>\n<li>\u00c9quip\u00e9 d&#8217;une interface PCIe 4.0 NVMe, le SSD WD_BLACK SN770 aide \u00e0 alimenter la r\u00e9activit\u00e9 dans le jeu, \u00e0 minimiser les latences pour une am\u00e9lioration des performances visible.<\/li>\n<li>Obtenez de l&#8217;espace \u00e0 vos derniers jeux, aux futures mises \u00e0 jour et contenus t\u00e9l\u00e9chargeables avec des capacit\u00e9s allant jusqu&#8217;\u00e0 2 To.<\/li>\n<li>Jusqu&#8217;\u00e0 20 % d&#8217;efficacit\u00e9 \u00e9nerg\u00e9tique en plus \u00e0 vitesse maximale par rapport \u00e0 la g\u00e9n\u00e9ration pr\u00e9c\u00e9dente (<em>en fonction des mod\u00e8les<\/em>).<\/li>\n<li>Optimisez les performances en mode jeu et surveillez l&#8217;\u00e9tat de votre disque avec le logiciel WD_BLACK afin que vous puissiez jouer en toute confiance.<\/li>\n<li>B\u00e9n\u00e9ficie d&#8217;une technologie de gestion thermique avanc\u00e9e qui aide \u00e0 maintenir des performances constantes.<\/li>\n<\/ul>\n<\/div>\n<\/section>\n<\/div><\/div>\n","protected":false},"excerpt":{"rendered":"<p>SSD 1 To M.2 PCIe NVMe 4.0 x4 NAND 3D TLC<\/p>\n","protected":false},"featured_media":217052,"comment_status":"open","ping_status":"closed","template":"","meta":{"_monsterinsights_skip_tracking":false,"_monsterinsights_sitenote_active":false,"_monsterinsights_sitenote_note":"","_monsterinsights_sitenote_category":0},"etheme_brands":[{"term_id":375,"name":"Western Digital","slug":"western-digital","term_group":0,"term_taxonomy_id":375,"taxonomy":"brand","description":"","parent":0,"count":10,"filter":"raw"}],"product_brand":[],"product_cat":[25],"product_tag":[],"class_list":{"0":"post-217050","1":"product","2":"type-product","3":"status-publish","4":"has-post-thumbnail","6":"brand-western-digital","7":"product_cat-ssd-m2","9":"first","10":"instock","11":"taxable","12":"shipping-taxable","13":"purchasable","14":"product-type-simple"},"_links":{"self":[{"href":"https:\/\/electrovideo.eu\/en\/wp-json\/wp\/v2\/product\/217050","targetHints":{"allow":["GET"]}}],"collection":[{"href":"https:\/\/electrovideo.eu\/en\/wp-json\/wp\/v2\/product"}],"about":[{"href":"https:\/\/electrovideo.eu\/en\/wp-json\/wp\/v2\/types\/product"}],"replies":[{"embeddable":true,"href":"https:\/\/electrovideo.eu\/en\/wp-json\/wp\/v2\/comments?post=217050"}],"version-history":[{"count":0,"href":"https:\/\/electrovideo.eu\/en\/wp-json\/wp\/v2\/product\/217050\/revisions"}],"wp:featuredmedia":[{"embeddable":true,"href":"https:\/\/electrovideo.eu\/en\/wp-json\/wp\/v2\/media\/217052"}],"wp:attachment":[{"href":"https:\/\/electrovideo.eu\/en\/wp-json\/wp\/v2\/media?parent=217050"}],"wp:term":[{"taxonomy":"brand","embeddable":true,"href":"https:\/\/electrovideo.eu\/en\/wp-json\/wp\/v2\/etheme_brands?post=217050"},{"taxonomy":"product_brand","embeddable":true,"href":"https:\/\/electrovideo.eu\/en\/wp-json\/wp\/v2\/product_brand?post=217050"},{"taxonomy":"product_cat","embeddable":true,"href":"https:\/\/electrovideo.eu\/en\/wp-json\/wp\/v2\/product_cat?post=217050"},{"taxonomy":"product_tag","embeddable":true,"href":"https:\/\/electrovideo.eu\/en\/wp-json\/wp\/v2\/product_tag?post=217050"}],"curies":[{"name":"wp","href":"https:\/\/api.w.org\/{rel}","templated":true}]}}