{"id":217047,"date":"2025-09-25T02:25:02","date_gmt":"2025-09-25T00:25:02","guid":{"rendered":"https:\/\/electrovideo.eu\/produit\/western-digital-ssd-wd-blue-sa510-2-to-2-5\/"},"modified":"2026-04-15T22:40:22","modified_gmt":"2026-04-15T20:40:22","slug":"western-digital-ssd-wd-blue-sa510-2-to-2-5","status":"publish","type":"product","link":"https:\/\/electrovideo.eu\/en\/product\/western-digital-ssd-wd-blue-sa510-2-to-2-5\/","title":{"rendered":"Western Digital SSD WD Blue SA510 2 To &#8211; 2.5&#8243;"},"content":{"rendered":"<div id=\"description\" class=\"description\">\n<div class=\"details-pdt-desc\">\n<h2 class=\"h2-master\">WD Blue SA510 : Donnez un nouveau souffle \u00e0 votre PC<\/h2>\n<section>\n<p>Le&nbsp;<strong>disque SSD Blue SA510 de Western Digital&nbsp;<\/strong>permet&nbsp;\u00e0 votre machine de b\u00e9n\u00e9ficier de la puissance d&#8217;un SSD avec une interface SATA 6 Gbps. Le Blue SA510 est dot\u00e9 de puces NAND 3D TLC et propose des d\u00e9bits jusqu&#8217;\u00e0 560 Mo\/s (<em>en fonction des mod\u00e8les<\/em>). Il est propos\u00e9 dans deux formats suivant vos besoins, il existe en 2.5&#8243; ou en M.2 2280.<\/p>\n<\/section>\n<section>\n<div class=\"desc-image\"><span><img decoding=\"async\" alt=\"\" loading=\"lazy\" src=\"https:\/\/electrovideo.eu\/wp-content\/uploads\/2025\/09\/wd_blue_sa510.jpg\"><\/span><\/div>\n<div class=\"desc-text\">\n<h2>Points forts<\/h2>\n<ul>\n<li>Donnez un coup de pouce \u00e0 votre machine avec des vitesses de lecture allant jusqu&#8217;\u00e0 580 Mo\/s (mod\u00e8les de 500 Go et 1 To).<\/li>\n<li>Offrez une nouvelle vie \u00e0 votre PC avec des capacit\u00e9s \u00e0 partir de 250 Go, une consommation r\u00e9duite par rapport \u00e0 un disque m\u00e9canique standard pour pr\u00e9server l&#8217;autonomie de votre PC portable.<\/li>\n<li>Le logiciel Western Digital Dashboard vous permet de surveiller votre disque (temp\u00e9rature, espace libre&#8230;)<\/li>\n<\/ul>\n<\/div>\n<\/section>\n<\/div><\/div>\n","protected":false},"excerpt":{"rendered":"<p>SSD 2 To 2.5&#8243; SATA 6 Gbps NAND 3D TLC (WDS200T3B0A)<\/p>\n","protected":false},"featured_media":217049,"comment_status":"open","ping_status":"closed","template":"","meta":{"_monsterinsights_skip_tracking":false,"_monsterinsights_sitenote_active":false,"_monsterinsights_sitenote_note":"","_monsterinsights_sitenote_category":0},"etheme_brands":[{"term_id":375,"name":"Western Digital","slug":"western-digital","term_group":0,"term_taxonomy_id":375,"taxonomy":"brand","description":"","parent":0,"count":10,"filter":"raw"}],"product_brand":[],"product_cat":[25],"product_tag":[],"class_list":{"0":"post-217047","1":"product","2":"type-product","3":"status-publish","4":"has-post-thumbnail","6":"brand-western-digital","7":"product_cat-ssd-m2","9":"first","10":"instock","11":"taxable","12":"shipping-taxable","13":"purchasable","14":"product-type-simple"},"_links":{"self":[{"href":"https:\/\/electrovideo.eu\/en\/wp-json\/wp\/v2\/product\/217047","targetHints":{"allow":["GET"]}}],"collection":[{"href":"https:\/\/electrovideo.eu\/en\/wp-json\/wp\/v2\/product"}],"about":[{"href":"https:\/\/electrovideo.eu\/en\/wp-json\/wp\/v2\/types\/product"}],"replies":[{"embeddable":true,"href":"https:\/\/electrovideo.eu\/en\/wp-json\/wp\/v2\/comments?post=217047"}],"version-history":[{"count":0,"href":"https:\/\/electrovideo.eu\/en\/wp-json\/wp\/v2\/product\/217047\/revisions"}],"wp:featuredmedia":[{"embeddable":true,"href":"https:\/\/electrovideo.eu\/en\/wp-json\/wp\/v2\/media\/217049"}],"wp:attachment":[{"href":"https:\/\/electrovideo.eu\/en\/wp-json\/wp\/v2\/media?parent=217047"}],"wp:term":[{"taxonomy":"brand","embeddable":true,"href":"https:\/\/electrovideo.eu\/en\/wp-json\/wp\/v2\/etheme_brands?post=217047"},{"taxonomy":"product_brand","embeddable":true,"href":"https:\/\/electrovideo.eu\/en\/wp-json\/wp\/v2\/product_brand?post=217047"},{"taxonomy":"product_cat","embeddable":true,"href":"https:\/\/electrovideo.eu\/en\/wp-json\/wp\/v2\/product_cat?post=217047"},{"taxonomy":"product_tag","embeddable":true,"href":"https:\/\/electrovideo.eu\/en\/wp-json\/wp\/v2\/product_tag?post=217047"}],"curies":[{"name":"wp","href":"https:\/\/api.w.org\/{rel}","templated":true}]}}