{"id":217044,"date":"2025-09-25T02:25:02","date_gmt":"2025-09-25T00:25:02","guid":{"rendered":"https:\/\/electrovideo.eu\/produit\/western-digital-ssd-wd-red-sa500-1-to\/"},"modified":"2026-04-15T22:40:19","modified_gmt":"2026-04-15T20:40:19","slug":"western-digital-ssd-wd-red-sa500-1-to","status":"publish","type":"product","link":"https:\/\/electrovideo.eu\/en\/product\/western-digital-ssd-wd-red-sa500-1-to\/","title":{"rendered":"Western Digital SSD WD Red SA500 1 To"},"content":{"rendered":"<div id=\"description\" class=\"description\">\n<div class=\"details-pdt-desc\">\n<h2 class=\"h2-master\">WD Red SA500 : Le SSD con\u00e7u pour votre NAS<\/h2>\n<section>\n<p>Le&nbsp;<strong>disque SSD Red SA500 1 To de Western Digital&nbsp;<\/strong>dope les performances et la r\u00e9activit\u00e9 de votre NAS. Le WD Red SA500 est sp\u00e9cialement con\u00e7u pour les serveurs NAS en utilisation 24\/7. Con\u00e7u \u00e0 partir de NAND 3D, il propose une <strong>endurance de 600 To \u00e9crits<\/strong> et dispose d&#8217;un MTBF de 2 millions d&#8217;heures.<\/p>\n<p>Le SSD&nbsp;<strong>WD Red SA500 1 To (WDS100T1R0A) SATA 6 Gbit\/s&nbsp;<\/strong>ouvre de nouvelles possibilit\u00e9s d&#8217;utilisations \u00e0 votre NAS&nbsp;gr\u00e2ce&nbsp;\u00e0 des&nbsp;vitesses pouvant atteindre&nbsp;<strong>560 Mo\/s en lecture et 530 Mo\/s en \u00e9criture&nbsp;<\/strong>et<strong>&nbsp;<\/strong>le nombre d&#8217;op\u00e9rations par secondes atteint&nbsp;<strong>95 000 IOPS en lecture et 85 000 IOPS en \u00e9criture<\/strong>.<\/p>\n<\/section>\n<section>\n<div class=\"desc-image\"><span><img decoding=\"async\" alt=\"\" loading=\"lazy\" src=\"https:\/\/electrovideo.eu\/wp-content\/uploads\/2025\/09\/wd_red_sa500.jpg\"><\/span><\/div>\n<div class=\"desc-text\">\n<h2>Acc\u00e8s rapides et fluides<\/h2>\n<p>Le disque SSD NAS WD Red&nbsp;SA500 est optimis\u00e9 pour la <strong>mise en cache<\/strong> sur les syst\u00e8mes NAS afin d&#8217;acc\u00e9der rapidement aux contenus que vous utilisez le plus souvent.<\/p>\n<p>Ce disque <strong>r\u00e9duit la latence et am\u00e9liore la r\u00e9activit\u00e9<\/strong> pour les bases de donn\u00e9es OLTP, les environnements multi-utilisateurs, le rendu photo, le montage des vid\u00e9os 4K et 8K<\/p>\n<\/div>\n<\/section>\n<\/div><\/div>\n","protected":false},"excerpt":{"rendered":"<p>SSD 1 To 2.5&#8243; 7mm Serial ATA 6Gb\/s pour NAS<\/p>\n","protected":false},"featured_media":217046,"comment_status":"open","ping_status":"closed","template":"","meta":{"_monsterinsights_skip_tracking":false,"_monsterinsights_sitenote_active":false,"_monsterinsights_sitenote_note":"","_monsterinsights_sitenote_category":0},"etheme_brands":[{"term_id":375,"name":"Western Digital","slug":"western-digital","term_group":0,"term_taxonomy_id":375,"taxonomy":"brand","description":"","parent":0,"count":10,"filter":"raw"}],"product_brand":[],"product_cat":[25],"product_tag":[],"class_list":{"0":"post-217044","1":"product","2":"type-product","3":"status-publish","4":"has-post-thumbnail","6":"brand-western-digital","7":"product_cat-ssd-m2","9":"first","10":"instock","11":"taxable","12":"shipping-taxable","13":"purchasable","14":"product-type-simple"},"_links":{"self":[{"href":"https:\/\/electrovideo.eu\/en\/wp-json\/wp\/v2\/product\/217044","targetHints":{"allow":["GET"]}}],"collection":[{"href":"https:\/\/electrovideo.eu\/en\/wp-json\/wp\/v2\/product"}],"about":[{"href":"https:\/\/electrovideo.eu\/en\/wp-json\/wp\/v2\/types\/product"}],"replies":[{"embeddable":true,"href":"https:\/\/electrovideo.eu\/en\/wp-json\/wp\/v2\/comments?post=217044"}],"version-history":[{"count":0,"href":"https:\/\/electrovideo.eu\/en\/wp-json\/wp\/v2\/product\/217044\/revisions"}],"wp:featuredmedia":[{"embeddable":true,"href":"https:\/\/electrovideo.eu\/en\/wp-json\/wp\/v2\/media\/217046"}],"wp:attachment":[{"href":"https:\/\/electrovideo.eu\/en\/wp-json\/wp\/v2\/media?parent=217044"}],"wp:term":[{"taxonomy":"brand","embeddable":true,"href":"https:\/\/electrovideo.eu\/en\/wp-json\/wp\/v2\/etheme_brands?post=217044"},{"taxonomy":"product_brand","embeddable":true,"href":"https:\/\/electrovideo.eu\/en\/wp-json\/wp\/v2\/product_brand?post=217044"},{"taxonomy":"product_cat","embeddable":true,"href":"https:\/\/electrovideo.eu\/en\/wp-json\/wp\/v2\/product_cat?post=217044"},{"taxonomy":"product_tag","embeddable":true,"href":"https:\/\/electrovideo.eu\/en\/wp-json\/wp\/v2\/product_tag?post=217044"}],"curies":[{"name":"wp","href":"https:\/\/api.w.org\/{rel}","templated":true}]}}