{"id":217019,"date":"2025-09-25T02:33:18","date_gmt":"2025-09-25T00:33:18","guid":{"rendered":"https:\/\/electrovideo.eu\/produit\/kingston-kc600-1-to-msata\/"},"modified":"2026-04-15T22:40:41","modified_gmt":"2026-04-15T20:40:41","slug":"kingston-kc600-1-to-msata","status":"publish","type":"product","link":"https:\/\/electrovideo.eu\/en\/product\/kingston-kc600-1-to-msata\/","title":{"rendered":"Kingston KC600 1 To mSATA"},"content":{"rendered":"<div id=\"description\" class=\"description\">\n<div class=\"details-pdt-desc\">\n<h2 class=\"h2-master\">KC600 : SSD avec chiffrement automatique mat\u00e9riel et vitesses optimales<\/h2>\n<section>\n<p>Le <strong>SSD KC600 1 To mSATA<\/strong> de <strong>Kingston<\/strong> am\u00e9liore consid\u00e9rablement la r\u00e9activit\u00e9 de votre syst\u00e8me actuel avec des vitesses de d\u00e9marrage, de chargement et de transfert par rapport aux disques durs classiques. Anim\u00e9 par un contr\u00f4leur Silicon Motion SM2259,&nbsp;il propose des vitesses de lecture et d&#8217;\u00e9criture allant jusqu&#8217;\u00e0 550 Mo\/s et 520 Mo\/s. Il supporte parfaitement&nbsp; une suite de s\u00e9curit\u00e9 int\u00e9grale (TCG Opal, AES 256 bits, eDrive).<br \/>\n&nbsp; &nbsp;<br \/>\nPlus fiable et plus durable qu&#8217;un disque dur, le disque <strong>KC600<\/strong> est uniquement construit avec des composants Flash. Ne contenant aucune pi\u00e8ce mobile, il est moins expos\u00e9 aux risques de panne qu&#8217;un disque dur classique. Plus silencieux et plus froid, il est aussi plus r\u00e9sistant aux vibrations et aux chocs, ce qui en fait une solution id\u00e9ale pour les ordinateurs portables et autres syst\u00e8mes informatiques mobiles.<\/p>\n<\/section>\n<section>\n<div class=\"desc-image\"><span><img decoding=\"async\" loading=\"lazy\" alt=\"\" src=\"https:\/\/electrovideo.eu\/wp-content\/uploads\/2025\/09\/kingston_kc600_msata.jpg\"><\/span><\/div>\n<div class=\"desc-text\">\n<h2>Performances et s\u00e9curit\u00e9<\/h2>\n<p>Le KC600 de Kingston est un disque SSD qui offre d&#8217;excellentes performances \u00e0 pleine charge. Il est optimis\u00e9 pour donner \u00e0 votre syst\u00e8me une r\u00e9activit\u00e9 impressionnants avec des vitesses de d\u00e9marrage, de chargement et de transfert optimales. I l est disponible dans les deux facteurs de forme 2,5&#8243; et mSATA. Le SSD KC600 utilise la NAND 3D TLC et supporte une suite de s\u00e9curit\u00e9 int\u00e9grale avec chiffrement mat\u00e9riel AES 256 bits, TCG Opal et eDrive. Il b\u00e9n\u00e9ficie de vitesses de lecture\/ \u00e9criture allant jusqu&#8217;\u00e0 550\/520Mo\/s&nbsp;pour stocker efficacement vos donn\u00e9es jusqu&#8217;\u00e0 2 To.<\/p>\n<\/div>\n<\/section>\n<section class=\"list\">\n<h2>Caract\u00e9ristiques principales :<\/h2>\n<p>&nbsp;<\/p>\n<ul>\n<li>Format mSATA<\/li>\n<li>Interface mSATA III&nbsp;(6 Gb\/s)&nbsp;avec r\u00e9trocompatibilit\u00e9 mSATA II (3&nbsp;Gb\/s)<\/li>\n<li><strong>Capacit\u00e9&nbsp;: 1 To<\/strong><\/li>\n<li>NAND 3D TLC<\/li>\n<li>Chiffrement XTS-AES 256 bits,&nbsp;TCG Opal, eDrive<\/li>\n<li>Nombre total d&#8217;octets \u00e9crits (TOE)&nbsp; : 600 To<\/li>\n<li>D\u00e9bits s\u00e9quentiels en lecture\/\u00e9criture :&nbsp;jusqu&#8217;\u00e0 550\/520Mo\/s<\/li>\n<li>\u00c9criture\/ lecture 4K maximum :&nbsp;jusqu&#8217;\u00e0 90 000\/80 000 IOPS<\/li>\n<li>MTBF :&nbsp; 1 million d&#8217;heures<\/li>\n<\/ul>\n<\/section>\n<\/div><\/div>\n","protected":false},"excerpt":{"rendered":"<p>SSD 1 To mSATA 6 Gb\/s<\/p>\n","protected":false},"featured_media":217021,"comment_status":"open","ping_status":"closed","template":"","meta":{"_monsterinsights_skip_tracking":false,"_monsterinsights_sitenote_active":false,"_monsterinsights_sitenote_note":"","_monsterinsights_sitenote_category":0},"etheme_brands":[{"term_id":382,"name":"Kingston","slug":"kingston","term_group":0,"term_taxonomy_id":382,"taxonomy":"brand","description":"","parent":0,"count":106,"filter":"raw"}],"product_brand":[],"product_cat":[25],"product_tag":[],"class_list":{"0":"post-217019","1":"product","2":"type-product","3":"status-publish","4":"has-post-thumbnail","6":"brand-kingston","7":"product_cat-ssd-m2","9":"first","10":"instock","11":"taxable","12":"shipping-taxable","13":"purchasable","14":"product-type-simple"},"_links":{"self":[{"href":"https:\/\/electrovideo.eu\/en\/wp-json\/wp\/v2\/product\/217019","targetHints":{"allow":["GET"]}}],"collection":[{"href":"https:\/\/electrovideo.eu\/en\/wp-json\/wp\/v2\/product"}],"about":[{"href":"https:\/\/electrovideo.eu\/en\/wp-json\/wp\/v2\/types\/product"}],"replies":[{"embeddable":true,"href":"https:\/\/electrovideo.eu\/en\/wp-json\/wp\/v2\/comments?post=217019"}],"version-history":[{"count":0,"href":"https:\/\/electrovideo.eu\/en\/wp-json\/wp\/v2\/product\/217019\/revisions"}],"wp:featuredmedia":[{"embeddable":true,"href":"https:\/\/electrovideo.eu\/en\/wp-json\/wp\/v2\/media\/217021"}],"wp:attachment":[{"href":"https:\/\/electrovideo.eu\/en\/wp-json\/wp\/v2\/media?parent=217019"}],"wp:term":[{"taxonomy":"brand","embeddable":true,"href":"https:\/\/electrovideo.eu\/en\/wp-json\/wp\/v2\/etheme_brands?post=217019"},{"taxonomy":"product_brand","embeddable":true,"href":"https:\/\/electrovideo.eu\/en\/wp-json\/wp\/v2\/product_brand?post=217019"},{"taxonomy":"product_cat","embeddable":true,"href":"https:\/\/electrovideo.eu\/en\/wp-json\/wp\/v2\/product_cat?post=217019"},{"taxonomy":"product_tag","embeddable":true,"href":"https:\/\/electrovideo.eu\/en\/wp-json\/wp\/v2\/product_tag?post=217019"}],"curies":[{"name":"wp","href":"https:\/\/api.w.org\/{rel}","templated":true}]}}