{"id":217005,"date":"2025-09-25T02:38:31","date_gmt":"2025-09-25T00:38:31","guid":{"rendered":"https:\/\/electrovideo.eu\/produit\/kingston-dc600me-960-go\/"},"modified":"2026-04-15T22:41:05","modified_gmt":"2026-04-15T20:41:05","slug":"kingston-dc600me-960-go","status":"publish","type":"product","link":"https:\/\/electrovideo.eu\/en\/product\/kingston-dc600me-960-go\/","title":{"rendered":"Kingston DC600ME 960 Go"},"content":{"rendered":"<div id=\"description\" class=\"description\">\n<div class=\"details-pdt-desc\">\n<h2 class=\"h2-master\">DC600ME : SSD pour serveur \u00e0 charges de travail mixtes<\/h2>\n<section>\n<p>Le <strong>SSD Kingston DC600ME<\/strong> est un SSD SATA 3.0 est dot\u00e9 d\u2019un syst\u00e8me de <strong>chiffrement AES 256&nbsp;bits et prend en charge les normes de s\u00e9curit\u00e9 TCG OPAL 2.0<\/strong>. Il embarque de la NAND 3D TLC et se destine aux <strong>charges de travail serveur \u00e0 \u00ab&nbsp;usage mixte&nbsp;\u00bb<\/strong>. Le DC600ME est adapt\u00e9 \u00e0 une utilisation dans des serveurs rack \u00e0 haute densit\u00e9 et comprend une <strong>protection embarqu\u00e9e contre les coupures d\u2019alimentation (PLP) <\/strong>bas\u00e9e sur le mat\u00e9riel. Gr\u00e2ce \u00e0 ses condensateurs, le DC600ME prot\u00e8ge les donn\u00e9es contre les coupures d\u2019alimentation inattendues afin de r\u00e9duire le risque de perte de donn\u00e9es et de garantir que le SSD se r\u00e9initialisera avec succ\u00e8s lors du prochain d\u00e9marrage du syst\u00e8me.<\/p>\n<\/section>\n<section>\n<div class=\"desc-image\"><span><img decoding=\"async\" alt=\"\" loading=\"lazy\" src=\"https:\/\/electrovideo.eu\/wp-content\/uploads\/2025\/09\/kingston_dc600m_entreprise.jpg\"><\/span><\/div>\n<div class=\"desc-text\">\n<h2>SSD pour datacenter d&#8217;entreprise<\/h2>\n<ul>\n<li>Con\u00e7u pour les environnements de datacenter : Le DC600ME est optimis\u00e9 pour r\u00e9pondre aux exigences \u00e9lev\u00e9es des applications serveur RAID avec une faible latence et une uniformit\u00e9 des E\/S comme crit\u00e8res cl\u00e9s de conception.<\/li>\n<li>Protection des donn\u00e9es sensibles gr\u00e2ce \u00e0 la prise en charge du&nbsp;<strong>chiffrement mat\u00e9riel AES 256&nbsp;bits<\/strong> et des normes de s\u00e9curit\u00e9 TCG Opal&nbsp;2.0.<\/li>\n<li>PLP mat\u00e9rielle : Condensateurs pour prot\u00e9ger les donn\u00e9es de l\u2019utilisateur contre les coupures d\u2019alimentation inattendues et am\u00e9liorer les performances<\/li>\n<li>Excellente qualit\u00e9 de service (QoS) : Optimisation de la pr\u00e9visibilit\u00e9 des performances pour atteindre les accords de niveau de service (SLA).<\/li>\n<\/ul>\n<\/div>\n<\/section>\n<\/div><\/div>\n","protected":false},"excerpt":{"rendered":"<p>SSD 960 Go 2.5&#8243; 7 mm Serial ATA 6 Gbit\/s &#8211; Chiffrement mat\u00e9riel AES 256 bits &#8211; Pour serveur<\/p>\n","protected":false},"featured_media":217006,"comment_status":"open","ping_status":"closed","template":"","meta":{"_monsterinsights_skip_tracking":false,"_monsterinsights_sitenote_active":false,"_monsterinsights_sitenote_note":"","_monsterinsights_sitenote_category":0},"etheme_brands":[{"term_id":382,"name":"Kingston","slug":"kingston","term_group":0,"term_taxonomy_id":382,"taxonomy":"brand","description":"","parent":0,"count":106,"filter":"raw"}],"product_brand":[],"product_cat":[25],"product_tag":[],"class_list":{"0":"post-217005","1":"product","2":"type-product","3":"status-publish","4":"has-post-thumbnail","6":"brand-kingston","7":"product_cat-ssd-m2","9":"first","10":"instock","11":"taxable","12":"shipping-taxable","13":"purchasable","14":"product-type-simple"},"_links":{"self":[{"href":"https:\/\/electrovideo.eu\/en\/wp-json\/wp\/v2\/product\/217005","targetHints":{"allow":["GET"]}}],"collection":[{"href":"https:\/\/electrovideo.eu\/en\/wp-json\/wp\/v2\/product"}],"about":[{"href":"https:\/\/electrovideo.eu\/en\/wp-json\/wp\/v2\/types\/product"}],"replies":[{"embeddable":true,"href":"https:\/\/electrovideo.eu\/en\/wp-json\/wp\/v2\/comments?post=217005"}],"version-history":[{"count":0,"href":"https:\/\/electrovideo.eu\/en\/wp-json\/wp\/v2\/product\/217005\/revisions"}],"wp:featuredmedia":[{"embeddable":true,"href":"https:\/\/electrovideo.eu\/en\/wp-json\/wp\/v2\/media\/217006"}],"wp:attachment":[{"href":"https:\/\/electrovideo.eu\/en\/wp-json\/wp\/v2\/media?parent=217005"}],"wp:term":[{"taxonomy":"brand","embeddable":true,"href":"https:\/\/electrovideo.eu\/en\/wp-json\/wp\/v2\/etheme_brands?post=217005"},{"taxonomy":"product_brand","embeddable":true,"href":"https:\/\/electrovideo.eu\/en\/wp-json\/wp\/v2\/product_brand?post=217005"},{"taxonomy":"product_cat","embeddable":true,"href":"https:\/\/electrovideo.eu\/en\/wp-json\/wp\/v2\/product_cat?post=217005"},{"taxonomy":"product_tag","embeddable":true,"href":"https:\/\/electrovideo.eu\/en\/wp-json\/wp\/v2\/product_tag?post=217005"}],"curies":[{"name":"wp","href":"https:\/\/api.w.org\/{rel}","templated":true}]}}