{"id":216994,"date":"2025-09-25T01:50:24","date_gmt":"2025-09-24T23:50:24","guid":{"rendered":"https:\/\/electrovideo.eu\/produit\/crucial-t700-1-to-avec-dissipateur\/"},"modified":"2026-04-15T22:39:33","modified_gmt":"2026-04-15T20:39:33","slug":"crucial-t700-1-to-avec-dissipateur","status":"publish","type":"product","link":"https:\/\/electrovideo.eu\/en\/product\/crucial-t700-1-to-avec-dissipateur\/","title":{"rendered":"Crucial T700 1 To avec dissipateur"},"content":{"rendered":"<div id=\"description\" class=\"description\">\n<div class=\"details-pdt-desc\">\n<h2 class=\"h2-master\">Crucial T700 : La vitesse avant tout<\/h2>\n<section>\n<p>Le <strong>SSD Crucial T700 avec son interface PCIe 5.0 4x NVMe 2.0<\/strong> offre des vitesses allant jusqu\u2019\u00e0 12&nbsp;400&nbsp;Mo\/s en lecture s\u00e9quentielle et jusqu\u2019\u00e0 11&nbsp;800&nbsp;Mo\/s en \u00e9criture s\u00e9quentielle <em>(en fonction des mod\u00e8les<\/em>) pour acc\u00e9l\u00e9rer les jeux, le montage vid\u00e9o, le rendu 3D et les applications \u00e0 forte charge de travail.<\/p>\n<p>Con\u00e7u avec la NAND TLC \u00e0 232 couches, le SSD Crucial T700 est optimis\u00e9 pour les performances, tire pleinement parti de Microsoft DirectStorage, et est r\u00e9trocompatible avec les interfaces PCIe 3.0 et PCIe 4.0.<\/p>\n<\/section>\n<section>\n<div class=\"desc-image\"><span><img decoding=\"async\" alt=\"\" loading=\"lazy\" src=\"https:\/\/electrovideo.eu\/wp-content\/uploads\/2025\/09\/crucial_t700.jpg\"><\/span><\/div>\n<div class=\"desc-text\">\n<h2>Points forts<\/h2>\n<ul>\n<li>Performances extr\u00eames : Avec des vitesses impressionnantes allant jusqu\u2019\u00e0 12&nbsp;400\/11&nbsp;800&nbsp;Mo\/s en lecture\/\u00e9criture s\u00e9quentielle (<em>en fonction des mod\u00e8les<\/em>)<\/li>\n<li>R\u00e9duisez les temps de chargement des textures de jeu avec Microsoft DirectStorage<\/li>\n<li>Technologie TLC NAND \u00e0 232&nbsp;couches<\/li>\n<li>R\u00e9trocompatible avec les syst\u00e8mes PCIe 3.0 et PCIe 4.0<\/li>\n<li>Chiffrement mat\u00e9riel pour la s\u00e9curit\u00e9 du stockage avec TCG Opal&nbsp;2.01<\/li>\n<\/ul>\n<\/div>\n<\/section>\n<\/div><\/div>\n","protected":false},"excerpt":{"rendered":"<p>SSD 1 To 3D NAND M.2 2280 NVMe 2.0 &#8211; PCIe 5.0 x4<\/p>\n","protected":false},"featured_media":216995,"comment_status":"open","ping_status":"closed","template":"","meta":{"_monsterinsights_skip_tracking":false,"_monsterinsights_sitenote_active":false,"_monsterinsights_sitenote_note":"","_monsterinsights_sitenote_category":0},"etheme_brands":[{"term_id":365,"name":"Crucial","slug":"crucial","term_group":0,"term_taxonomy_id":365,"taxonomy":"brand","description":"","parent":0,"count":41,"filter":"raw"}],"product_brand":[],"product_cat":[25],"product_tag":[],"class_list":{"0":"post-216994","1":"product","2":"type-product","3":"status-publish","4":"has-post-thumbnail","6":"brand-crucial","7":"product_cat-ssd-m2","9":"first","10":"instock","11":"taxable","12":"shipping-taxable","13":"purchasable","14":"product-type-simple"},"_links":{"self":[{"href":"https:\/\/electrovideo.eu\/en\/wp-json\/wp\/v2\/product\/216994","targetHints":{"allow":["GET"]}}],"collection":[{"href":"https:\/\/electrovideo.eu\/en\/wp-json\/wp\/v2\/product"}],"about":[{"href":"https:\/\/electrovideo.eu\/en\/wp-json\/wp\/v2\/types\/product"}],"replies":[{"embeddable":true,"href":"https:\/\/electrovideo.eu\/en\/wp-json\/wp\/v2\/comments?post=216994"}],"version-history":[{"count":0,"href":"https:\/\/electrovideo.eu\/en\/wp-json\/wp\/v2\/product\/216994\/revisions"}],"wp:featuredmedia":[{"embeddable":true,"href":"https:\/\/electrovideo.eu\/en\/wp-json\/wp\/v2\/media\/216995"}],"wp:attachment":[{"href":"https:\/\/electrovideo.eu\/en\/wp-json\/wp\/v2\/media?parent=216994"}],"wp:term":[{"taxonomy":"brand","embeddable":true,"href":"https:\/\/electrovideo.eu\/en\/wp-json\/wp\/v2\/etheme_brands?post=216994"},{"taxonomy":"product_brand","embeddable":true,"href":"https:\/\/electrovideo.eu\/en\/wp-json\/wp\/v2\/product_brand?post=216994"},{"taxonomy":"product_cat","embeddable":true,"href":"https:\/\/electrovideo.eu\/en\/wp-json\/wp\/v2\/product_cat?post=216994"},{"taxonomy":"product_tag","embeddable":true,"href":"https:\/\/electrovideo.eu\/en\/wp-json\/wp\/v2\/product_tag?post=216994"}],"curies":[{"name":"wp","href":"https:\/\/api.w.org\/{rel}","templated":true}]}}