{"id":216976,"date":"2025-09-25T01:50:24","date_gmt":"2025-09-24T23:50:24","guid":{"rendered":"https:\/\/electrovideo.eu\/produit\/crucial-t500-4-to-avec-dissipateur-2\/"},"modified":"2026-04-15T22:39:56","modified_gmt":"2026-04-15T20:39:56","slug":"crucial-t500-4-to-avec-dissipateur-2","status":"publish","type":"product","link":"https:\/\/electrovideo.eu\/en\/product\/crucial-t500-4-to-avec-dissipateur-2\/","title":{"rendered":"Crucial T500 4 To avec dissipateur"},"content":{"rendered":"<div id=\"description\" class=\"description\">\n<div class=\"details-pdt-desc\">\n<h2 class=\"h2-master\">Crucial T500 : Am\u00e9liorez les performances de votre PC<\/h2>\n<section>\n<p>Dopez les performances de votre syst\u00e8me avec le <strong>SSD Crucial T500<\/strong> dot\u00e9 d&#8217;une interface PCIe NVMe 4.0 x4. Il dispose de vitesses de lecture et d\u2019\u00e9criture s\u00e9quentielle allant jusqu\u2019\u00e0 7 400 Mo\/s et 7 000 Mo\/s (<em>en fonction des mod\u00e8les<\/em>). Le T500 acc\u00e9l\u00e8re toutes vos t\u00e2ches quotidiennes que ce soit le gaming, le montage vid\u00e9o ou le rendu 3D. .<\/p>\n<\/section>\n<section>\n<div class=\"desc-image\"><span><img decoding=\"async\" alt=\"\" loading=\"lazy\" src=\"https:\/\/electrovideo.eu\/wp-content\/uploads\/2025\/09\/crucial_t500.jpg\"><\/span><\/div>\n<div class=\"desc-text\">\n<h2>Points forts<\/h2>\n<ul>\n<li>Les performances ultrarapides du PCIe 4.0 offertes par Crucial : Acc\u00e9l\u00e9rez les temps de d\u00e9marrage, de chargement et de sauvegarde avec des vitesses de lecture et d\u2019\u00e9criture s\u00e9quentielle de 7 400\/7 000 Mo\/s : le SSD Crucial T500 PCle 4.0 NVMe est plus de 2 fois plus rapide qu\u2019un SSD PCIe 3.0 et 12 fois plus rapide qu\u2019un SSD SATA.<\/li>\n<li>Boostez votre PS5 : I D\u00e9couvrez le plaisir d\u2019un temps de chargement plus rapide et d\u2019un stockage performant pour tous vos jeux pr\u00e9f\u00e9r\u00e9s pour une exp\u00e9rience de jeu hors du commun.<\/li>\n<li>\u00c9levez votre niveau de jeu :R\u00e9duisez de 16 % le temps de chargement de vos jeux avec le SSD Crucial T500 PCle 4.0 NVMe. Stockez plus de jeux avec une capacit\u00e9 de stockage allant jusqu\u2019\u00e0 2 To. Avec Microsoft DirectStorage, acc\u00e9l\u00e9rez le rendu et profitez de textures de jeu plus d\u00e9taill\u00e9es.<\/li>\n<li>Facile et rapide \u00e0 installer : Les tutoriels en ligne de Crucial, les guides pratiques, les vid\u00e9os et le logiciel de sauvegarde Acronis True Image inclus vous aident \u00e0 installer votre SSD, le d\u00e9finir comme disque de d\u00e9marrage ou migrer vos donn\u00e9es.<\/li>\n<\/ul>\n<\/div>\n<\/section>\n<\/div><\/div>\n","protected":false},"excerpt":{"rendered":"<p>SSD 4 To 3D NAND TLC M.2 2280 NVMe &#8211; PCIe 4.0 x4<\/p>\n","protected":false},"featured_media":216977,"comment_status":"open","ping_status":"closed","template":"","meta":{"_monsterinsights_skip_tracking":false,"_monsterinsights_sitenote_active":false,"_monsterinsights_sitenote_note":"","_monsterinsights_sitenote_category":0},"etheme_brands":[{"term_id":365,"name":"Crucial","slug":"crucial","term_group":0,"term_taxonomy_id":365,"taxonomy":"brand","description":"","parent":0,"count":41,"filter":"raw"}],"product_brand":[],"product_cat":[25],"product_tag":[],"class_list":{"0":"post-216976","1":"product","2":"type-product","3":"status-publish","4":"has-post-thumbnail","6":"brand-crucial","7":"product_cat-ssd-m2","9":"first","10":"instock","11":"taxable","12":"shipping-taxable","13":"purchasable","14":"product-type-simple"},"_links":{"self":[{"href":"https:\/\/electrovideo.eu\/en\/wp-json\/wp\/v2\/product\/216976","targetHints":{"allow":["GET"]}}],"collection":[{"href":"https:\/\/electrovideo.eu\/en\/wp-json\/wp\/v2\/product"}],"about":[{"href":"https:\/\/electrovideo.eu\/en\/wp-json\/wp\/v2\/types\/product"}],"replies":[{"embeddable":true,"href":"https:\/\/electrovideo.eu\/en\/wp-json\/wp\/v2\/comments?post=216976"}],"version-history":[{"count":0,"href":"https:\/\/electrovideo.eu\/en\/wp-json\/wp\/v2\/product\/216976\/revisions"}],"wp:featuredmedia":[{"embeddable":true,"href":"https:\/\/electrovideo.eu\/en\/wp-json\/wp\/v2\/media\/216977"}],"wp:attachment":[{"href":"https:\/\/electrovideo.eu\/en\/wp-json\/wp\/v2\/media?parent=216976"}],"wp:term":[{"taxonomy":"brand","embeddable":true,"href":"https:\/\/electrovideo.eu\/en\/wp-json\/wp\/v2\/etheme_brands?post=216976"},{"taxonomy":"product_brand","embeddable":true,"href":"https:\/\/electrovideo.eu\/en\/wp-json\/wp\/v2\/product_brand?post=216976"},{"taxonomy":"product_cat","embeddable":true,"href":"https:\/\/electrovideo.eu\/en\/wp-json\/wp\/v2\/product_cat?post=216976"},{"taxonomy":"product_tag","embeddable":true,"href":"https:\/\/electrovideo.eu\/en\/wp-json\/wp\/v2\/product_tag?post=216976"}],"curies":[{"name":"wp","href":"https:\/\/api.w.org\/{rel}","templated":true}]}}