{"id":216954,"date":"2025-09-25T01:57:27","date_gmt":"2025-09-24T23:57:27","guid":{"rendered":"https:\/\/electrovideo.eu\/produit\/crucial-p510-2-to-2280\/"},"modified":"2026-04-15T22:40:05","modified_gmt":"2026-04-15T20:40:05","slug":"crucial-p510-2-to-2280","status":"publish","type":"product","link":"https:\/\/electrovideo.eu\/en\/product\/crucial-p510-2-to-2280\/","title":{"rendered":"Crucial P510 2 To 2280"},"content":{"rendered":"<div id=\"description\" class=\"description\">\n<div class=\"details-pdt-desc\">\n<h2 class=\"h2-master\">SSD NVMe PCIe 5.0 hautes performances<\/h2>\n<section>\n<p>Le <strong>SSD NVMe PCIe 5 Crucial P510 <\/strong>est un SSD con\u00e7u pour offrir des <strong>vitesses exceptionnelles<\/strong>, une <strong>grande fiabilit\u00e9<\/strong> et des <strong>performances adapt\u00e9es aux utilisateurs exigeants<\/strong>, qu&#8217;ils soient gamers ou professionnels.<\/p>\n<\/section>\n<section>\n<div class=\"desc-image\"><span><img decoding=\"async\" alt=\"\" loading=\"lazy\" src=\"https:\/\/electrovideo.eu\/wp-content\/uploads\/2025\/09\/crucial_p510_0001.jpg\"><\/span><\/div>\n<div class=\"desc-text\">\n<h2>Pour PC et PC portable<\/h2>\n<p>Le <strong>Crucial P510<\/strong> propose des vitesses de lecture pouvant atteindre <strong>10 000 Mo\/s <\/strong>gr\u00e2ce \u00e0 son <strong>interface PCIe 5.0<\/strong>. Le gain de performance est remarquable par rapport aux SSD PCIe 4.0. Id\u00e9al pour le gaming, la cr\u00e9ation de contenu ou encore le multit\u00e2che intensif, ce SSD <strong>r\u00e9duit les temps de chargement<\/strong> et <strong>optimise la r\u00e9activit\u00e9 du syst\u00e8me<\/strong>. Con\u00e7u avec la <strong>m\u00e9moire NAND G9 TLC Micron<\/strong>, il assure \u00e9galement une excellente endurance et une grande fiabilit\u00e9 sur le long terme.<\/p>\n<\/div>\n<\/section>\n<\/div><\/div>\n","protected":false},"excerpt":{"rendered":"<p>SSD 2 To NAND G9 TLC M.2 2280 NVMe &#8211; PCIe 5.0 x4<\/p>\n","protected":false},"featured_media":216956,"comment_status":"open","ping_status":"closed","template":"","meta":{"_monsterinsights_skip_tracking":false,"_monsterinsights_sitenote_active":false,"_monsterinsights_sitenote_note":"","_monsterinsights_sitenote_category":0},"etheme_brands":[{"term_id":365,"name":"Crucial","slug":"crucial","term_group":0,"term_taxonomy_id":365,"taxonomy":"brand","description":"","parent":0,"count":41,"filter":"raw"}],"product_brand":[],"product_cat":[25],"product_tag":[],"class_list":{"0":"post-216954","1":"product","2":"type-product","3":"status-publish","4":"has-post-thumbnail","6":"brand-crucial","7":"product_cat-ssd-m2","9":"first","10":"instock","11":"taxable","12":"shipping-taxable","13":"purchasable","14":"product-type-simple"},"_links":{"self":[{"href":"https:\/\/electrovideo.eu\/en\/wp-json\/wp\/v2\/product\/216954","targetHints":{"allow":["GET"]}}],"collection":[{"href":"https:\/\/electrovideo.eu\/en\/wp-json\/wp\/v2\/product"}],"about":[{"href":"https:\/\/electrovideo.eu\/en\/wp-json\/wp\/v2\/types\/product"}],"replies":[{"embeddable":true,"href":"https:\/\/electrovideo.eu\/en\/wp-json\/wp\/v2\/comments?post=216954"}],"version-history":[{"count":0,"href":"https:\/\/electrovideo.eu\/en\/wp-json\/wp\/v2\/product\/216954\/revisions"}],"wp:featuredmedia":[{"embeddable":true,"href":"https:\/\/electrovideo.eu\/en\/wp-json\/wp\/v2\/media\/216956"}],"wp:attachment":[{"href":"https:\/\/electrovideo.eu\/en\/wp-json\/wp\/v2\/media?parent=216954"}],"wp:term":[{"taxonomy":"brand","embeddable":true,"href":"https:\/\/electrovideo.eu\/en\/wp-json\/wp\/v2\/etheme_brands?post=216954"},{"taxonomy":"product_brand","embeddable":true,"href":"https:\/\/electrovideo.eu\/en\/wp-json\/wp\/v2\/product_brand?post=216954"},{"taxonomy":"product_cat","embeddable":true,"href":"https:\/\/electrovideo.eu\/en\/wp-json\/wp\/v2\/product_cat?post=216954"},{"taxonomy":"product_tag","embeddable":true,"href":"https:\/\/electrovideo.eu\/en\/wp-json\/wp\/v2\/product_tag?post=216954"}],"curies":[{"name":"wp","href":"https:\/\/api.w.org\/{rel}","templated":true}]}}