{"id":216949,"date":"2025-09-25T01:57:27","date_gmt":"2025-09-24T23:57:27","guid":{"rendered":"https:\/\/electrovideo.eu\/produit\/crucial-t710-1-to-2\/"},"modified":"2026-04-15T22:40:00","modified_gmt":"2026-04-15T20:40:00","slug":"crucial-t710-1-to-2","status":"publish","type":"product","link":"https:\/\/electrovideo.eu\/en\/product\/crucial-t710-1-to-2\/","title":{"rendered":"Crucial T710 1 To"},"content":{"rendered":"<div id=\"description\" class=\"description\">\n<div class=\"details-pdt-desc\">\n<h2 class=\"h2-master\">Crucial T710 : Performances Gen5 de niveau sup\u00e9rieur<\/h2>\n<section>\n<p>Faites compter chaque microseconde avec le<strong> SSD Crucial T710 Gen5 NVMe<\/strong>. Con\u00e7u pour le gaming de haut niveau et pour les applications cr\u00e9atives professionnelles, le T710 acc\u00e9l\u00e8re votre exp\u00e9rience avec des vitesses de lecture\/\u00e9criture s\u00e9quentielles atteignant jusqu&#8217;\u00e0 14 900\/13 800 Mo\/s et jusqu&#8217;\u00e0 2 200 000\/2 300 000 d&#8217;IOPS en lecture\/\u00e9criture al\u00e9atoire (selon le mod\u00e8le).<\/p>\n<p>Le T710 est bas\u00e9 sur la NAND G9 TLC de Micron.&nbsp;La conception simple face \u00e9conome en \u00e9nergie du T710 est id\u00e9ale pour les ordinateurs de bureau comme pour les ordinateurs portables.<br \/>\n&nbsp;<\/p>\n<\/section>\n<section>\n<div class=\"desc-image\"><span><img decoding=\"async\" alt=\"\" loading=\"lazy\" src=\"https:\/\/electrovideo.eu\/wp-content\/uploads\/2025\/09\/802-103.jpg\"><\/span><\/div>\n<div class=\"desc-text\">\n<h2>Points forts<\/h2>\n<ul>\n<li>Performances maximales : Vitesses allant jusqu\u2019\u00e0 14 900\/13 800&nbsp;Mo\/s en lecture\/\u00e9criture s\u00e9quentielle (en fonction des mod\u00e8les)<\/li>\n<li>Firmware optimis\u00e9 par Microsoft DirectStorage<\/li>\n<li>Technologie NAND G9 TCL<\/li>\n<li>R\u00e9trocompatible avec les syst\u00e8mes PCIe 3.0 et PCIe 4.0 (d\u00e9bits r\u00e9duits li\u00e9s \u00e0 l&#8217;interface utilis\u00e9e)<\/li>\n<li>Chiffrement mat\u00e9riel pour la s\u00e9curit\u00e9 du stockage avec TCG Opal&nbsp;2.01+<\/li>\n<\/ul>\n<\/div>\n<\/section>\n<\/div><\/div>\n","protected":false},"excerpt":{"rendered":"<p>SSD 1 To NAND G9 TLC M.2 2280 NVMe &#8211; PCIe 5.0 x4<\/p>\n","protected":false},"featured_media":216951,"comment_status":"open","ping_status":"closed","template":"","meta":{"_monsterinsights_skip_tracking":false,"_monsterinsights_sitenote_active":false,"_monsterinsights_sitenote_note":"","_monsterinsights_sitenote_category":0},"etheme_brands":[{"term_id":365,"name":"Crucial","slug":"crucial","term_group":0,"term_taxonomy_id":365,"taxonomy":"brand","description":"","parent":0,"count":41,"filter":"raw"}],"product_brand":[],"product_cat":[25],"product_tag":[],"class_list":{"0":"post-216949","1":"product","2":"type-product","3":"status-publish","4":"has-post-thumbnail","6":"brand-crucial","7":"product_cat-ssd-m2","9":"first","10":"instock","11":"taxable","12":"shipping-taxable","13":"purchasable","14":"product-type-simple"},"_links":{"self":[{"href":"https:\/\/electrovideo.eu\/en\/wp-json\/wp\/v2\/product\/216949","targetHints":{"allow":["GET"]}}],"collection":[{"href":"https:\/\/electrovideo.eu\/en\/wp-json\/wp\/v2\/product"}],"about":[{"href":"https:\/\/electrovideo.eu\/en\/wp-json\/wp\/v2\/types\/product"}],"replies":[{"embeddable":true,"href":"https:\/\/electrovideo.eu\/en\/wp-json\/wp\/v2\/comments?post=216949"}],"version-history":[{"count":0,"href":"https:\/\/electrovideo.eu\/en\/wp-json\/wp\/v2\/product\/216949\/revisions"}],"wp:featuredmedia":[{"embeddable":true,"href":"https:\/\/electrovideo.eu\/en\/wp-json\/wp\/v2\/media\/216951"}],"wp:attachment":[{"href":"https:\/\/electrovideo.eu\/en\/wp-json\/wp\/v2\/media?parent=216949"}],"wp:term":[{"taxonomy":"brand","embeddable":true,"href":"https:\/\/electrovideo.eu\/en\/wp-json\/wp\/v2\/etheme_brands?post=216949"},{"taxonomy":"product_brand","embeddable":true,"href":"https:\/\/electrovideo.eu\/en\/wp-json\/wp\/v2\/product_brand?post=216949"},{"taxonomy":"product_cat","embeddable":true,"href":"https:\/\/electrovideo.eu\/en\/wp-json\/wp\/v2\/product_cat?post=216949"},{"taxonomy":"product_tag","embeddable":true,"href":"https:\/\/electrovideo.eu\/en\/wp-json\/wp\/v2\/product_tag?post=216949"}],"curies":[{"name":"wp","href":"https:\/\/api.w.org\/{rel}","templated":true}]}}