{"id":216863,"date":"2025-09-25T03:06:06","date_gmt":"2025-09-25T01:06:06","guid":{"rendered":"https:\/\/electrovideo.eu\/produit\/corsair-force-mp600-core-mini-2-to\/"},"modified":"2025-09-25T03:06:06","modified_gmt":"2025-09-25T01:06:06","slug":"corsair-force-mp600-core-mini-2-to","status":"publish","type":"product","link":"https:\/\/electrovideo.eu\/en\/product\/corsair-force-mp600-core-mini-2-to\/","title":{"rendered":"Corsair Force MP600 CORE MINI 2 To"},"content":{"rendered":"<div id=\"description\" class=\"description\">\n<div class=\"details-pdt-desc\">\n<h2 class=\"h2-master\">Corsair MP600 CORE MINI<\/h2>\n<section>\n<p>Bas\u00e9 sur le standard PCI-Express 4.0 et interfac\u00e9 en x4, le<strong> <\/strong><strong>SSD Corsair Force MP600 CORE MINI<\/strong> propose des vitesses ultrarapides pouvant atteindre <strong>5000 Mo\/s en lecture<\/strong> et <strong>3800 Mo\/s en \u00e9criture<\/strong>. Au <strong>format M.2 2230<\/strong> et <strong>compatible NVMe 1.4<\/strong>, il embarque de la <strong>m\u00e9moire NAND 3D QLC<\/strong> haute densit\u00e9. <strong>Compatible Steam Deck et ASUS ROG Ally<\/strong>, il est \u00e9galement id\u00e9al pour les PC et PC Portables Gaming et Power User.<\/p>\n<\/section>\n<section>\n<div class=\"desc-image\"><span><img decoding=\"async\" alt=\"\" loading=\"lazy\" src=\"https:\/\/electrovideo.eu\/wp-content\/uploads\/2025\/09\/corsair_mp_core_mini_001.jpg\"><\/span><\/div>\n<div class=\"desc-text\">\n<h2>Caract\u00e9ristiques principales<\/h2>\n<ul>\n<li><strong>Format compact M.2 2230<\/strong>&nbsp;: <strong>Enti\u00e8rement compatible avec les appareils Valve Steam Deck, ASUS ROG Ally, Microsoft Surface <\/strong>et autres mod\u00e8les ultrafins, offrant une mise \u00e0 niveau id\u00e9ale pour ces machines.<\/li>\n<li>Performances de stockage exceptionnelles : Un contr\u00f4leur PCIe 4.0 x4 offre des temps de lecture, d\u2019\u00e9criture et de r\u00e9ponse exceptionnels qui font mordre la poussi\u00e8re aux disques SSD M.2 standards.<\/li>\n<li>Votre PC passe \u00e0 la vitesse grand V : Que ce soit pour lancer vos jeux et Windows ou pour ouvrir et transf\u00e9rer des fichiers, votre ordinateur est plus rapide que jamais.<\/li>\n<li>Interface PCIe 4.0 NVMe 1.4 haute vitesse : Utilisant la technologie NVMe 1.4 PCIe 4.0 pour une bande passante maximale, le MP600 MINI offre des performances de stockage incroyables.<\/li>\n<\/ul>\n<\/div>\n<\/section>\n<\/div><\/div>\n","protected":false},"excerpt":{"rendered":"<p>Disque SSD 2 To NAND 3D QLC M.2 2230 PCI-E 4.0 4x NVMe 1.4 compatible Steam Deck et ASUS ROG Ally<\/p>\n","protected":false},"featured_media":216865,"comment_status":"open","ping_status":"closed","template":"","meta":{"_monsterinsights_skip_tracking":false,"_monsterinsights_sitenote_active":false,"_monsterinsights_sitenote_note":"","_monsterinsights_sitenote_category":0},"etheme_brands":[{"term_id":43,"name":"Corsair","slug":"corsair","term_group":0,"term_taxonomy_id":43,"taxonomy":"brand","description":"","parent":0,"count":182,"filter":"raw"}],"product_brand":[],"product_cat":[25],"product_tag":[],"class_list":{"0":"post-216863","1":"product","2":"type-product","3":"status-publish","4":"has-post-thumbnail","6":"brand-corsair","7":"product_cat-ssd-m2","9":"first","10":"instock","11":"taxable","12":"shipping-taxable","13":"purchasable","14":"product-type-simple"},"_links":{"self":[{"href":"https:\/\/electrovideo.eu\/en\/wp-json\/wp\/v2\/product\/216863","targetHints":{"allow":["GET"]}}],"collection":[{"href":"https:\/\/electrovideo.eu\/en\/wp-json\/wp\/v2\/product"}],"about":[{"href":"https:\/\/electrovideo.eu\/en\/wp-json\/wp\/v2\/types\/product"}],"replies":[{"embeddable":true,"href":"https:\/\/electrovideo.eu\/en\/wp-json\/wp\/v2\/comments?post=216863"}],"version-history":[{"count":0,"href":"https:\/\/electrovideo.eu\/en\/wp-json\/wp\/v2\/product\/216863\/revisions"}],"wp:featuredmedia":[{"embeddable":true,"href":"https:\/\/electrovideo.eu\/en\/wp-json\/wp\/v2\/media\/216865"}],"wp:attachment":[{"href":"https:\/\/electrovideo.eu\/en\/wp-json\/wp\/v2\/media?parent=216863"}],"wp:term":[{"taxonomy":"brand","embeddable":true,"href":"https:\/\/electrovideo.eu\/en\/wp-json\/wp\/v2\/etheme_brands?post=216863"},{"taxonomy":"product_brand","embeddable":true,"href":"https:\/\/electrovideo.eu\/en\/wp-json\/wp\/v2\/product_brand?post=216863"},{"taxonomy":"product_cat","embeddable":true,"href":"https:\/\/electrovideo.eu\/en\/wp-json\/wp\/v2\/product_cat?post=216863"},{"taxonomy":"product_tag","embeddable":true,"href":"https:\/\/electrovideo.eu\/en\/wp-json\/wp\/v2\/product_tag?post=216863"}],"curies":[{"name":"wp","href":"https:\/\/api.w.org\/{rel}","templated":true}]}}