{"id":216839,"date":"2025-09-25T03:12:11","date_gmt":"2025-09-25T01:12:11","guid":{"rendered":"https:\/\/electrovideo.eu\/produit\/corsair-mp600-elite-4-to-avec-dissipateur\/"},"modified":"2025-09-25T03:12:11","modified_gmt":"2025-09-25T01:12:11","slug":"corsair-mp600-elite-4-to-avec-dissipateur","status":"publish","type":"product","link":"https:\/\/electrovideo.eu\/en\/product\/corsair-mp600-elite-4-to-avec-dissipateur\/","title":{"rendered":"Corsair MP600 ELITE 4 To Avec dissipateur"},"content":{"rendered":"<div id=\"description\" class=\"description\">\n<div class=\"details-pdt-desc\">\n<h2 class=\"h2-master\">Corsair MP600 ELITE : SSD aux vitesses 4.0<\/h2>\n<section>\n<p>Bas\u00e9 sur le standard PCI-Express 4.0 et interfac\u00e9 en x4, le<strong> <\/strong><strong>SSD Corsair Force MP600 ELITE<\/strong> propose des vitesses ultrarapides pouvant atteindre <strong>7000 Mo\/s en lecture<\/strong> et <strong>6500 Mo\/s en \u00e9criture<\/strong> (suivant les mod\u00e8les). Au <strong>format M.2 2280<\/strong>, il est donc compatible avec l&#8217;immense majorit\u00e9 des cartes m\u00e8res et ordinateurs portable actuels. Embarquant de la <strong>m\u00e9moire NAND 3D TLC<\/strong> haute densit\u00e9, ce SSD MP600 ELITE permet d&#8217;associer performances et endurance.<\/p>\n<\/section>\n<section>\n<div class=\"desc-image\"><span><img decoding=\"async\" alt=\"\" loading=\"lazy\" src=\"https:\/\/electrovideo.eu\/wp-content\/uploads\/2025\/09\/corsair_mp600_lite_avec_dissipateur.jpg\"><\/span><\/div>\n<div class=\"desc-text\">\n<h2>Caract\u00e9ristiques principales<\/h2>\n<ul>\n<li>Performances de stockage exceptionnelles : Un contr\u00f4leur PCIe 4.0 x4 offre des temps de lecture, d\u2019\u00e9criture et de r\u00e9ponse exceptionnels qui font mordre la poussi\u00e8re aux disques SSD M.2 standards.<\/li>\n<li>Votre PC passe \u00e0 la vitesse grand V : Que ce soit pour lancer vos jeux et Windows ou pour ouvrir et transf\u00e9rer des fichiers, votre ordinateur est plus rapide que jamais.<\/li>\n<li>Interface PCIe 4.0&nbsp; haute vitesse : Utilisant la technologie PCIe 4.0 x4 pour une bande passante maximale, le MP600 ELITE offre des performances de stockage incroyables.<\/li>\n<li>NAND 3 TLC haute densit\u00e9 : Elle associe performances et endurance pour un disque amen\u00e9 \u00e0 durer et bien fonctionner pendant de nombreuses ann\u00e9es.<\/li>\n<\/ul>\n<\/div>\n<\/section>\n<\/div><\/div>\n","protected":false},"excerpt":{"rendered":"<p>Disque SSD 4 To NAND 3D TLC M.2 2280 PCIe 4.0 4x<\/p>\n","protected":false},"featured_media":216840,"comment_status":"open","ping_status":"closed","template":"","meta":{"_monsterinsights_skip_tracking":false,"_monsterinsights_sitenote_active":false,"_monsterinsights_sitenote_note":"","_monsterinsights_sitenote_category":0},"etheme_brands":[{"term_id":43,"name":"Corsair","slug":"corsair","term_group":0,"term_taxonomy_id":43,"taxonomy":"brand","description":"","parent":0,"count":182,"filter":"raw"}],"product_brand":[],"product_cat":[25],"product_tag":[],"class_list":{"0":"post-216839","1":"product","2":"type-product","3":"status-publish","4":"has-post-thumbnail","6":"brand-corsair","7":"product_cat-ssd-m2","9":"first","10":"instock","11":"taxable","12":"shipping-taxable","13":"purchasable","14":"product-type-simple"},"_links":{"self":[{"href":"https:\/\/electrovideo.eu\/en\/wp-json\/wp\/v2\/product\/216839","targetHints":{"allow":["GET"]}}],"collection":[{"href":"https:\/\/electrovideo.eu\/en\/wp-json\/wp\/v2\/product"}],"about":[{"href":"https:\/\/electrovideo.eu\/en\/wp-json\/wp\/v2\/types\/product"}],"replies":[{"embeddable":true,"href":"https:\/\/electrovideo.eu\/en\/wp-json\/wp\/v2\/comments?post=216839"}],"version-history":[{"count":0,"href":"https:\/\/electrovideo.eu\/en\/wp-json\/wp\/v2\/product\/216839\/revisions"}],"wp:featuredmedia":[{"embeddable":true,"href":"https:\/\/electrovideo.eu\/en\/wp-json\/wp\/v2\/media\/216840"}],"wp:attachment":[{"href":"https:\/\/electrovideo.eu\/en\/wp-json\/wp\/v2\/media?parent=216839"}],"wp:term":[{"taxonomy":"brand","embeddable":true,"href":"https:\/\/electrovideo.eu\/en\/wp-json\/wp\/v2\/etheme_brands?post=216839"},{"taxonomy":"product_brand","embeddable":true,"href":"https:\/\/electrovideo.eu\/en\/wp-json\/wp\/v2\/product_brand?post=216839"},{"taxonomy":"product_cat","embeddable":true,"href":"https:\/\/electrovideo.eu\/en\/wp-json\/wp\/v2\/product_cat?post=216839"},{"taxonomy":"product_tag","embeddable":true,"href":"https:\/\/electrovideo.eu\/en\/wp-json\/wp\/v2\/product_tag?post=216839"}],"curies":[{"name":"wp","href":"https:\/\/api.w.org\/{rel}","templated":true}]}}