{"id":216834,"date":"2025-09-25T03:12:11","date_gmt":"2025-09-25T01:12:11","guid":{"rendered":"https:\/\/electrovideo.eu\/produit\/corsair-mp700-elite-2-to\/"},"modified":"2026-04-15T22:44:17","modified_gmt":"2026-04-15T20:44:17","slug":"corsair-mp700-elite-2-to","status":"publish","type":"product","link":"https:\/\/electrovideo.eu\/en\/product\/corsair-mp700-elite-2-to\/","title":{"rendered":"Corsair MP700 ELITE 2 To"},"content":{"rendered":"<div id=\"description\" class=\"description\">\n<div class=\"details-pdt-desc\">\n<h2 class=\"h2-master\">Corsair MP700 ELITE : SSD M.2 PCIe 5.0 hautes performances<\/h2>\n<section>\n<p>D\u00e9couvrez la fluidit\u00e9 et la rapidit\u00e9 li\u00e9es au <strong>stockage PCIe 5.0<\/strong> gr\u00e2ce au <strong>SSD Corsair MP700 ELITE<\/strong> au format M.2 2280. Une fois install\u00e9 dans votre PC ou PC portable, votre syst\u00e8me est catapult\u00e9 dans une nouvelle \u00e8re avec des vitesses de lecture s\u00e9quentielle de 10 000 Mo\/s et d\u2019\u00e9criture s\u00e9quentielle de 8 500 Mo\/s (<em>suivant les mod\u00e8les<\/em>). L\u2019interface NVMe 2.0 et la m\u00e9moire flash TLC NAND 3D haute densit\u00e9 offrent performances et long\u00e9vit\u00e9 accrues.<\/p>\n<\/section>\n<section>\n<div class=\"desc-image\"><span><img decoding=\"async\" alt=\"\" loading=\"lazy\" src=\"https:\/\/electrovideo.eu\/wp-content\/uploads\/2025\/09\/corsair_mp700_elite.jpg\"><\/span><\/div>\n<div class=\"desc-text\">\n<h2>Points forts<\/h2>\n<ul>\n<li><strong>Votre PC \u00e0 la vitesse grand V<\/strong> : Lancez votre PC, chargez vos jeux et g\u00e9rez de gros fichiers \u00e0 une vitesse fulgurante avec des d\u00e9bits jusqu\u2019\u00e0 10 000 Mo\/s en lecture s\u00e9quentielle et 8 500 Mo\/s en \u00e9criture s\u00e9quentielle. (<em>en fonction des mod\u00e8les<\/em>)<\/li>\n<li><strong>Performances 5.0 avec NVMe 2.0<\/strong> : L&#8217;interface PCIe 5.0 x4 s\u2019associe \u00e0 la norme NVMe 2.0&nbsp; pour permettre des transferts de donn\u00e9es \u00e0 haute vitesse et des performances de premier ordre.<\/li>\n<li>Puces m\u00e9moire NAND 3D TLC de haute densit\u00e9 qui offrent une combinaison id\u00e9ale entre performances et endurance pour permettre \u00e0 votre SSD de fonctionner au maximum de ses capacit\u00e9s pendant des ann\u00e9es.<\/li>\n<li>La compatibilit\u00e9 avec Microsoft DirectStorage permet au SSD Corsair MP700 ELITE de communiquer directement avec votre carte graphique lorsque vous jouez \u00e0 des jeux compatibles, pour des vitesses de chargement encore plus rapides.<\/li>\n<li>Logiciel Corsair SSD Toolbox qui un contr\u00f4le avanc\u00e9 du disque depuis votre ordinateur, notamment l\u2019effacement s\u00e9curis\u00e9 et les mises \u00e0 jour du micrologiciel.<\/li>\n<li>R\u00e9trocompatibilit\u00e9 avec les interfaces PCIe 4.0 et 3.0 (<em>avec d\u00e9bits limit\u00e9s par l&#8217;interface h\u00f4te<\/em>)<\/li>\n<\/ul>\n<\/div>\n<\/section>\n<\/div><\/div>\n","protected":false},"excerpt":{"rendered":"<p>Disque SSD 2 To NAND 3D TLC M.2 2280 PCI-E 5.0 4x NVMe 2.0<\/p>\n","protected":false},"featured_media":216835,"comment_status":"open","ping_status":"closed","template":"","meta":{"_monsterinsights_skip_tracking":false,"_monsterinsights_sitenote_active":false,"_monsterinsights_sitenote_note":"","_monsterinsights_sitenote_category":0},"etheme_brands":[{"term_id":43,"name":"Corsair","slug":"corsair","term_group":0,"term_taxonomy_id":43,"taxonomy":"brand","description":"","parent":0,"count":182,"filter":"raw"}],"product_brand":[],"product_cat":[25],"product_tag":[],"class_list":{"0":"post-216834","1":"product","2":"type-product","3":"status-publish","4":"has-post-thumbnail","6":"brand-corsair","7":"product_cat-ssd-m2","9":"first","10":"instock","11":"taxable","12":"shipping-taxable","13":"purchasable","14":"product-type-simple"},"_links":{"self":[{"href":"https:\/\/electrovideo.eu\/en\/wp-json\/wp\/v2\/product\/216834","targetHints":{"allow":["GET"]}}],"collection":[{"href":"https:\/\/electrovideo.eu\/en\/wp-json\/wp\/v2\/product"}],"about":[{"href":"https:\/\/electrovideo.eu\/en\/wp-json\/wp\/v2\/types\/product"}],"replies":[{"embeddable":true,"href":"https:\/\/electrovideo.eu\/en\/wp-json\/wp\/v2\/comments?post=216834"}],"version-history":[{"count":0,"href":"https:\/\/electrovideo.eu\/en\/wp-json\/wp\/v2\/product\/216834\/revisions"}],"wp:featuredmedia":[{"embeddable":true,"href":"https:\/\/electrovideo.eu\/en\/wp-json\/wp\/v2\/media\/216835"}],"wp:attachment":[{"href":"https:\/\/electrovideo.eu\/en\/wp-json\/wp\/v2\/media?parent=216834"}],"wp:term":[{"taxonomy":"brand","embeddable":true,"href":"https:\/\/electrovideo.eu\/en\/wp-json\/wp\/v2\/etheme_brands?post=216834"},{"taxonomy":"product_brand","embeddable":true,"href":"https:\/\/electrovideo.eu\/en\/wp-json\/wp\/v2\/product_brand?post=216834"},{"taxonomy":"product_cat","embeddable":true,"href":"https:\/\/electrovideo.eu\/en\/wp-json\/wp\/v2\/product_cat?post=216834"},{"taxonomy":"product_tag","embeddable":true,"href":"https:\/\/electrovideo.eu\/en\/wp-json\/wp\/v2\/product_tag?post=216834"}],"curies":[{"name":"wp","href":"https:\/\/api.w.org\/{rel}","templated":true}]}}