{"id":216812,"date":"2025-09-25T03:18:26","date_gmt":"2025-09-25T01:18:26","guid":{"rendered":"https:\/\/electrovideo.eu\/produit\/textorm-bm40-m-2-2280-pcie-nvme-1920-go\/"},"modified":"2025-09-25T03:18:26","modified_gmt":"2025-09-25T01:18:26","slug":"textorm-bm40-m-2-2280-pcie-nvme-1920-go","status":"publish","type":"product","link":"https:\/\/electrovideo.eu\/en\/product\/textorm-bm40-m-2-2280-pcie-nvme-1920-go\/","title":{"rendered":"Textorm BM40 M.2 2280 PCIE NVME 1920 Go"},"content":{"rendered":"<div id=\"description\" class=\"description\">\n<div class=\"details-pdt-desc\">\n<h2 class=\"h2-master\">Des vitesses fulgurantes \u00e0 prix accessible<\/h2>\n<section>\n<p>Le <strong>SSD Textorm BM40 de 1920 Go <\/strong>au <strong>format M.2 2280<\/strong>&nbsp;est id\u00e9al pour mettre \u00e0 niveau un PC ou un PC portable compatible. Rapide et fiable, ce <strong>SSD Textorm<\/strong> est abordable et performant. Son <strong>format M.2 2280<\/strong> et son<strong> interface PCIe 4.0 x4<\/strong> permettent de l&#8217;int\u00e9grer facilement. Bas\u00e9 sur une m\u00e9moire NAND Flash 3D QLC, il vous permettra de booster significativement les performances de votre syst\u00e8me pour un prix tr\u00e8s attractif.<\/p>\n<\/section>\n<section>\n<div class=\"desc-image\"><span><img decoding=\"async\" alt=\"\" loading=\"lazy\" src=\"https:\/\/electrovideo.eu\/wp-content\/uploads\/2025\/09\/textorm_ssd_bm40_001.jpg\"><\/span><\/div>\n<div class=\"desc-text\">\n<h2>SSD PCI-E 4.0 NVMe<\/h2>\n<p>Profitez des avantages de l&#8217;<strong>interface PCI-E 4.0 4x compatible NVMe<\/strong> pour booster les performances de votre machine. La technologie <strong>NVMe<\/strong>, pour <em>Non-Volatile Memory express<\/em>, optimise la communication entre le support de stockage et le BUS PCI-E de la machine h\u00f4te afin de r\u00e9duire les latences et d&#8217;am\u00e9liorer l&#8217;utilisation de la bande passante. L&#8217;exploitation optimale des capacit\u00e9s de l&#8217;interface PCI-E permet d&#8217;atteindre des taux de transfert tr\u00e8s \u00e9lev\u00e9s en lecture comme en \u00e9criture.&nbsp;&nbsp;<\/p>\n<\/div>\n<\/section>\n<section>\n<h2>Caract\u00e9ristiques principales :<\/h2>\n<ul>\n<li><strong>SSD M.2 2280 PCIe NVMe m\u00e9moire NAND 3D&nbsp;QLC<\/strong><\/li>\n<li><strong>Capacit\u00e9 : 1920 Go<\/strong><\/li>\n<li>Vitesse de lecture : 4800 Mo\/s<\/li>\n<li>Vitesse d&#8217;\u00e9criture : 4400 Mo\/s<\/li>\n<\/ul>\n<\/section>\n<\/div><\/div>\n","protected":false},"excerpt":{"rendered":"<p>SSD 1920 Go NAND 3D QLC M.2 2280 PCI-E 4.0 4x NVMe<\/p>\n","protected":false},"featured_media":216814,"comment_status":"open","ping_status":"closed","template":"","meta":{"_monsterinsights_skip_tracking":false,"_monsterinsights_sitenote_active":false,"_monsterinsights_sitenote_note":"","_monsterinsights_sitenote_category":0},"etheme_brands":[{"term_id":388,"name":"Textorm","slug":"textorm","term_group":0,"term_taxonomy_id":388,"taxonomy":"brand","description":"","parent":0,"count":14,"filter":"raw"}],"product_brand":[],"product_cat":[25],"product_tag":[],"class_list":{"0":"post-216812","1":"product","2":"type-product","3":"status-publish","4":"has-post-thumbnail","6":"brand-textorm","7":"product_cat-ssd-m2","9":"first","10":"instock","11":"taxable","12":"shipping-taxable","13":"purchasable","14":"product-type-simple"},"_links":{"self":[{"href":"https:\/\/electrovideo.eu\/en\/wp-json\/wp\/v2\/product\/216812","targetHints":{"allow":["GET"]}}],"collection":[{"href":"https:\/\/electrovideo.eu\/en\/wp-json\/wp\/v2\/product"}],"about":[{"href":"https:\/\/electrovideo.eu\/en\/wp-json\/wp\/v2\/types\/product"}],"replies":[{"embeddable":true,"href":"https:\/\/electrovideo.eu\/en\/wp-json\/wp\/v2\/comments?post=216812"}],"version-history":[{"count":0,"href":"https:\/\/electrovideo.eu\/en\/wp-json\/wp\/v2\/product\/216812\/revisions"}],"wp:featuredmedia":[{"embeddable":true,"href":"https:\/\/electrovideo.eu\/en\/wp-json\/wp\/v2\/media\/216814"}],"wp:attachment":[{"href":"https:\/\/electrovideo.eu\/en\/wp-json\/wp\/v2\/media?parent=216812"}],"wp:term":[{"taxonomy":"brand","embeddable":true,"href":"https:\/\/electrovideo.eu\/en\/wp-json\/wp\/v2\/etheme_brands?post=216812"},{"taxonomy":"product_brand","embeddable":true,"href":"https:\/\/electrovideo.eu\/en\/wp-json\/wp\/v2\/product_brand?post=216812"},{"taxonomy":"product_cat","embeddable":true,"href":"https:\/\/electrovideo.eu\/en\/wp-json\/wp\/v2\/product_cat?post=216812"},{"taxonomy":"product_tag","embeddable":true,"href":"https:\/\/electrovideo.eu\/en\/wp-json\/wp\/v2\/product_tag?post=216812"}],"curies":[{"name":"wp","href":"https:\/\/api.w.org\/{rel}","templated":true}]}}