{"id":216781,"date":"2025-09-25T03:18:26","date_gmt":"2025-09-25T01:18:26","guid":{"rendered":"https:\/\/electrovideo.eu\/produit\/lenovo-thinksystem-2-5-5400-pro-480gb-read-intensive-sata-6gb-hs-ssd-4xb7a82259\/"},"modified":"2026-04-15T22:44:35","modified_gmt":"2026-04-15T20:44:35","slug":"lenovo-thinksystem-2-5-5400-pro-480gb-read-intensive-sata-6gb-hs-ssd-4xb7a82259","status":"publish","type":"product","link":"https:\/\/electrovideo.eu\/en\/product\/lenovo-thinksystem-2-5-5400-pro-480gb-read-intensive-sata-6gb-hs-ssd-4xb7a82259\/","title":{"rendered":"Lenovo ThinkSystem 2.5&#8243; 5400 PRO 480GB Read Intensive SATA 6Gb HS SSD (4XB7A82259)"},"content":{"rendered":"<div id=\"description\" class=\"description\">\n<div class=\"details-pdt-desc\">\n<h2 class=\"h2-master\">Performance et fiabilit\u00e9 en lecture intensive<\/h2>\n<section>\n<p>Les SSD SATA 6 Gb \u00e0 lecture intensive ThinkSystem 5400 PRO sont des SSD auto-chiffrants (SED) polyvalents bas\u00e9s sur la plate-forme Micron 5400 PRO et sont disponibles dans des capacit\u00e9s allant de 240 Go \u00e0 7,86 To. Ils sont con\u00e7us pour offrir de hautes performances et une grande endurance dans un design rentable, afin de supporter des charges de travail lourdes.<br \/>\n&nbsp;<\/p>\n<\/section>\n<section class=\"list\">\n<h2>Caract\u00e9ristiques principales :<\/h2>\n<ul>\n<li>Facteur de forme 2.5 pouces<\/li>\n<li>Interface h\u00f4te SATA \u00e0 6 Gbps<\/li>\n<li>Conforme \u00e0 la norme cryptographique Trusted Computing Group Enterprise Security Subsystem Class (TCG Enterprise SSC)<\/li>\n<li>Prise en charge de la fonctionnalit\u00e9 SafeStore Self Encrypting Drive (SED) des adaptateurs RAID ThinkSystem<\/li>\n<li>M\u00e9moire flash 3D TLC NAND de nouvelle g\u00e9n\u00e9ration \u00e0 176 couches<\/li>\n<li>Convient aux charges de travail intensives en lecture avec une endurance allant jusqu&#8217;\u00e0 1,5 \u00e9criture compl\u00e8te par jour (DWPD) pendant 5 ans<\/li>\n<li>Fiabilit\u00e9 \u00e9lev\u00e9e et robustesse renforc\u00e9e<\/li>\n<li>Absence de pi\u00e8ces mobiles pour r\u00e9duire les points de d\u00e9faillance potentiels dans le serveur<\/li>\n<li>Prise en charge S.M.A.R.T.<\/li>\n<li>Cryptage Advanced Encrypting Standard (AES) 256 bits<\/li>\n<li>Prise en charge de l&#8217;effacement cryptographique Sanitize<\/li>\n<li>Chemins de donn\u00e9es internes \u00e0 parit\u00e9 v\u00e9rifi\u00e9e sans cache d&#8217;\u00e9criture externe<\/li>\n<li>Gestion des donn\u00e9es en cas de perte d&#8217;\u00e9nergie sans avoir recours \u00e0 un supercondensateur<\/li>\n<\/ul>\n<\/section>\n<\/div><\/div>\n","protected":false},"excerpt":{"rendered":"<p>SSD 480 Go TLC 2.5&#8243; SATA 6 Gbps pour serveur Lenovo ThinkSystem<\/p>\n","protected":false},"featured_media":216782,"comment_status":"open","ping_status":"closed","template":"","meta":{"_monsterinsights_skip_tracking":false,"_monsterinsights_sitenote_active":false,"_monsterinsights_sitenote_note":"","_monsterinsights_sitenote_category":0},"etheme_brands":[{"term_id":4412,"name":"Lenovo","slug":"lenovo-en","term_group":0,"term_taxonomy_id":4412,"taxonomy":"brand","description":"","parent":0,"count":29,"filter":"raw"}],"product_brand":[],"product_cat":[25],"product_tag":[],"class_list":{"0":"post-216781","1":"product","2":"type-product","3":"status-publish","4":"has-post-thumbnail","6":"brand-lenovo-en","7":"product_cat-ssd-m2","9":"first","10":"instock","11":"taxable","12":"shipping-taxable","13":"purchasable","14":"product-type-simple"},"_links":{"self":[{"href":"https:\/\/electrovideo.eu\/en\/wp-json\/wp\/v2\/product\/216781","targetHints":{"allow":["GET"]}}],"collection":[{"href":"https:\/\/electrovideo.eu\/en\/wp-json\/wp\/v2\/product"}],"about":[{"href":"https:\/\/electrovideo.eu\/en\/wp-json\/wp\/v2\/types\/product"}],"replies":[{"embeddable":true,"href":"https:\/\/electrovideo.eu\/en\/wp-json\/wp\/v2\/comments?post=216781"}],"version-history":[{"count":0,"href":"https:\/\/electrovideo.eu\/en\/wp-json\/wp\/v2\/product\/216781\/revisions"}],"wp:featuredmedia":[{"embeddable":true,"href":"https:\/\/electrovideo.eu\/en\/wp-json\/wp\/v2\/media\/216782"}],"wp:attachment":[{"href":"https:\/\/electrovideo.eu\/en\/wp-json\/wp\/v2\/media?parent=216781"}],"wp:term":[{"taxonomy":"brand","embeddable":true,"href":"https:\/\/electrovideo.eu\/en\/wp-json\/wp\/v2\/etheme_brands?post=216781"},{"taxonomy":"product_brand","embeddable":true,"href":"https:\/\/electrovideo.eu\/en\/wp-json\/wp\/v2\/product_brand?post=216781"},{"taxonomy":"product_cat","embeddable":true,"href":"https:\/\/electrovideo.eu\/en\/wp-json\/wp\/v2\/product_cat?post=216781"},{"taxonomy":"product_tag","embeddable":true,"href":"https:\/\/electrovideo.eu\/en\/wp-json\/wp\/v2\/product_tag?post=216781"}],"curies":[{"name":"wp","href":"https:\/\/api.w.org\/{rel}","templated":true}]}}