{"id":216779,"date":"2025-09-25T03:18:26","date_gmt":"2025-09-25T01:18:26","guid":{"rendered":"https:\/\/electrovideo.eu\/produit\/lenovo-thinksystem-ssd-1-92-to-2-5-sata-6gb-s-4xb7a38274\/"},"modified":"2025-09-25T03:18:26","modified_gmt":"2025-09-25T01:18:26","slug":"lenovo-thinksystem-ssd-1-92-to-2-5-sata-6gb-s-4xb7a38274","status":"publish","type":"product","link":"https:\/\/electrovideo.eu\/en\/product\/lenovo-thinksystem-ssd-1-92-to-2-5-sata-6gb-s-4xb7a38274\/","title":{"rendered":"Lenovo ThinkSystem SSD 1.92 To 2.5&#8243; SATA 6Gb\/s (4XB7A38274)"},"content":{"rendered":"<div id=\"description\" class=\"description\">\n<h2>Fonctionnement performant pour ThinkSystem<\/h2>\n<p>\nCe SSD Lenovo ThinkSystem au format 2.5 pouces, d&#8217;une capacit\u00e9 de 1.92 To, offre d&#8217;excellentes performances en lecture comme en \u00e9criture. Un achat id\u00e9al pour les serveurs destin\u00e9s \u00e0 des applications n\u00e9cessitant une lecture intensive.<br \/>\n&nbsp;<\/p>\n<h2>Caract\u00e9ristiques principales :<\/h2>\n<p>&nbsp;<\/p>\n<ul>\n<li><strong>Interface SATA 6 Gb\/s<\/strong><\/li>\n<li>Format 2.5&#8243;<\/li>\n<li>Capacit\u00e9 : 1.92 To<\/li>\n<\/ul><\/div>\n","protected":false},"excerpt":{"rendered":"<p>SSD 1.92 To TLC 2.5&#8243; SATA 6 Gbps pour serveur Lenovo ThinkSystem<\/p>\n","protected":false},"featured_media":216780,"comment_status":"open","ping_status":"closed","template":"","meta":{"_monsterinsights_skip_tracking":false,"_monsterinsights_sitenote_active":false,"_monsterinsights_sitenote_note":"","_monsterinsights_sitenote_category":0},"etheme_brands":[{"term_id":4412,"name":"Lenovo","slug":"lenovo-en","term_group":0,"term_taxonomy_id":4412,"taxonomy":"brand","description":"","parent":0,"count":29,"filter":"raw"}],"product_brand":[],"product_cat":[25],"product_tag":[],"class_list":{"0":"post-216779","1":"product","2":"type-product","3":"status-publish","4":"has-post-thumbnail","6":"brand-lenovo-en","7":"product_cat-ssd-m2","9":"first","10":"instock","11":"taxable","12":"shipping-taxable","13":"purchasable","14":"product-type-simple"},"_links":{"self":[{"href":"https:\/\/electrovideo.eu\/en\/wp-json\/wp\/v2\/product\/216779","targetHints":{"allow":["GET"]}}],"collection":[{"href":"https:\/\/electrovideo.eu\/en\/wp-json\/wp\/v2\/product"}],"about":[{"href":"https:\/\/electrovideo.eu\/en\/wp-json\/wp\/v2\/types\/product"}],"replies":[{"embeddable":true,"href":"https:\/\/electrovideo.eu\/en\/wp-json\/wp\/v2\/comments?post=216779"}],"version-history":[{"count":0,"href":"https:\/\/electrovideo.eu\/en\/wp-json\/wp\/v2\/product\/216779\/revisions"}],"wp:featuredmedia":[{"embeddable":true,"href":"https:\/\/electrovideo.eu\/en\/wp-json\/wp\/v2\/media\/216780"}],"wp:attachment":[{"href":"https:\/\/electrovideo.eu\/en\/wp-json\/wp\/v2\/media?parent=216779"}],"wp:term":[{"taxonomy":"brand","embeddable":true,"href":"https:\/\/electrovideo.eu\/en\/wp-json\/wp\/v2\/etheme_brands?post=216779"},{"taxonomy":"product_brand","embeddable":true,"href":"https:\/\/electrovideo.eu\/en\/wp-json\/wp\/v2\/product_brand?post=216779"},{"taxonomy":"product_cat","embeddable":true,"href":"https:\/\/electrovideo.eu\/en\/wp-json\/wp\/v2\/product_cat?post=216779"},{"taxonomy":"product_tag","embeddable":true,"href":"https:\/\/electrovideo.eu\/en\/wp-json\/wp\/v2\/product_tag?post=216779"}],"curies":[{"name":"wp","href":"https:\/\/api.w.org\/{rel}","templated":true}]}}