{"id":216777,"date":"2025-09-25T03:18:26","date_gmt":"2025-09-25T01:18:26","guid":{"rendered":"https:\/\/electrovideo.eu\/produit\/corsair-force-mp600-core-xt-r2-2-to\/"},"modified":"2025-09-25T03:18:26","modified_gmt":"2025-09-25T01:18:26","slug":"corsair-force-mp600-core-xt-r2-2-to","status":"publish","type":"product","link":"https:\/\/electrovideo.eu\/en\/product\/corsair-force-mp600-core-xt-r2-2-to\/","title":{"rendered":"Corsair Force MP600 CORE XT R2 2 To"},"content":{"rendered":"<div id=\"description\" class=\"description\">\n<div class=\"details-pdt-desc\">\n<h2 class=\"h2-master\">Corsair MP600 CORE XT R2 : SSD M.2 PCIe 4.0 x4 NVMe 1.4 NAND 3D QLC<\/h2>\n<section>\n<p>Le disque <strong>SSD M.2 NVMe PCIe 4.0 x4 Corsair MP600 CORE XT R2<\/strong> offre des performances de stockage exceptionnelles, avec des vitesses de lecture s\u00e9quentielle jusqu\u2019\u00e0 5 900 Mo\/s et des vitesses d\u2019\u00e9criture s\u00e9quentielle jusqu\u2019\u00e0 5 000 Mo\/s (<em>suivant les mod\u00e8les<\/em>). La <strong>m\u00e9moire Flash QLC NAND 3D<\/strong> haute densit\u00e9 combine id\u00e9alement performance et bon rapport qualit\u00e9\/prix.<\/p>\n<\/section>\n<section>\n<div class=\"desc-image\"><span><img decoding=\"async\" alt=\"\" loading=\"lazy\" src=\"https:\/\/electrovideo.eu\/wp-content\/uploads\/2025\/09\/corsair_mp600_core_xt.jpg\"><\/span><\/div>\n<div class=\"desc-text\">\n<h2>Caract\u00e9ristiques principales<\/h2>\n<ul>\n<li>Le contr\u00f4leur PCIe 4.0 x4 offre des vitesses de lecture s\u00e9quentielle allant jusqu\u2019\u00e0 5900 Mo\/s et des vitesses d\u2019\u00e9criture s\u00e9quentielle allant jusqu\u2019\u00e0 5000 Mo\/s (<em>en fonction des mod\u00e8les<\/em>) pour des temps de lecture, d\u2019\u00e9criture et de r\u00e9ponse remarquables.<\/li>\n<li>Votre PC passe \u00e0 la vitesse grand V : Que ce soit pour lancer vos jeux et Windows ou pour ouvrir et transf\u00e9rer des fichiers, votre ordinateur est plus rapide que jamais.<\/li>\n<li>Interface PCIe 4.0 NVMe 1.4 haute vitesse : Utilisant la technologie NVMe 1.4 PCIe 4.0 pour une bande passante maximale, le MP600 CORE XT R2 offre des performances de stockage incroyables.<\/li>\n<li>M\u00e9moire NAND QLC 3D haute densit\u00e9&nbsp;: Combine id\u00e9alement performance et bon rapport qualit\u00e9\/prix.<\/li>\n<li>R\u00e9trocompatibilit\u00e9 : Prise en charge des syst\u00e8mes PCIe 3.0<\/li>\n<li>Logiciel Corsair SSD Toolbox&nbsp;: Offre des contr\u00f4les du disque avanc\u00e9s depuis votre ordinateur, notamment l\u2019effacement s\u00e9curis\u00e9 et les mises \u00e0 jour du micrologiciel.<\/li>\n<\/ul>\n<\/div>\n<\/section>\n<\/div><\/div>\n","protected":false},"excerpt":{"rendered":"<p>Disque SSD 2 To NAND 3D QLC M.2 2280 PCI-E 4.0 4x NVMe 1.4<\/p>\n","protected":false},"featured_media":216778,"comment_status":"open","ping_status":"closed","template":"","meta":{"_monsterinsights_skip_tracking":false,"_monsterinsights_sitenote_active":false,"_monsterinsights_sitenote_note":"","_monsterinsights_sitenote_category":0},"etheme_brands":[{"term_id":43,"name":"Corsair","slug":"corsair","term_group":0,"term_taxonomy_id":43,"taxonomy":"brand","description":"","parent":0,"count":182,"filter":"raw"}],"product_brand":[],"product_cat":[25],"product_tag":[],"class_list":{"0":"post-216777","1":"product","2":"type-product","3":"status-publish","4":"has-post-thumbnail","6":"brand-corsair","7":"product_cat-ssd-m2","9":"first","10":"instock","11":"taxable","12":"shipping-taxable","13":"purchasable","14":"product-type-simple"},"_links":{"self":[{"href":"https:\/\/electrovideo.eu\/en\/wp-json\/wp\/v2\/product\/216777","targetHints":{"allow":["GET"]}}],"collection":[{"href":"https:\/\/electrovideo.eu\/en\/wp-json\/wp\/v2\/product"}],"about":[{"href":"https:\/\/electrovideo.eu\/en\/wp-json\/wp\/v2\/types\/product"}],"replies":[{"embeddable":true,"href":"https:\/\/electrovideo.eu\/en\/wp-json\/wp\/v2\/comments?post=216777"}],"version-history":[{"count":0,"href":"https:\/\/electrovideo.eu\/en\/wp-json\/wp\/v2\/product\/216777\/revisions"}],"wp:featuredmedia":[{"embeddable":true,"href":"https:\/\/electrovideo.eu\/en\/wp-json\/wp\/v2\/media\/216778"}],"wp:attachment":[{"href":"https:\/\/electrovideo.eu\/en\/wp-json\/wp\/v2\/media?parent=216777"}],"wp:term":[{"taxonomy":"brand","embeddable":true,"href":"https:\/\/electrovideo.eu\/en\/wp-json\/wp\/v2\/etheme_brands?post=216777"},{"taxonomy":"product_brand","embeddable":true,"href":"https:\/\/electrovideo.eu\/en\/wp-json\/wp\/v2\/product_brand?post=216777"},{"taxonomy":"product_cat","embeddable":true,"href":"https:\/\/electrovideo.eu\/en\/wp-json\/wp\/v2\/product_cat?post=216777"},{"taxonomy":"product_tag","embeddable":true,"href":"https:\/\/electrovideo.eu\/en\/wp-json\/wp\/v2\/product_tag?post=216777"}],"curies":[{"name":"wp","href":"https:\/\/api.w.org\/{rel}","templated":true}]}}