{"id":216769,"date":"2025-09-25T03:21:57","date_gmt":"2025-09-25T01:21:57","guid":{"rendered":"https:\/\/electrovideo.eu\/produit\/samsung-ssd-990-pro-m-2-pcie-nvme-2-to-avec-dissipateur\/"},"modified":"2026-04-15T22:46:18","modified_gmt":"2026-04-15T20:46:18","slug":"samsung-ssd-990-pro-m-2-pcie-nvme-2-to-avec-dissipateur","status":"publish","type":"product","link":"https:\/\/electrovideo.eu\/en\/product\/samsung-ssd-990-pro-m-2-pcie-nvme-2-to-avec-dissipateur\/","title":{"rendered":"Samsung SSD 990 PRO M.2 PCIe NVMe 2 To avec dissipateur"},"content":{"rendered":"<div id=\"description\" class=\"description\">\n<div class=\"details-pdt-desc\">\n<h2 class=\"h2-master\">SSD 990 PRO : SSD PCIe 4.0 ultra hautes performances<\/h2>\n<section>Le disque <strong>SSD 990 PRO 2 To<\/strong> de Samsung permet \u00e0 votre machine de changer de dimension. Ce SSD b\u00e9n\u00e9ficie de vitesses stratosph\u00e9riques et d&#8217;une endurance tr\u00e8s \u00e9lev\u00e9e. Le Samsung 990 PRO au format M.2 2280 s&#8217;appuie sur l&#8217;interface PCI-E 4.0 x4 et la technologie NVMe 2.0. Il embarque des puces m\u00e9moire <span class=\"product-specs__highlights-desc\">Samsung V-NAND 3-bit MLC<\/span> et 2 Go de m\u00e9moire cache LPDDR4.<\/p>\n<\/section>\n<section>\n<div class=\"desc-image\"><img decoding=\"async\" src=\"https:\/\/electrovideo.eu\/wp-content\/uploads\/2025\/09\/samsung_990pro_heatsink1.jpg\" alt=\"\" \/><\/div>\n<div class=\"desc-text\">\n<h2>Performances PCI-Express 4.0<\/h2>\n<p>Le SSD Samsung 990 PRO NVMe PCIe 4.0. Le 990 PRO permet de pousser l&#8217;interface PCIe 4.0 dans ses derniers retranchements en doublant le taux de transfert de donn\u00e9es du PCIe 3.0, tout en restant r\u00e9tro compatible avec cette derni\u00e8re.<\/p>\n<p>Le 990 PRO permet d&#8217;atteindre des vitesses de lecture de 7450 Mo\/s et de 6900 Mo\/s en \u00e9criture (suivant les mod\u00e8les) et son fin dissipateur \u00e9vite la surchauffe ainsi que les baisses de performances gr\u00e2ce \u00e0 un contr\u00f4le de la chaleur efficace.<\/p>\n<\/div>\n<\/section>\n<section>\n<div class=\"desc-text\">\n<h2>Samsung Magician<\/h2>\n<p>Acc\u00e9der \u00e0 la vraie puissance du 990 PRO gr\u00e2ce au logiciel Samsung Magician et ses outils intuitifs\u00a0: surveiller l&#8217;\u00e9tat du disque, optimiser ses performances, prot\u00e9ger vos donn\u00e9es importantes, et recevez toutes les mises \u00e0 jour pour toujours b\u00e9n\u00e9ficier des meilleures performances possibles avec votre SSD.<\/p>\n<\/div>\n<div class=\"desc-image\"><img decoding=\"async\" src=\"https:\/\/electrovideo.eu\/wp-content\/uploads\/2025\/09\/800_2-16.jpg\" alt=\"\" \/><\/div>\n<\/section>\n<\/div>\n<\/div>\n","protected":false},"excerpt":{"rendered":"<p>SSD 2 To M.2 2280 NVMe 2.0 &#8211; PCIe 4.0 x4<\/p>\n","protected":false},"featured_media":216770,"comment_status":"open","ping_status":"closed","template":"","meta":{"_monsterinsights_skip_tracking":false,"_monsterinsights_sitenote_active":false,"_monsterinsights_sitenote_note":"","_monsterinsights_sitenote_category":0},"etheme_brands":[{"term_id":372,"name":"Samsung","slug":"samsung","term_group":0,"term_taxonomy_id":372,"taxonomy":"brand","description":"","parent":0,"count":86,"filter":"raw"}],"product_brand":[],"product_cat":[25],"product_tag":[],"class_list":{"0":"post-216769","1":"product","2":"type-product","3":"status-publish","4":"has-post-thumbnail","6":"brand-samsung","7":"product_cat-ssd-m2","9":"first","10":"instock","11":"taxable","12":"shipping-taxable","13":"purchasable","14":"product-type-simple"},"_links":{"self":[{"href":"https:\/\/electrovideo.eu\/en\/wp-json\/wp\/v2\/product\/216769","targetHints":{"allow":["GET"]}}],"collection":[{"href":"https:\/\/electrovideo.eu\/en\/wp-json\/wp\/v2\/product"}],"about":[{"href":"https:\/\/electrovideo.eu\/en\/wp-json\/wp\/v2\/types\/product"}],"replies":[{"embeddable":true,"href":"https:\/\/electrovideo.eu\/en\/wp-json\/wp\/v2\/comments?post=216769"}],"version-history":[{"count":0,"href":"https:\/\/electrovideo.eu\/en\/wp-json\/wp\/v2\/product\/216769\/revisions"}],"wp:featuredmedia":[{"embeddable":true,"href":"https:\/\/electrovideo.eu\/en\/wp-json\/wp\/v2\/media\/216770"}],"wp:attachment":[{"href":"https:\/\/electrovideo.eu\/en\/wp-json\/wp\/v2\/media?parent=216769"}],"wp:term":[{"taxonomy":"brand","embeddable":true,"href":"https:\/\/electrovideo.eu\/en\/wp-json\/wp\/v2\/etheme_brands?post=216769"},{"taxonomy":"product_brand","embeddable":true,"href":"https:\/\/electrovideo.eu\/en\/wp-json\/wp\/v2\/product_brand?post=216769"},{"taxonomy":"product_cat","embeddable":true,"href":"https:\/\/electrovideo.eu\/en\/wp-json\/wp\/v2\/product_cat?post=216769"},{"taxonomy":"product_tag","embeddable":true,"href":"https:\/\/electrovideo.eu\/en\/wp-json\/wp\/v2\/product_tag?post=216769"}],"curies":[{"name":"wp","href":"https:\/\/api.w.org\/{rel}","templated":true}]}}