{"id":216758,"date":"2025-09-25T03:21:57","date_gmt":"2025-09-25T01:21:57","guid":{"rendered":"https:\/\/electrovideo.eu\/produit\/samsung-ssd-980-m-2-pcie-nvme-1-to\/"},"modified":"2026-04-15T22:46:09","modified_gmt":"2026-04-15T20:46:09","slug":"samsung-ssd-980-m-2-pcie-nvme-1-to","status":"publish","type":"product","link":"https:\/\/electrovideo.eu\/en\/product\/samsung-ssd-980-m-2-pcie-nvme-1-to\/","title":{"rendered":"Samsung SSD 980 M.2 PCIe NVMe 1 To"},"content":{"rendered":"<div id=\"description\" class=\"description\">\n<div class=\"details-pdt-desc\">\n<h2 class=\"h2-master\">SSD 980 : SSD PCIe 3.0 polyvalent et hautes performances<\/h2>\n<section>\n<p>Le disque <strong>SSD 980 1 To<\/strong> de Samsung permet de transcender les performances et la r\u00e9activit\u00e9 de votre machine. B\u00e9n\u00e9ficiant de vitesses de transfert \u00e9lev\u00e9es et d&#8217;une excellente endurance, le Samsung 980 au format M.2 2280 s&#8217;appuie sur l&#8217;interface PCI-E 3.0 x4 ainsi que sur la technologie NVMe. Il est par ailleurs muni d&#8217;une m\u00e9moire <span class=\"product-specs__highlights-desc\">Samsung V-NAND 3-bit MLC<\/span> et d&#8217;un contr\u00f4leur Samsung Pablo.<br \/>\n&nbsp;&nbsp;<br \/>\nLe <strong>Samsung 980 M.2 PCIe 3.0 4x NVMe <\/strong>est id\u00e9al pour les utilisateurs en qu\u00eate d&#8217;un SSD PCIe 3.0 x4 performant. Ses d\u00e9bits hautes performances pour les lourdes requ\u00eates dans le gaming, l&#8217;infographie, l&#8217;analyse de donn\u00e9es, et plus encore permettent de red\u00e9couvrir la fluidit\u00e9 et la r\u00e9activit\u00e9 dans toutes les t\u00e2ches.<\/p>\n<\/section>\n<section>\n<div class=\"desc-image\"><span><img decoding=\"async\" alt=\"\" loading=\"lazy\" src=\"https:\/\/electrovideo.eu\/wp-content\/uploads\/2025\/09\/samsung_980_m2_nvme.jpg\"><\/span><\/div>\n<div class=\"desc-text\">\n<h2>Acc\u00e9der \u00e0 des performances 3.0<\/h2>\n<p>Faites entrer votre \u00e9quipement dans une nouvelle \u00e8re gr\u00e2ce \u00e0 la puissance du SSD Samsung 980 NVMe PCIe 3.0. Le 980 permet d&#8217;exploiter dans ses derniers retranchement l&#8217;interface PCIe 3.0. Le 980 a \u00e9t\u00e9 optimis\u00e9 pour la vitesse gr\u00e2ce \u00e0 son contr\u00f4leur Samsung Pablo, sp\u00e9cialement con\u00e7u pour ce SSD.<\/p>\n<\/div>\n<\/section>\n<section>\n<div class=\"desc-text\">\n<h2>Contr\u00f4le thermique pr\u00e9cis<\/h2>\n<p>Les SSD d\u00e9livrant de hautes performances n\u00e9cessitent un contr\u00f4le thermique extr\u00eamement pointu. Afin de lui assurer les performances les plus stables, le 980 est dot\u00e9 d&#8217;un contr\u00f4leur prot\u00e9g\u00e9 par du nickel pour lui permettre de conserver une temp\u00e9rature stable, et d&#8217;un dissipateur de chaleur qui prot\u00e9gera la puce NAND de toutes variations de temp\u00e9ratures.<\/p>\n<p>Samsung a \u00e9quip\u00e9 le 980 d&#8217;un algorithme de pointe afin que le SSD puisse lui-m\u00eame g\u00e9rer ses pics de temp\u00e9rature et donc assurer des performances stables. Pour minimiser les variations de vitesse \u00e0 long terme, la technologie Samsung Dynamic Thermal Guard maintient la temp\u00e9rature du 980 \u00e0 un niveau optimal.<\/p>\n<\/div>\n<div class=\"desc-image\"><span><img decoding=\"async\" alt=\"\" loading=\"lazy\" src=\"https:\/\/electrovideo.eu\/wp-content\/uploads\/2025\/09\/800_2-15.jpg\"><\/span><\/div>\n<\/section>\n<section>\n<div class=\"desc-image\"><span><img decoding=\"async\" alt=\"\" loading=\"lazy\" src=\"https:\/\/electrovideo.eu\/wp-content\/uploads\/2025\/09\/800_3-6.jpg\"><\/span><\/div>\n<div class=\"desc-text\">\n<h2>Samsung Magician<\/h2>\n<p>Acc\u00e9der \u00e0 la vraie puissance du 980 gr\u00e2ce au logiciel Samsung Magician et ses outils intuitifs: surveiller l&#8217;\u00e9tat du disque, optimiser ses performances, prot\u00e9ger vos donn\u00e9es importantes, et recever toutes les mises \u00e0 jour pour toujours b\u00e9n\u00e9ficier des meilleures performances possibles avec votre SSD.<\/p>\n<\/div>\n<\/section>\n<\/div><\/div>\n","protected":false},"excerpt":{"rendered":"<p>SSD 1 To M.2 2280- PCIe 3.0 x4<\/p>\n","protected":false},"featured_media":216760,"comment_status":"open","ping_status":"closed","template":"","meta":{"_monsterinsights_skip_tracking":false,"_monsterinsights_sitenote_active":false,"_monsterinsights_sitenote_note":"","_monsterinsights_sitenote_category":0},"etheme_brands":[{"term_id":372,"name":"Samsung","slug":"samsung","term_group":0,"term_taxonomy_id":372,"taxonomy":"brand","description":"","parent":0,"count":86,"filter":"raw"}],"product_brand":[],"product_cat":[25],"product_tag":[],"class_list":{"0":"post-216758","1":"product","2":"type-product","3":"status-publish","4":"has-post-thumbnail","6":"brand-samsung","7":"product_cat-ssd-m2","9":"first","10":"instock","11":"taxable","12":"shipping-taxable","13":"purchasable","14":"product-type-simple"},"_links":{"self":[{"href":"https:\/\/electrovideo.eu\/en\/wp-json\/wp\/v2\/product\/216758","targetHints":{"allow":["GET"]}}],"collection":[{"href":"https:\/\/electrovideo.eu\/en\/wp-json\/wp\/v2\/product"}],"about":[{"href":"https:\/\/electrovideo.eu\/en\/wp-json\/wp\/v2\/types\/product"}],"replies":[{"embeddable":true,"href":"https:\/\/electrovideo.eu\/en\/wp-json\/wp\/v2\/comments?post=216758"}],"version-history":[{"count":0,"href":"https:\/\/electrovideo.eu\/en\/wp-json\/wp\/v2\/product\/216758\/revisions"}],"wp:featuredmedia":[{"embeddable":true,"href":"https:\/\/electrovideo.eu\/en\/wp-json\/wp\/v2\/media\/216760"}],"wp:attachment":[{"href":"https:\/\/electrovideo.eu\/en\/wp-json\/wp\/v2\/media?parent=216758"}],"wp:term":[{"taxonomy":"brand","embeddable":true,"href":"https:\/\/electrovideo.eu\/en\/wp-json\/wp\/v2\/etheme_brands?post=216758"},{"taxonomy":"product_brand","embeddable":true,"href":"https:\/\/electrovideo.eu\/en\/wp-json\/wp\/v2\/product_brand?post=216758"},{"taxonomy":"product_cat","embeddable":true,"href":"https:\/\/electrovideo.eu\/en\/wp-json\/wp\/v2\/product_cat?post=216758"},{"taxonomy":"product_tag","embeddable":true,"href":"https:\/\/electrovideo.eu\/en\/wp-json\/wp\/v2\/product_tag?post=216758"}],"curies":[{"name":"wp","href":"https:\/\/api.w.org\/{rel}","templated":true}]}}