{"id":216735,"date":"2025-09-25T03:26:55","date_gmt":"2025-09-25T01:26:55","guid":{"rendered":"https:\/\/electrovideo.eu\/produit\/samsung-ssd-9100-pro-m-2-pcie-nvme-1-to\/"},"modified":"2026-04-15T22:46:29","modified_gmt":"2026-04-15T20:46:29","slug":"samsung-ssd-9100-pro-m-2-pcie-nvme-1-to","status":"publish","type":"product","link":"https:\/\/electrovideo.eu\/en\/product\/samsung-ssd-9100-pro-m-2-pcie-nvme-1-to\/","title":{"rendered":"Samsung SSD 9100 PRO M.2 PCIe NVMe 1 To"},"content":{"rendered":"<div id=\"description\" class=\"description\">\n<div class=\"details-pdt-desc\">\n<h2 class=\"h2-master\">Performances nouvelle&nbsp;g\u00e9n\u00e9ration<\/h2>\n<section>\n<p>Le disque <strong>Samsung SSD 9100 PRO M.2 PCIe NVMe 1 To<\/strong> offre des performances de nouvelle g\u00e9n\u00e9ration avec des taux de transferts ultra-\u00e9lev\u00e9s et latences ultra-r\u00e9duites. Pour concevoir une nouvelle machine ou booster les performances d&#8217;un PC ou PC portable existant, le<strong> SSD M.2 9100 PRO<\/strong> vous permet d&#8217;atteindre de nouveaux sommets. Le&nbsp;<strong>Samsung SSD 9100 PRO M.2 est \u00e9galement compatible PlayStation 5<\/strong> afin d&#8217;amplifier les performances de votre console ou d&#8217;en \u00e9tendre facilement la capacit\u00e9 de stockage.<\/p>\n<\/section>\n<section>\n<div class=\"desc-image\"><span><img decoding=\"async\" alt=\"\" loading=\"lazy\" src=\"https:\/\/electrovideo.eu\/wp-content\/uploads\/2025\/09\/samsung_9100_pro_001.jpg\"><\/span><\/div>\n<div class=\"desc-text\">\n<h2>Vitesses fulgurantes<\/h2>\n<p>D\u00e9couvrez le <strong>SSD 9100 PRO<\/strong>, con\u00e7u pour surpasser toutes les attentes en mati\u00e8re de rapidit\u00e9 et de performance. Exploitant la puissance du <strong>PCIe 5.0<\/strong>, il atteint des vitesses s\u00e9quentielles impressionnantes de <strong>14 700 Mo\/s en lecture<\/strong> et <strong>13 300 Mo\/s en \u00e9criture<\/strong>, soit deux fois plus rapide que la g\u00e9n\u00e9ration pr\u00e9c\u00e9dente. Avec des vitesses al\u00e9atoires atteignant <strong>1850K IOPS<\/strong> <strong>en lecture <\/strong>et <strong>2 600K IOPS en \u00e9criture<\/strong>, il garantit des temps de r\u00e9ponse ultra-rapides, m\u00eame pour les applications les plus exigeantes.<\/p>\n<\/div>\n<\/section>\n<section>\n<div class=\"desc-text\">\n<h2>Puissance et efficacit\u00e9<\/h2>\n<p>Gr\u00e2ce \u00e0 un contr\u00f4leur avanc\u00e9 en 5 nm, le 9100 PRO allie puissance et efficacit\u00e9 \u00e9nerg\u00e9tique, r\u00e9duisant la consommation d\u2019\u00e9nergie jusqu\u2019\u00e0 49 % par rapport au 990 PRO.&nbsp;&nbsp;Disponible en capacit\u00e9s allant jusqu\u2019\u00e0 8 To, le 9100 PRO s\u2019adapte parfaitement aux PC de bureau, ordinateurs portables et PlayStation 5 gr\u00e2ce \u00e0 son format M.2 compact (2280). Son design ultrafin conforme aux sp\u00e9cifications PCI-SIG D8 maximise l\u2019espace disponible et permet d\u2019optimiser votre syst\u00e8me avec une solution de stockage performante et fiable.<\/p>\n<\/div>\n<div class=\"desc-image\"><span><img decoding=\"async\" alt=\"\" loading=\"lazy\" src=\"https:\/\/electrovideo.eu\/wp-content\/uploads\/2025\/09\/samsung_9100_pro_002.jpg\"><\/span><\/div>\n<\/section>\n<\/div><\/div>\n","protected":false},"excerpt":{"rendered":"<p>SSD 1 To M.2 2280 NVMe 2.0 &#8211; PCIe 5.0 x4<\/p>\n","protected":false},"featured_media":216737,"comment_status":"open","ping_status":"closed","template":"","meta":{"_monsterinsights_skip_tracking":false,"_monsterinsights_sitenote_active":false,"_monsterinsights_sitenote_note":"","_monsterinsights_sitenote_category":0},"etheme_brands":[{"term_id":372,"name":"Samsung","slug":"samsung","term_group":0,"term_taxonomy_id":372,"taxonomy":"brand","description":"","parent":0,"count":86,"filter":"raw"}],"product_brand":[],"product_cat":[25],"product_tag":[],"class_list":{"0":"post-216735","1":"product","2":"type-product","3":"status-publish","4":"has-post-thumbnail","6":"brand-samsung","7":"product_cat-ssd-m2","9":"first","10":"instock","11":"taxable","12":"shipping-taxable","13":"purchasable","14":"product-type-simple"},"_links":{"self":[{"href":"https:\/\/electrovideo.eu\/en\/wp-json\/wp\/v2\/product\/216735","targetHints":{"allow":["GET"]}}],"collection":[{"href":"https:\/\/electrovideo.eu\/en\/wp-json\/wp\/v2\/product"}],"about":[{"href":"https:\/\/electrovideo.eu\/en\/wp-json\/wp\/v2\/types\/product"}],"replies":[{"embeddable":true,"href":"https:\/\/electrovideo.eu\/en\/wp-json\/wp\/v2\/comments?post=216735"}],"version-history":[{"count":0,"href":"https:\/\/electrovideo.eu\/en\/wp-json\/wp\/v2\/product\/216735\/revisions"}],"wp:featuredmedia":[{"embeddable":true,"href":"https:\/\/electrovideo.eu\/en\/wp-json\/wp\/v2\/media\/216737"}],"wp:attachment":[{"href":"https:\/\/electrovideo.eu\/en\/wp-json\/wp\/v2\/media?parent=216735"}],"wp:term":[{"taxonomy":"brand","embeddable":true,"href":"https:\/\/electrovideo.eu\/en\/wp-json\/wp\/v2\/etheme_brands?post=216735"},{"taxonomy":"product_brand","embeddable":true,"href":"https:\/\/electrovideo.eu\/en\/wp-json\/wp\/v2\/product_brand?post=216735"},{"taxonomy":"product_cat","embeddable":true,"href":"https:\/\/electrovideo.eu\/en\/wp-json\/wp\/v2\/product_cat?post=216735"},{"taxonomy":"product_tag","embeddable":true,"href":"https:\/\/electrovideo.eu\/en\/wp-json\/wp\/v2\/product_tag?post=216735"}],"curies":[{"name":"wp","href":"https:\/\/api.w.org\/{rel}","templated":true}]}}