{"id":215744,"date":"2025-09-20T17:30:42","date_gmt":"2025-09-20T15:30:42","guid":{"rendered":"https:\/\/electrovideo.eu\/produit\/be-quiet-pure-power-13-m-650w-80plus-gold\/"},"modified":"2026-04-16T01:35:45","modified_gmt":"2026-04-15T23:35:45","slug":"be-quiet-pure-power-13-m-650w-80plus-gold","status":"publish","type":"product","link":"https:\/\/electrovideo.eu\/en\/product\/be-quiet-pure-power-13-m-650w-80plus-gold\/","title":{"rendered":"be quiet! Pure Power 13 M 650W 80PLUS Gold"},"content":{"rendered":"<div id=\"description\" class=\"description\">\n<div class=\"details-pdt-desc\">\n<h2 class=\"h2-master\">be quiet! Pure Power 13 M : Alimentation 80PLUS Gold, 100% modulaire<\/h2>\n<section>\n<p>La <strong>Pure Power 13 M<\/strong> de <strong>be quiet!<\/strong> est conforme \u00e0 la <strong>norme ATX 3.1<\/strong>&nbsp;et compatible avec le PCIe 5.1. Elle offre un rendement \u00e9lectrique <strong>certifi\u00e9 80 PLUS&nbsp;Gold<\/strong>, une modularit\u00e9 compl\u00e8te&nbsp;et b\u00e9n\u00e9ficie d\u2019un ventilateur be quiet! optimis\u00e9 pour un fonctionnement fiable et silencieux. Si vous souhaitez r\u00e9aliser une configuration&nbsp;gaming avec cartes graphiques nouvelle g\u00e9n\u00e9ration, un PC silencieux d\u00e9di\u00e9 \u00e0 des applications bureautiques ou encore \u00e9laborer un syst\u00e8me&nbsp;pour home-cin\u00e9ma : la Pure Power 13 M 650W vous offrira&nbsp;le meilleur ensemble de fonctionnalit\u00e9s \u00e0 un prix des plus abordables.<br \/>\n&nbsp;<\/p>\n<\/section>\n<section>\n<div class=\"desc-image\"><span><img decoding=\"async\" alt=\"\" loading=\"lazy\" src=\"https:\/\/electrovideo.eu\/wp-content\/uploads\/2025\/09\/PurePower13M_550W_801.jpg\"><\/span><\/div>\n<div class=\"desc-text\">\n<h2>Qualit\u00e9 et fiabilit\u00e9 be quiet!<\/h2>\n<p>La <strong>Pure Power 13 M<\/strong> offre 650W de puissance continue avec un rail de 12V pour une parfaite stabilit\u00e9 de signal.&nbsp;Son rendement est certifi\u00e9 80 PLUS&nbsp;Gold. Elle respecte toutes les sp\u00e9cifications ATX 3.1 et elle est dot\u00e9e d&#8217;un ventilateur be quiet! extr\u00eamement silencieux. De plus, ses c\u00e2bles sont modulaires.<br \/>\n&nbsp;<\/p>\n<ul>\n<li>Certification 80 PLUS&nbsp;Gold (jusqu\u2019\u00e0 94.2 %)<\/li>\n<li>Alimentation ATX 3.1 compatible avec les cartes graphiques PCIe 5.1 et celles \u00e9quip\u00e9es de connecteurs 6+2 pin<\/li>\n<li>Ventilateur semi-passif 120 mm ultra-silencieux sign\u00e9 be quiet!<\/li>\n<li>Tr\u00e8s bonne stabilit\u00e9 et r\u00e9gulation des tensions gr\u00e2ce \u00e0 la technologie LLC<\/li>\n<li>Un rail 12 V haute performance<\/li>\n<li>C\u00e2bles modulaires assurant un maximum de flexibilit\u00e9<\/li>\n<li>Un c\u00e2ble PCIe 5.1 12V-2&#215;6&nbsp;jusqu\u2019\u00e0 300 W et 2 connecteurs PCIe 6+2 broches<\/li>\n<\/ul>\n<\/div>\n<\/section>\n<\/div><\/div>\n","protected":false},"excerpt":{"rendered":"<p>Alimentation 100% modulaire 650W ATX12V 3.1 \/ EPS12V &#8211; 80PLUS Gold<\/p>\n","protected":false},"featured_media":215746,"comment_status":"open","ping_status":"closed","template":"","meta":{"_monsterinsights_skip_tracking":false,"_monsterinsights_sitenote_active":false,"_monsterinsights_sitenote_note":"","_monsterinsights_sitenote_category":0},"etheme_brands":[{"term_id":50,"name":"Be Quiet!","slug":"be-quiet","term_group":0,"term_taxonomy_id":50,"taxonomy":"brand","description":"","parent":0,"count":40,"filter":"raw"}],"product_brand":[],"product_cat":[19],"product_tag":[],"class_list":{"0":"post-215744","1":"product","2":"type-product","3":"status-publish","4":"has-post-thumbnail","6":"brand-be-quiet","7":"product_cat-power-supply","9":"first","10":"instock","11":"taxable","12":"shipping-taxable","13":"purchasable","14":"product-type-simple"},"_links":{"self":[{"href":"https:\/\/electrovideo.eu\/en\/wp-json\/wp\/v2\/product\/215744","targetHints":{"allow":["GET"]}}],"collection":[{"href":"https:\/\/electrovideo.eu\/en\/wp-json\/wp\/v2\/product"}],"about":[{"href":"https:\/\/electrovideo.eu\/en\/wp-json\/wp\/v2\/types\/product"}],"replies":[{"embeddable":true,"href":"https:\/\/electrovideo.eu\/en\/wp-json\/wp\/v2\/comments?post=215744"}],"version-history":[{"count":0,"href":"https:\/\/electrovideo.eu\/en\/wp-json\/wp\/v2\/product\/215744\/revisions"}],"wp:featuredmedia":[{"embeddable":true,"href":"https:\/\/electrovideo.eu\/en\/wp-json\/wp\/v2\/media\/215746"}],"wp:attachment":[{"href":"https:\/\/electrovideo.eu\/en\/wp-json\/wp\/v2\/media?parent=215744"}],"wp:term":[{"taxonomy":"brand","embeddable":true,"href":"https:\/\/electrovideo.eu\/en\/wp-json\/wp\/v2\/etheme_brands?post=215744"},{"taxonomy":"product_brand","embeddable":true,"href":"https:\/\/electrovideo.eu\/en\/wp-json\/wp\/v2\/product_brand?post=215744"},{"taxonomy":"product_cat","embeddable":true,"href":"https:\/\/electrovideo.eu\/en\/wp-json\/wp\/v2\/product_cat?post=215744"},{"taxonomy":"product_tag","embeddable":true,"href":"https:\/\/electrovideo.eu\/en\/wp-json\/wp\/v2\/product_tag?post=215744"}],"curies":[{"name":"wp","href":"https:\/\/api.w.org\/{rel}","templated":true}]}}