{"id":215737,"date":"2025-09-20T17:30:42","date_gmt":"2025-09-20T15:30:42","guid":{"rendered":"https:\/\/electrovideo.eu\/produit\/be-quiet-power-zone-2-750w-80plus-platinum\/"},"modified":"2026-04-16T01:36:02","modified_gmt":"2026-04-15T23:36:02","slug":"be-quiet-power-zone-2-750w-80plus-platinum","status":"publish","type":"product","link":"https:\/\/electrovideo.eu\/en\/product\/be-quiet-power-zone-2-750w-80plus-platinum\/","title":{"rendered":"be quiet! Power Zone 2 750W 80PLUS Platinum"},"content":{"rendered":"<div id=\"description\" class=\"description\">\n<div class=\"details-pdt-desc\">\n<h2 class=\"h2-master\">be quiet! Power Zone 2 : Alimentation ATX 3.1 80+ Platinum et&nbsp;Cybenetics Platinum<\/h2>\n<section>\n<p>L&#8217;<strong>alimentation 100% modulaire be quiet! Power Zone 2<\/strong> est con\u00e7ue pour offrir des performances de haute facture tout en proposant un fonctionnement silencieux. Disposant des normes PCIe 5.1 et ATX 3.1, la Power Zone 2 est ainsi pourvue d&#8217;un <strong>connecteur 12V-2&#215;6 coud\u00e9 \u00e0 90\u00b0<\/strong> afin de prendre charge les cartes graphiques r\u00e9centes munies d&#8217;un connecteur 16 broches. Son syst\u00e8me de refroidissement semi-passif, avec un ventilateur Pure Wings 3 de 140 mm, permet de maintenir une temp\u00e9rature optimale tout en r\u00e9duisant les nuisances sonores.<\/p>\n<\/section>\n<section>\n<div class=\"desc-image\"><span><img decoding=\"async\" alt=\"\" loading=\"lazy\" src=\"https:\/\/electrovideo.eu\/wp-content\/uploads\/2025\/09\/be_quiet_power_zone_2.jpg\"><\/span><\/div>\n<div class=\"desc-text\">\n<h2>Points forts<\/h2>\n<ul>\n<li>Certification 80 PLUS&nbsp;Gold &amp;&nbsp;Cybenetics Platinum (rendement jusqu&#8217;\u00e0 94.2 %)<\/li>\n<li>Syst\u00e8me de refroidissement semi-passif avec&nbsp;<strong>ventilateur Pure Wings 3 140 mm<\/strong><\/li>\n<li><strong>Connecteur 12V-2&#215;6 coud\u00e9 \u00e0 90\u00b0<\/strong> compatible PCIe 5.1 \/ ATX 3.1<\/li>\n<li>Grande stabilit\u00e9 du signal et excellente r\u00e9gulation de la tension gr\u00e2ce \u00e0 la technologie LLC<\/li>\n<li>Un rail 12V massif haute performance<\/li>\n<\/ul>\n<\/div>\n<\/section>\n<\/div><\/div>\n","protected":false},"excerpt":{"rendered":"<p>Alimentation 750W ATX12V 3.1 \/ EPS12V 2.92 &#8211; 80PLUS Platinum \/ Cybenetics Platinum<\/p>\n","protected":false},"featured_media":215739,"comment_status":"open","ping_status":"closed","template":"","meta":{"_monsterinsights_skip_tracking":false,"_monsterinsights_sitenote_active":false,"_monsterinsights_sitenote_note":"","_monsterinsights_sitenote_category":0},"etheme_brands":[{"term_id":50,"name":"Be Quiet!","slug":"be-quiet","term_group":0,"term_taxonomy_id":50,"taxonomy":"brand","description":"","parent":0,"count":40,"filter":"raw"}],"product_brand":[],"product_cat":[19],"product_tag":[],"class_list":{"0":"post-215737","1":"product","2":"type-product","3":"status-publish","4":"has-post-thumbnail","6":"brand-be-quiet","7":"product_cat-power-supply","9":"first","10":"instock","11":"taxable","12":"shipping-taxable","13":"purchasable","14":"product-type-simple"},"_links":{"self":[{"href":"https:\/\/electrovideo.eu\/en\/wp-json\/wp\/v2\/product\/215737","targetHints":{"allow":["GET"]}}],"collection":[{"href":"https:\/\/electrovideo.eu\/en\/wp-json\/wp\/v2\/product"}],"about":[{"href":"https:\/\/electrovideo.eu\/en\/wp-json\/wp\/v2\/types\/product"}],"replies":[{"embeddable":true,"href":"https:\/\/electrovideo.eu\/en\/wp-json\/wp\/v2\/comments?post=215737"}],"version-history":[{"count":0,"href":"https:\/\/electrovideo.eu\/en\/wp-json\/wp\/v2\/product\/215737\/revisions"}],"wp:featuredmedia":[{"embeddable":true,"href":"https:\/\/electrovideo.eu\/en\/wp-json\/wp\/v2\/media\/215739"}],"wp:attachment":[{"href":"https:\/\/electrovideo.eu\/en\/wp-json\/wp\/v2\/media?parent=215737"}],"wp:term":[{"taxonomy":"brand","embeddable":true,"href":"https:\/\/electrovideo.eu\/en\/wp-json\/wp\/v2\/etheme_brands?post=215737"},{"taxonomy":"product_brand","embeddable":true,"href":"https:\/\/electrovideo.eu\/en\/wp-json\/wp\/v2\/product_brand?post=215737"},{"taxonomy":"product_cat","embeddable":true,"href":"https:\/\/electrovideo.eu\/en\/wp-json\/wp\/v2\/product_cat?post=215737"},{"taxonomy":"product_tag","embeddable":true,"href":"https:\/\/electrovideo.eu\/en\/wp-json\/wp\/v2\/product_tag?post=215737"}],"curies":[{"name":"wp","href":"https:\/\/api.w.org\/{rel}","templated":true}]}}