{"id":215735,"date":"2025-09-20T17:30:42","date_gmt":"2025-09-20T15:30:42","guid":{"rendered":"https:\/\/electrovideo.eu\/produit\/be-quiet-pure-power-12-1000w-80plus-gold\/"},"modified":"2026-04-16T01:36:18","modified_gmt":"2026-04-15T23:36:18","slug":"be-quiet-pure-power-12-1000w-80plus-gold","status":"publish","type":"product","link":"https:\/\/electrovideo.eu\/en\/product\/be-quiet-pure-power-12-1000w-80plus-gold\/","title":{"rendered":"be quiet! Pure Power 12 1000W 80PLUS Gold"},"content":{"rendered":"<div id=\"description\" class=\"description\">\n<div class=\"details-pdt-desc\">\n<h2 class=\"h2-master\">be quiet! Pure Power 12 : Alimentation 80+ Gold ATX 3.1<\/h2>\n<section>\n<p>La <strong>Pure Power 12<\/strong> de <strong>be quiet!<\/strong> est conforme \u00e0 la <strong>norme ATX 3.1<\/strong> et compatible avec le PCIe 5.1. Elle est <strong>certifi\u00e9e 80 PLUS&nbsp;Gold<\/strong> et est dot\u00e9e d\u2019un ventilateur be quiet! 120 mm optimis\u00e9 pour un fonctionnement et silencieux. Si vous souhaitez r\u00e9aliser une configuration&nbsp;gaming avec cartes graphiques nouvelle g\u00e9n\u00e9ration, un PC silencieux d\u00e9di\u00e9 \u00e0 des applications bureautiques ou encore \u00e9laborer un syst\u00e8me&nbsp;pour home-cin\u00e9ma : la <strong>Pure Power 12 850W<\/strong> propose un grand confort d\u2019utilisation.<\/p>\n<\/section>\n<section>\n<div class=\"desc-image\"><span><img decoding=\"async\" alt=\"\" loading=\"lazy\" src=\"https:\/\/electrovideo.eu\/wp-content\/uploads\/2025\/09\/be_quiet_pure_power_12.jpg\"><\/span><\/div>\n<div class=\"desc-text\">\n<h2>Points forts<\/h2>\n<ul>\n<li>Certification 80 PLUS&nbsp;Gold (jusqu\u2019\u00e0 92.9 %)<\/li>\n<li>Alimentation ATX 3.1 compatible avec les cartes graphiques PCIe 5.1 et celles \u00e9quip\u00e9es de connecteurs 6+2 pin<\/li>\n<li>Capable de g\u00e9rer de tr\u00e8s fortes variations de charge<\/li>\n<li>Ventilateur 120 mm silencieux sign\u00e9 be quiet!<\/li>\n<li>Stabilit\u00e9 et r\u00e9gulation des tensions gr\u00e2ce \u00e0 la technologie LLC<\/li>\n<li>1 seul rail 12 Volts<\/li>\n<li>Un <strong>c\u00e2ble PCIe 5.1 12V-2&#215;6 jusqu\u2019\u00e0 600 W<\/strong> et 3 connecteurs PCIe 6+2 pour les cartes graphiques haut de gamme<\/li>\n<\/ul>\n<\/div>\n<\/section>\n<\/div><\/div>\n","protected":false},"excerpt":{"rendered":"<p>Alimentation 1000W ATX 3.1 &#8211; 80PLUS Gold<\/p>\n","protected":false},"featured_media":215736,"comment_status":"open","ping_status":"closed","template":"","meta":{"_monsterinsights_skip_tracking":false,"_monsterinsights_sitenote_active":false,"_monsterinsights_sitenote_note":"","_monsterinsights_sitenote_category":0},"etheme_brands":[{"term_id":50,"name":"Be Quiet!","slug":"be-quiet","term_group":0,"term_taxonomy_id":50,"taxonomy":"brand","description":"","parent":0,"count":40,"filter":"raw"}],"product_brand":[],"product_cat":[19],"product_tag":[],"class_list":{"0":"post-215735","1":"product","2":"type-product","3":"status-publish","4":"has-post-thumbnail","6":"brand-be-quiet","7":"product_cat-power-supply","9":"first","10":"instock","11":"taxable","12":"shipping-taxable","13":"purchasable","14":"product-type-simple"},"_links":{"self":[{"href":"https:\/\/electrovideo.eu\/en\/wp-json\/wp\/v2\/product\/215735","targetHints":{"allow":["GET"]}}],"collection":[{"href":"https:\/\/electrovideo.eu\/en\/wp-json\/wp\/v2\/product"}],"about":[{"href":"https:\/\/electrovideo.eu\/en\/wp-json\/wp\/v2\/types\/product"}],"replies":[{"embeddable":true,"href":"https:\/\/electrovideo.eu\/en\/wp-json\/wp\/v2\/comments?post=215735"}],"version-history":[{"count":0,"href":"https:\/\/electrovideo.eu\/en\/wp-json\/wp\/v2\/product\/215735\/revisions"}],"wp:featuredmedia":[{"embeddable":true,"href":"https:\/\/electrovideo.eu\/en\/wp-json\/wp\/v2\/media\/215736"}],"wp:attachment":[{"href":"https:\/\/electrovideo.eu\/en\/wp-json\/wp\/v2\/media?parent=215735"}],"wp:term":[{"taxonomy":"brand","embeddable":true,"href":"https:\/\/electrovideo.eu\/en\/wp-json\/wp\/v2\/etheme_brands?post=215735"},{"taxonomy":"product_brand","embeddable":true,"href":"https:\/\/electrovideo.eu\/en\/wp-json\/wp\/v2\/product_brand?post=215735"},{"taxonomy":"product_cat","embeddable":true,"href":"https:\/\/electrovideo.eu\/en\/wp-json\/wp\/v2\/product_cat?post=215735"},{"taxonomy":"product_tag","embeddable":true,"href":"https:\/\/electrovideo.eu\/en\/wp-json\/wp\/v2\/product_tag?post=215735"}],"curies":[{"name":"wp","href":"https:\/\/api.w.org\/{rel}","templated":true}]}}