{"id":215674,"date":"2025-09-20T17:22:45","date_gmt":"2025-09-20T15:22:45","guid":{"rendered":"https:\/\/electrovideo.eu\/produit\/corsair-ax1600i-80plus-titanium\/"},"modified":"2026-04-16T01:38:22","modified_gmt":"2026-04-15T23:38:22","slug":"corsair-ax1600i-80plus-titanium","status":"publish","type":"product","link":"https:\/\/electrovideo.eu\/en\/product\/corsair-ax1600i-80plus-titanium\/","title":{"rendered":"Corsair AX1600i 80PLUS Titanium"},"content":{"rendered":"<div id=\"description\" class=\"description\">\n<div class=\"details-pdt-desc\">\n<h2 class=\"h2-master\">AX1600I : le bloc d&#8217;alimentation atx num\u00e9rique.<\/h2>\n<section>\n<p><strong>L\u2019AX1600i <\/strong>de Corsair garantit une alimentation efficace 80 PLUS Titanium continue et ultra stable de <strong>1600 W<\/strong>. Avec son fonctionnement silencieux et ses composants haut de gamme, vous d\u00e9couvrirez une alimentation puissante enti\u00e8rement modulaire aux performances \u00e9lectriques de classe mondiale. Cette alimentation est contr\u00f4lable depuis le <strong>logiciel Corsair LINK<\/strong> qui va vous permettre d\u2019ajuster la vitesse du ventilateur de 140 mm mais aussi les courbes tr\/min et de basculer entre une protection contre les surintensit\u00e9s (OCP) monorail et multirail, le tout depuis votre bureau. &nbsp;<br \/>\n&nbsp;<\/p>\n<\/section>\n<section>\n<div class=\"desc-image\"><span><img decoding=\"async\" alt=\"\" loading=\"lazy\" src=\"https:\/\/electrovideo.eu\/wp-content\/uploads\/2025\/09\/texte1.jpg\"><\/span><\/div>\n<div class=\"desc-text\">\n<h2>UNE ALIMENTATION EXCEPTIONNELLE DE 1600 W<\/h2>\n<p>L&#8217;AX1600i est le bloc d&#8217;alimentation le plus efficace et le plus puissant jamais con\u00e7u par CORSAIR. Il affiche des caract\u00e9ristiques hors pair telles que l&#8217;efficacit\u00e9 <strong>80 PLUS Titanium<\/strong>, une puissance de sortie r\u00e9guli\u00e8re atteignant <strong>1 600 watts<\/strong>, des<strong> condensateurs 105 \u00b0C 100 % japonais,<\/strong> une suite logicielle compl\u00e8te pour le suivi et le contr\u00f4le ainsi que des performances \u00e9lectriques de classe mondiale. Toutes ces particularit\u00e9s en font non seulement le meilleur bloc d&#8217;alimentation de sa cat\u00e9gorie, mais aussi le SEUL.<\/p>\n<\/div>\n<\/section>\n<section>\n<div class=\"desc-text\">\n<h2>DES MAT\u00c9RIAUX HAUT DE GAMME<\/h2>\n<p>\u00c0 l&#8217;origine, la silicone \u00e9tait le mat\u00e9riau id\u00e9al pour les transistors en raison de ses propri\u00e9t\u00e9s \u00e9lectriques et de son faible co\u00fbt. Face au besoin croissant d&#8217;obtenir de meilleures performances, les capacit\u00e9s de la silicone atteignent toutefois leurs limites. Le <strong>nitrure de gallium<\/strong> affiche une r\u00e9sistance plus faible et une commutation plus rapide, r\u00e9duisant ainsi les pertes par commutation ainsi que la capacitance et offrant une densit\u00e9 de puissance 40 % sup\u00e9rieure \u00e0 celle de la silicone. Les transistors GaN de l&#8217;AX1600i nous permettent de gagner en efficacit\u00e9 et d&#8217;am\u00e9liorer la dissipation thermique ainsi que la fiabilit\u00e9 globale du bloc d&#8217;alimentation. Mesurant 20 mm de moins que leurs pr\u00e9d\u00e9cesseurs, ils ont toutefois une puissance sup\u00e9rieure de 100 watts. De vrais bijoux technologiques ! Les condensateurs 105 \u00b0C 100 % japonais, les composants internes haut de gamme et la conception num\u00e9rique garantissent un <strong>taux d\u2019efficacit\u00e9 de plus de 94 %.<\/strong><\/p>\n<\/div>\n<div class=\"desc-image\"><span><img decoding=\"async\" alt=\"\" loading=\"lazy\" src=\"https:\/\/electrovideo.eu\/wp-content\/uploads\/2025\/09\/texte2.jpg\"><\/span><\/div>\n<\/section>\n<section>\n<div class=\"desc-image\"><span><img decoding=\"async\" alt=\"\" loading=\"lazy\" src=\"https:\/\/electrovideo.eu\/wp-content\/uploads\/2025\/09\/texte3.jpg\"><\/span><\/div>\n<div class=\"desc-text\">\n<h2>ENTI\u00c8REMENT MODULAIRE ;<\/h2>\n<p>Utilisez uniquement les c\u00e2bles dont vous avez besoin pour une installation rapide et facile. Les c\u00e2bles non utilis\u00e9s peuvent \u00eatre rang\u00e9s dans le sac de c\u00e2bles enroulable fourni. CORSAIR propose un <strong>contr\u00f4le et un suivi logiciel de votre bloc d&#8217;alimentation<\/strong>. Vous souhaitez effectuer un suivi de l&#8217;efficacit\u00e9 en temps r\u00e9el ? R\u00e9guler la tension ? Modifier la vitesse de votre ventilateur ou les points individuels de protection contre la surintensit\u00e9 sur chaque connecteur ? L&#8217;AX1600i assure un contr\u00f4le et un suivi sans pr\u00e9c\u00e9dent via le logiciel. Le logiciel <strong>CORSAIR LINK<\/strong> assure un contr\u00f4le approfondi de la temp\u00e9rature du bloc d&#8217;alimentation, de la vitesse du ventilateur, de la tension, du courant, de la puissance en watts CA\/CC et de l&#8217;efficacit\u00e9, avec la capacit\u00e9 de tout enregistrer pour une r\u00e9solution ais\u00e9e des probl\u00e8mes.<\/p>\n<\/div>\n<\/section>\n<section class=\"list\">\n<h2>Caract\u00e9ristiques principales :<\/h2>\n<ul>\n<li>Puissance :<strong>&nbsp;160<\/strong><strong>0 Watts<\/strong><\/li>\n<li><b>Alimentation modulaire ATX 12V 2.4 \/ EPS 2.92<\/b><\/li>\n<li><strong>Certifi\u00e9 80PLUS Titanium<\/strong><\/li>\n<li><strong>Ventilateur 140 mm<\/strong><\/li>\n<li>Correction active du facteur de puissance (PFC) avec une valeur de 0,99 PF<\/li>\n<li>MTBF : <strong>100 000 heures<\/strong><\/li>\n<li>Protection contre les surtensions, les surintensit\u00e9s, les sous-tensions, les courts-circuits, les surcharges et les surchauffes<\/li>\n<li>Corsair LINK : contr\u00f4lez votre alimentation<\/li>\n<li><strong>Garantie constructeur de 10 ans<\/strong><\/li>\n<\/ul>\n<\/section>\n<\/div><\/div>\n","protected":false},"excerpt":{"rendered":"<p>Alimentation modulaire 1600W ATX 12V 2.4 \/ EPS 2.92 &#8211; 80PLUS Titanium<\/p>\n","protected":false},"featured_media":215676,"comment_status":"open","ping_status":"closed","template":"","meta":{"_monsterinsights_skip_tracking":false,"_monsterinsights_sitenote_active":false,"_monsterinsights_sitenote_note":"","_monsterinsights_sitenote_category":0},"etheme_brands":[{"term_id":43,"name":"Corsair","slug":"corsair","term_group":0,"term_taxonomy_id":43,"taxonomy":"brand","description":"","parent":0,"count":182,"filter":"raw"}],"product_brand":[],"product_cat":[19],"product_tag":[],"class_list":{"0":"post-215674","1":"product","2":"type-product","3":"status-publish","4":"has-post-thumbnail","6":"brand-corsair","7":"product_cat-power-supply","9":"first","10":"instock","11":"taxable","12":"shipping-taxable","13":"purchasable","14":"product-type-simple"},"_links":{"self":[{"href":"https:\/\/electrovideo.eu\/en\/wp-json\/wp\/v2\/product\/215674","targetHints":{"allow":["GET"]}}],"collection":[{"href":"https:\/\/electrovideo.eu\/en\/wp-json\/wp\/v2\/product"}],"about":[{"href":"https:\/\/electrovideo.eu\/en\/wp-json\/wp\/v2\/types\/product"}],"replies":[{"embeddable":true,"href":"https:\/\/electrovideo.eu\/en\/wp-json\/wp\/v2\/comments?post=215674"}],"version-history":[{"count":0,"href":"https:\/\/electrovideo.eu\/en\/wp-json\/wp\/v2\/product\/215674\/revisions"}],"wp:featuredmedia":[{"embeddable":true,"href":"https:\/\/electrovideo.eu\/en\/wp-json\/wp\/v2\/media\/215676"}],"wp:attachment":[{"href":"https:\/\/electrovideo.eu\/en\/wp-json\/wp\/v2\/media?parent=215674"}],"wp:term":[{"taxonomy":"brand","embeddable":true,"href":"https:\/\/electrovideo.eu\/en\/wp-json\/wp\/v2\/etheme_brands?post=215674"},{"taxonomy":"product_brand","embeddable":true,"href":"https:\/\/electrovideo.eu\/en\/wp-json\/wp\/v2\/product_brand?post=215674"},{"taxonomy":"product_cat","embeddable":true,"href":"https:\/\/electrovideo.eu\/en\/wp-json\/wp\/v2\/product_cat?post=215674"},{"taxonomy":"product_tag","embeddable":true,"href":"https:\/\/electrovideo.eu\/en\/wp-json\/wp\/v2\/product_tag?post=215674"}],"curies":[{"name":"wp","href":"https:\/\/api.w.org\/{rel}","templated":true}]}}