{"id":215665,"date":"2025-09-20T17:22:45","date_gmt":"2025-09-20T15:22:45","guid":{"rendered":"https:\/\/electrovideo.eu\/produit\/corsair-rm1000e-2025\/"},"modified":"2026-04-16T01:36:07","modified_gmt":"2026-04-15T23:36:07","slug":"corsair-rm1000e-2025","status":"publish","type":"product","link":"https:\/\/electrovideo.eu\/en\/product\/corsair-rm1000e-2025\/","title":{"rendered":"Corsair RM1000e (2025)"},"content":{"rendered":"<div id=\"description\" class=\"description\">\n<div class=\"details-pdt-desc\">\n<h2 class=\"h2-master\">Corsair RMe Series : Alimentation ATX 3.1 100% modulaire avec mode 0 RPM<\/h2>\n<section>\n<p>L&#8217;<strong>alimentation 100% modulaire Corsair RMe Series (2025)<\/strong> est con\u00e7ue pour apporter une alimentation efficace Cybenetics Gold \u00e0 votre PC. Avec deux c\u00e2bles EPS12V et son <strong>connecteur 16 broches 12V-2&#215;6<\/strong> pour les cartes graphiques, l&#8217;alimentation RMe a toutes les connexions n\u00e9cessaires pour alimenter les PC modernes les plus exigeants. Elle embarque des condensateurs certifi\u00e9s 105&nbsp;\u00b0C de qualit\u00e9 industrielle qui d\u00e9livrent des performances \u00e9lectriques et une grande fiabilit\u00e9.<\/p>\n<\/section>\n<section>\n<div class=\"desc-image\"><span><img decoding=\"async\" alt=\"\" loading=\"lazy\" src=\"https:\/\/electrovideo.eu\/wp-content\/uploads\/2025\/09\/corsair_rme_2025.jpg\"><\/span><\/div>\n<div class=\"desc-text\">\n<h2>Caract\u00e9ristiques principales :<\/h2>\n<ul>\n<li><strong>C\u00e2bles enti\u00e8rement modulaires<\/strong>&nbsp;: Raccordez uniquement les c\u00e2bles dont votre syst\u00e8me a besoin, facilitant la conception d\u2019un syst\u00e8me \u00e9pur\u00e9 et ordonn\u00e9.<\/li>\n<li><strong>Deux connecteurs EPS12V<\/strong>&nbsp;: Pour une grande compatibilit\u00e9 avec les cartes m\u00e8res modernes.<\/li>\n<li><strong>Connecteur PCIe 5.1 12V-2&#215;6<\/strong> pour les cartes graphiques r\u00e9centes.<\/li>\n<li><strong>Fonctionnement silencieux&nbsp;<\/strong>: Ventilateur \u00e0 roulement hydrodynamique de 120&nbsp;mm dot\u00e9 d\u2019une courbe de ventilation sp\u00e9cialement d\u00e9finie assure une ventilation quasi silencieuse, m\u00eame \u00e0 pleine charge.<\/li>\n<li><strong>Mode de ventilation Zero RPM<\/strong>&nbsp;: Fonctionnement quasi silencieux \u00e0 basses charges.<\/li>\n<li>Topologie LLC robuste avec une conversion CC-CC et des condensateurs 105\u00b0 de qualit\u00e9 industrielle.<\/li>\n<li>Compatible avec le mode veille Modern Standby, assurant des d\u00e9lais de passage de la veille au fonctionnement extr\u00eamement rapides et une efficacit\u00e9 \u00e0 faible charge am\u00e9lior\u00e9e.<\/li>\n<\/ul>\n<\/div>\n<\/section>\n<\/div><\/div>\n","protected":false},"excerpt":{"rendered":"<p>Alimentation modulaire ATX 1000W ATX12V 3.1 &#8211; Cybenetics Gold<\/p>\n","protected":false},"featured_media":215666,"comment_status":"open","ping_status":"closed","template":"","meta":{"_monsterinsights_skip_tracking":false,"_monsterinsights_sitenote_active":false,"_monsterinsights_sitenote_note":"","_monsterinsights_sitenote_category":0},"etheme_brands":[{"term_id":43,"name":"Corsair","slug":"corsair","term_group":0,"term_taxonomy_id":43,"taxonomy":"brand","description":"","parent":0,"count":182,"filter":"raw"}],"product_brand":[],"product_cat":[19],"product_tag":[],"class_list":{"0":"post-215665","1":"product","2":"type-product","3":"status-publish","4":"has-post-thumbnail","6":"brand-corsair","7":"product_cat-power-supply","9":"first","10":"instock","11":"taxable","12":"shipping-taxable","13":"purchasable","14":"product-type-simple"},"_links":{"self":[{"href":"https:\/\/electrovideo.eu\/en\/wp-json\/wp\/v2\/product\/215665","targetHints":{"allow":["GET"]}}],"collection":[{"href":"https:\/\/electrovideo.eu\/en\/wp-json\/wp\/v2\/product"}],"about":[{"href":"https:\/\/electrovideo.eu\/en\/wp-json\/wp\/v2\/types\/product"}],"replies":[{"embeddable":true,"href":"https:\/\/electrovideo.eu\/en\/wp-json\/wp\/v2\/comments?post=215665"}],"version-history":[{"count":0,"href":"https:\/\/electrovideo.eu\/en\/wp-json\/wp\/v2\/product\/215665\/revisions"}],"wp:featuredmedia":[{"embeddable":true,"href":"https:\/\/electrovideo.eu\/en\/wp-json\/wp\/v2\/media\/215666"}],"wp:attachment":[{"href":"https:\/\/electrovideo.eu\/en\/wp-json\/wp\/v2\/media?parent=215665"}],"wp:term":[{"taxonomy":"brand","embeddable":true,"href":"https:\/\/electrovideo.eu\/en\/wp-json\/wp\/v2\/etheme_brands?post=215665"},{"taxonomy":"product_brand","embeddable":true,"href":"https:\/\/electrovideo.eu\/en\/wp-json\/wp\/v2\/product_brand?post=215665"},{"taxonomy":"product_cat","embeddable":true,"href":"https:\/\/electrovideo.eu\/en\/wp-json\/wp\/v2\/product_cat?post=215665"},{"taxonomy":"product_tag","embeddable":true,"href":"https:\/\/electrovideo.eu\/en\/wp-json\/wp\/v2\/product_tag?post=215665"}],"curies":[{"name":"wp","href":"https:\/\/api.w.org\/{rel}","templated":true}]}}