{"id":215650,"date":"2025-09-20T17:22:45","date_gmt":"2025-09-20T15:22:45","guid":{"rendered":"https:\/\/electrovideo.eu\/produit\/corsair-rm850x-cybenetics-gold-2024\/"},"modified":"2026-04-16T01:36:16","modified_gmt":"2026-04-15T23:36:16","slug":"corsair-rm850x-cybenetics-gold-2024","status":"publish","type":"product","link":"https:\/\/electrovideo.eu\/en\/product\/corsair-rm850x-cybenetics-gold-2024\/","title":{"rendered":"Corsair RM850x Cybenetics Gold (2024)"},"content":{"rendered":"<div id=\"description\" class=\"description\">\n<div class=\"details-pdt-desc\">\n<h2 class=\"h2-master\">Corsair RMx Series 2024<\/h2>\n<section>\n<p>L&#8217;<strong>alimentation Corsair RM850x <\/strong>revient dans sa version 2024<strong> en proposant la compatibilit\u00e9 avec les normes ATX 3.1 et PCIe 5.1 <\/strong>assurant le support des cartes graphiques r\u00e9centes munies d&#8217;un connecteur 12V-2&#215;6.<strong> <\/strong>Elle est toujours<strong> <\/strong><strong>100 % modulaire<\/strong> et est \u00e9quip\u00e9e d&#8217;un ventilateur 140 mm avec mode 0 RPM. Id\u00e9ale pour les PC gaming ou Power User de derni\u00e8res g\u00e9n\u00e9rations, elle d\u00e9livre une puissance stable et fiable et b\u00e9n\u00e9ficie de la <strong>certification Cybenetics Gold<\/strong> lui garantissant un haut rendement \u00e9nerg\u00e9tique pour un minimum de perte.&nbsp;<\/p>\n<\/section>\n<section>\n<div class=\"desc-image\"><span><img decoding=\"async\" alt=\"\" loading=\"lazy\" src=\"https:\/\/electrovideo.eu\/wp-content\/uploads\/2025\/09\/corsair_rmx_2024.jpg\"><\/span><\/div>\n<div class=\"desc-text\">\n<h2>Modularit\u00e9 totale et haut rendement<\/h2>\n<ul>\n<li>Connecteurs Type-5 enti\u00e8rement modulaires.<\/li>\n<li><strong>Certification Cybenetics Gold<\/strong><\/li>\n<li>Condensateurs \u00e9lectrolytiques 105&nbsp;\u00b0C 100&nbsp;% japonais de qualit\u00e9 industrielle offrant puissance et fiabilit\u00e9.<\/li>\n<li>La conformit\u00e9 ATX 3.1 garantit une compatibilit\u00e9 totale avec les composants modernes et les \u00e9tats d&#8217;alimentation.<\/li>\n<li>Ventilateur \u00e0 roulement hydrodynamique avec une structure \u00e0 d\u00f4me magn\u00e9tique r\u00e9duisant le niveau de bruit au minimum.<\/li>\n<li><strong>Mode Zero RPM<\/strong> permettant un fonctionnement compl\u00e8tement silencieux \u00e0 faible ou moyenne charge.<\/li>\n<li>Vous pouvez remplacer le mode Zero RPM et le profil discret de la gamme RMx series avec le bouton de commande manuelle du ventilateur, qui permet d&#8217;augmenter la vitesse et le flux d&#8217;air du ventilateur.<\/li>\n<\/ul>\n<\/div>\n<\/section>\n<\/div><\/div>\n","protected":false},"excerpt":{"rendered":"<p>Alimentation 100% modulaire 850W ATX 3.1 &#8211; Cybenetics Gold<\/p>\n","protected":false},"featured_media":215652,"comment_status":"open","ping_status":"closed","template":"","meta":{"_monsterinsights_skip_tracking":false,"_monsterinsights_sitenote_active":false,"_monsterinsights_sitenote_note":"","_monsterinsights_sitenote_category":0},"etheme_brands":[{"term_id":43,"name":"Corsair","slug":"corsair","term_group":0,"term_taxonomy_id":43,"taxonomy":"brand","description":"","parent":0,"count":182,"filter":"raw"}],"product_brand":[],"product_cat":[19],"product_tag":[],"class_list":{"0":"post-215650","1":"product","2":"type-product","3":"status-publish","4":"has-post-thumbnail","6":"brand-corsair","7":"product_cat-power-supply","9":"first","10":"instock","11":"taxable","12":"shipping-taxable","13":"purchasable","14":"product-type-simple"},"_links":{"self":[{"href":"https:\/\/electrovideo.eu\/en\/wp-json\/wp\/v2\/product\/215650","targetHints":{"allow":["GET"]}}],"collection":[{"href":"https:\/\/electrovideo.eu\/en\/wp-json\/wp\/v2\/product"}],"about":[{"href":"https:\/\/electrovideo.eu\/en\/wp-json\/wp\/v2\/types\/product"}],"replies":[{"embeddable":true,"href":"https:\/\/electrovideo.eu\/en\/wp-json\/wp\/v2\/comments?post=215650"}],"version-history":[{"count":0,"href":"https:\/\/electrovideo.eu\/en\/wp-json\/wp\/v2\/product\/215650\/revisions"}],"wp:featuredmedia":[{"embeddable":true,"href":"https:\/\/electrovideo.eu\/en\/wp-json\/wp\/v2\/media\/215652"}],"wp:attachment":[{"href":"https:\/\/electrovideo.eu\/en\/wp-json\/wp\/v2\/media?parent=215650"}],"wp:term":[{"taxonomy":"brand","embeddable":true,"href":"https:\/\/electrovideo.eu\/en\/wp-json\/wp\/v2\/etheme_brands?post=215650"},{"taxonomy":"product_brand","embeddable":true,"href":"https:\/\/electrovideo.eu\/en\/wp-json\/wp\/v2\/product_brand?post=215650"},{"taxonomy":"product_cat","embeddable":true,"href":"https:\/\/electrovideo.eu\/en\/wp-json\/wp\/v2\/product_cat?post=215650"},{"taxonomy":"product_tag","embeddable":true,"href":"https:\/\/electrovideo.eu\/en\/wp-json\/wp\/v2\/product_tag?post=215650"}],"curies":[{"name":"wp","href":"https:\/\/api.w.org\/{rel}","templated":true}]}}