{"id":215644,"date":"2025-09-20T17:22:45","date_gmt":"2025-09-20T15:22:45","guid":{"rendered":"https:\/\/electrovideo.eu\/produit\/antec-gsk-750\/"},"modified":"2026-04-16T01:36:04","modified_gmt":"2026-04-15T23:36:04","slug":"antec-gsk-750","status":"publish","type":"product","link":"https:\/\/electrovideo.eu\/en\/product\/antec-gsk-750\/","title":{"rendered":"Antec GSK 750"},"content":{"rendered":"<div id=\"description\" class=\"description\">\n<div class=\"details-pdt-desc\">\n<h2 class=\"h2-master\">Alimentation 80+ Gold ATX3.1\/PCIe 5.1<\/h2>\n<section>\n<p>Le <strong>bloc d&#8217;alimentation Antec GSK 750<\/strong> est con\u00e7ue pour offrir des performances et une stabilit\u00e9 \u00e9lev\u00e9es, notamment avec les fonctionnalit\u00e9s avanc\u00e9es telles que ATX 3.1 et PCIe 5.1. Ses condensateurs japonais de haute qualit\u00e9 assurent une stabilit\u00e9 in\u00e9gal\u00e9e et sa certification 80 PLUS Gold lui permet un haut rendement \u00e9nerg\u00e9tique. Son ventilateur silencieux FDB de 120 mm offre un refroidissement silencieux en plus de son mode 0 RPM. L&#8217;alimentation est \u00e9galement 100 % modulaire, ce qui permet une gestion facilit\u00e9e des c\u00e2bles. Les protections CircuitShield de qualit\u00e9 industrielle fournissent une alimentation \u00e9lectrique s\u00fbre et fiable dans n&#8217;importe quel environnement.&nbsp;<\/p>\n<\/section>\n<section>\n<div class=\"desc-image\"><span><img decoding=\"async\" alt=\"\" loading=\"lazy\" src=\"https:\/\/electrovideo.eu\/wp-content\/uploads\/2025\/09\/antec_gsk_750.jpg\"><\/span><\/div>\n<div class=\"desc-text\">\n<h2>Points forts<\/h2>\n<ul>\n<li>Certification ATX3.1 r\u00e9pondant aux normes \u00e9lev\u00e9es de fiabilit\u00e9 et d&#8217;efficacit\u00e9 \u00e9nerg\u00e9tique, et garantissant le plus haut niveau de qualit\u00e9 et de performances.&nbsp;<\/li>\n<li>C\u00e2ble GPU PCIe 5.1 12V-2&#215;6 inclus pour une compatibilit\u00e9 transparente avec les derni\u00e8res cartes graphiques.<\/li>\n<li>Condensateurs Japonais de haute qualit\u00e9 pour une r\u00e9gulation de tension tr\u00e8s pointue et un minimum d&#8217;ondulation et de bruit, maximisant les performances de votre syst\u00e8me.<\/li>\n<li>Conception LLC de classe serveur avec rectification synchrone bas\u00e9e sur une topologie DC-DC pour une efficacit\u00e9 de distribution d\u2019\u00e9nergie et une stabilit\u00e9 in\u00e9gal\u00e9es pour votre syst\u00e8me.<\/li>\n<li>Suite compl\u00e8te de protections de qualit\u00e9 industrielle OCP, OVP, UVP, SCP, OPP, OTP, SIP et NLO qui garantissent la s\u00e9curit\u00e9 et la fiabilit\u00e9 de votre alimentation.<\/li>\n<li><strong>Mode 0 RPM<\/strong> : Les capteurs thermiques activent le ventilateur uniquement lorsque cela est n\u00e9cessaire, offrant un refroidissement optimal en minimisant les nuisances sonores.<\/li>\n<\/ul>\n<\/div>\n<\/section>\n<\/div><\/div>\n","protected":false},"excerpt":{"rendered":"<p>Alimentation 100% modulaire 750 Watts ATX 3.1 80 PLUS Gold<\/p>\n","protected":false},"featured_media":215646,"comment_status":"open","ping_status":"closed","template":"","meta":{"_monsterinsights_skip_tracking":false,"_monsterinsights_sitenote_active":false,"_monsterinsights_sitenote_note":"","_monsterinsights_sitenote_category":0},"etheme_brands":[{"term_id":325,"name":"Antec","slug":"antec","term_group":0,"term_taxonomy_id":325,"taxonomy":"brand","description":"","parent":0,"count":19,"filter":"raw"}],"product_brand":[],"product_cat":[19],"product_tag":[],"class_list":{"0":"post-215644","1":"product","2":"type-product","3":"status-publish","4":"has-post-thumbnail","6":"brand-antec","7":"product_cat-power-supply","9":"first","10":"instock","11":"taxable","12":"shipping-taxable","13":"purchasable","14":"product-type-simple"},"_links":{"self":[{"href":"https:\/\/electrovideo.eu\/en\/wp-json\/wp\/v2\/product\/215644","targetHints":{"allow":["GET"]}}],"collection":[{"href":"https:\/\/electrovideo.eu\/en\/wp-json\/wp\/v2\/product"}],"about":[{"href":"https:\/\/electrovideo.eu\/en\/wp-json\/wp\/v2\/types\/product"}],"replies":[{"embeddable":true,"href":"https:\/\/electrovideo.eu\/en\/wp-json\/wp\/v2\/comments?post=215644"}],"version-history":[{"count":0,"href":"https:\/\/electrovideo.eu\/en\/wp-json\/wp\/v2\/product\/215644\/revisions"}],"wp:featuredmedia":[{"embeddable":true,"href":"https:\/\/electrovideo.eu\/en\/wp-json\/wp\/v2\/media\/215646"}],"wp:attachment":[{"href":"https:\/\/electrovideo.eu\/en\/wp-json\/wp\/v2\/media?parent=215644"}],"wp:term":[{"taxonomy":"brand","embeddable":true,"href":"https:\/\/electrovideo.eu\/en\/wp-json\/wp\/v2\/etheme_brands?post=215644"},{"taxonomy":"product_brand","embeddable":true,"href":"https:\/\/electrovideo.eu\/en\/wp-json\/wp\/v2\/product_brand?post=215644"},{"taxonomy":"product_cat","embeddable":true,"href":"https:\/\/electrovideo.eu\/en\/wp-json\/wp\/v2\/product_cat?post=215644"},{"taxonomy":"product_tag","embeddable":true,"href":"https:\/\/electrovideo.eu\/en\/wp-json\/wp\/v2\/product_tag?post=215644"}],"curies":[{"name":"wp","href":"https:\/\/api.w.org\/{rel}","templated":true}]}}