{"id":215601,"date":"2025-09-23T06:18:43","date_gmt":"2025-09-23T04:18:43","guid":{"rendered":"https:\/\/electrovideo.eu\/produit\/asus-27-led-tuf-gaming-vg279q3a\/"},"modified":"2026-04-15T04:52:14","modified_gmt":"2026-04-15T02:52:14","slug":"asus-27-led-tuf-gaming-vg279q3a","status":"publish","type":"product","link":"https:\/\/electrovideo.eu\/en\/product\/asus-27-led-tuf-gaming-vg279q3a\/","title":{"rendered":"ASUS 27&#8243; LED &#8211; TUF Gaming VG279Q3A"},"content":{"rendered":"<div id=\"description\" class=\"description\">\n<div class=\"details-pdt-desc\">\n<h2 class=\"h2-master\">Hautes performances de jeu en 1080p<\/h2>\n<section>\n<p>Boostez vos performances de jeu en accueillant le <strong>moniteur gaming ASUS TUF Gaming VG279Q3A<\/strong> dans votre arsenal ! Port\u00e9 par une dalle IPS Full HD de 27 pouces, cet \u00e9cran poss\u00e8de tous les atouts pour vous mener vers la victoire. Profitez des technologies Extreme Low Motion Blur et&nbsp;FreeSync Premium, d&#8217;un taux de rafra\u00eechissement jusqu&#8217;\u00e0 180 Hz et d&#8217;un temps de r\u00e9ponse ultra-rapide de 1 ms (gris \u00e0 gris).<br \/>\n&nbsp;<\/p>\n<\/section>\n<section>\n<div class=\"desc-image\"><span><img decoding=\"async\" alt=\"\" loading=\"lazy\" src=\"https:\/\/electrovideo.eu\/wp-content\/uploads\/2025\/09\/801-20.jpg\"><\/span><\/div>\n<div class=\"desc-text\">\n<h2>Jouez dans les meilleures conditions<\/h2>\n<p>Avec sa <strong>dalle IPS de 27 pouces<\/strong>, le moniteur TUF Gaming VG279Q3A offre \u00e0 chaque utilisateur un environnement de qualit\u00e9. Outre une <strong>r\u00e9solution Full HD<\/strong>, ce mod\u00e8le dispose de couleurs riches et naturelles et d&#8217;un contraste typique de 1000:1. Profitez d&#8217;une connectique compl\u00e8te avec deux ports HDMI et un connecteur DisplayPort et b\u00e9n\u00e9ficiez d&#8217;un confort oculaire optimis\u00e9 pour de longues parties agr\u00e9ables. La technologie FlickerFree \u00e9liminera le scintillement tandis qu&#8217;Ultra-Low Blue Light r\u00e9duira les effets n\u00e9fastes de la lumi\u00e8re bleue.<\/div>\n<\/section>\n<section>\n<div class=\"desc-text\">\n<h2>La victoire en ligne de mire<\/h2>\n<p>L&#8217;\u00e9cran gaming ASUS&nbsp;VG2797Q3A&nbsp;int\u00e8gre FreeSync Premium,&nbsp;un temps de r\u00e9ponse de 1 ms (gris \u00e0 gris) et la technologie Extreme Low Motion Blur (ELMB). Pour appuyer cette base solide, ce mod\u00e8le offre une fr\u00e9quence de rafra\u00eechissement maximale de 180 Hz sur connecteur DisplayPort.<\/p>\n<p>D&#8217;autres modes sont \u00e9galement disponibles pour vous aider \u00e0 surpasser vos adversaires. Ainsi, ASUS GamePlus propose les&nbsp;<strong>fonctions Viseur, Sniper, Minuteur, Compteur d&#8217;IPS (Images par seconde) et Alignement de l&#8217;affichage<\/strong>. De son c\u00f4t\u00e9, la technologie <strong>Shadow Boost<\/strong> se charge quant \u00e0 elle de faire ressortir les sc\u00e8nes sombres sans surexposer les \u00e9l\u00e9ments plus lumineux, de mani\u00e8re \u00e0 vous donner un avantage dans les environnements obscurs.<\/p>\n<\/div>\n<div class=\"desc-image\"><span><img decoding=\"async\" alt=\"\" loading=\"lazy\" src=\"https:\/\/electrovideo.eu\/wp-content\/uploads\/2025\/09\/802-15.jpg\"><\/span><\/div>\n<\/section>\n<section class=\"list\">\n<h2>Caract\u00e9ristiques principales :<\/h2>\n<ul>\n<li>Moniteur de 27 pouces&nbsp;avec r\u00e9solution&nbsp;Full HD (1920 x 1080)<\/li>\n<li><strong>Dalle IPS<\/strong> : couleurs de qualit\u00e9 sup\u00e9rieure et larges angles de vision<\/li>\n<li>Technologie <strong>AMD FreeSync Premium<\/strong><\/li>\n<li>Taux de rafra\u00eechissement maximal de <strong>180 Hz<\/strong> (via DisplayPort)<\/li>\n<li><strong>Technologie ELMB<\/strong><\/li>\n<li>Temps de r\u00e9ponse de 1 ms (gris \u00e0 gris)<\/li>\n<li><strong>Connecteurs<\/strong> :&nbsp;HDMI x 2, DisplayPort x 1<\/li>\n<li>Meilleur confort oculaire avec le mode ASUS Ultra Low Blue Light&nbsp;et la technologie&nbsp;Flicker Free<\/li>\n<li>Asus GamePlus<\/li>\n<\/ul>\n<\/section>\n<\/div><\/div>\n","protected":false},"excerpt":{"rendered":"<p>Ecran PC Full HD 1080p &#8211; 1920 x 1080 pixels &#8211; 1 ms (gris \u00e0 gris) &#8211; Format 16\/9 &#8211; Dalle IPS &#8211; 180 Hz &#8211; FreeSync Premium \/ G-SYNC Compatible &#8211; HDMI\/DisplayPort &#8211; Noir<\/p>\n","protected":false},"featured_media":215603,"comment_status":"open","ping_status":"closed","template":"","meta":{"_monsterinsights_skip_tracking":false,"_monsterinsights_sitenote_active":false,"_monsterinsights_sitenote_note":"","_monsterinsights_sitenote_category":0},"etheme_brands":[{"term_id":53,"name":"ASUS","slug":"asus","term_group":0,"term_taxonomy_id":53,"taxonomy":"brand","description":"","parent":0,"count":248,"filter":"raw"}],"product_brand":[],"product_cat":[3302],"product_tag":[],"class_list":{"0":"post-215601","1":"product","2":"type-product","3":"status-publish","4":"has-post-thumbnail","6":"brand-asus","7":"product_cat-pc-monitors-screens","9":"first","10":"instock","11":"sale","12":"taxable","13":"shipping-taxable","14":"purchasable","15":"product-type-simple"},"_links":{"self":[{"href":"https:\/\/electrovideo.eu\/en\/wp-json\/wp\/v2\/product\/215601","targetHints":{"allow":["GET"]}}],"collection":[{"href":"https:\/\/electrovideo.eu\/en\/wp-json\/wp\/v2\/product"}],"about":[{"href":"https:\/\/electrovideo.eu\/en\/wp-json\/wp\/v2\/types\/product"}],"replies":[{"embeddable":true,"href":"https:\/\/electrovideo.eu\/en\/wp-json\/wp\/v2\/comments?post=215601"}],"version-history":[{"count":0,"href":"https:\/\/electrovideo.eu\/en\/wp-json\/wp\/v2\/product\/215601\/revisions"}],"wp:featuredmedia":[{"embeddable":true,"href":"https:\/\/electrovideo.eu\/en\/wp-json\/wp\/v2\/media\/215603"}],"wp:attachment":[{"href":"https:\/\/electrovideo.eu\/en\/wp-json\/wp\/v2\/media?parent=215601"}],"wp:term":[{"taxonomy":"brand","embeddable":true,"href":"https:\/\/electrovideo.eu\/en\/wp-json\/wp\/v2\/etheme_brands?post=215601"},{"taxonomy":"product_brand","embeddable":true,"href":"https:\/\/electrovideo.eu\/en\/wp-json\/wp\/v2\/product_brand?post=215601"},{"taxonomy":"product_cat","embeddable":true,"href":"https:\/\/electrovideo.eu\/en\/wp-json\/wp\/v2\/product_cat?post=215601"},{"taxonomy":"product_tag","embeddable":true,"href":"https:\/\/electrovideo.eu\/en\/wp-json\/wp\/v2\/product_tag?post=215601"}],"curies":[{"name":"wp","href":"https:\/\/api.w.org\/{rel}","templated":true}]}}