{"id":215517,"date":"2025-09-23T06:18:43","date_gmt":"2025-09-23T04:18:43","guid":{"rendered":"https:\/\/electrovideo.eu\/produit\/asus-34-led-tuf-gaming-vg34vq3b\/"},"modified":"2026-04-15T04:52:36","modified_gmt":"2026-04-15T02:52:36","slug":"asus-34-led-tuf-gaming-vg34vq3b","status":"publish","type":"product","link":"https:\/\/electrovideo.eu\/en\/product\/asus-34-led-tuf-gaming-vg34vq3b\/","title":{"rendered":"ASUS 34&#8243; LED &#8211; TUF Gaming VG34VQ3B"},"content":{"rendered":"<div id=\"description\" class=\"description\">\n<div class=\"details-pdt-desc\">\n<h2 class=\"h2-master\">Vitesse et Haute d\u00e9finition pour les Gamers<\/h2>\n<section>\n<p>Gagnez en confort et en performance de jeu avec le <strong>moniteur ASUS TUF Gaming VG34VQ3B<\/strong> ! Avec sa dalle VA incurv\u00e9e de 34 pouces au format 21\/9, son taux de rafra\u00eechissement de 180 Hz et son temps de r\u00e9ponse rapide de 1 ms, cet \u00e9cran sera particuli\u00e8rement immersif. De plus, il b\u00e9n\u00e9ficie de la technologie ELMB SYNC (Extreme Low Motion Blur SYNC) et d&#8217;AMD FreeSync Premium pour \u00e9liminer les effets de tra\u00een\u00e9e et les d\u00e9chirements d&#8217;image.<br \/>\n&nbsp;<\/p>\n<\/section>\n<section>\n<div class=\"desc-image\"><span><img decoding=\"async\" alt=\"\" loading=\"lazy\" src=\"https:\/\/electrovideo.eu\/wp-content\/uploads\/2025\/09\/hdr-1.jpg\"><\/span><\/div>\n<div class=\"desc-text\">\n<h2>Format XXL, \u00e9motions XXL<\/h2>\n<p>Avec sa <strong>dalle VA incurv\u00e9e de 34 pouces<\/strong>, le moniteur TUF Gaming VG34VQ3B offre une immersion visuelle intense pour des parties inoubliables. Retrouvez une grande richesse de couleurs, des d\u00e9tails \u00e9lev\u00e9s et une prise en charge HDR10 et une certification VESA DisplayHDR 400.<\/p>\n<p>Pour vous laisser la possibilit\u00e9 de jouer dans les meilleures conditions, une riche connectique est au rendez-vous. Retrouvez ainsi 2 ports HDMI, 2 ports DisplayPort ainsi que <strong>2 ports USB 3.0<\/strong> pour relier vos diff\u00e9rents p\u00e9riph\u00e9riques.<\/div>\n<\/section>\n<section>\n<div class=\"desc-text\">\n<h2>Des performances de jeu optimales<\/h2>\n<p>L&#8217;\u00e9cran gaming ASUS&nbsp;VG34VQ3B&nbsp;int\u00e8gre&nbsp;<strong>FreeSync Premium<\/strong>, un temps de r\u00e9ponse de 1 ms (MPRT) et la technologie&nbsp;<strong>Extreme Low Motion Blur (ELMB)<\/strong> pour une exp\u00e9rience gaming fluide et efficace. Pour appuyer cette base solide, ce mod\u00e8le offre une fr\u00e9quence de rafra\u00eechissement maximale de 180&nbsp;Hz sur connecteur DisplayPort (144 Hz en HDMI) et la technologie Overdrive Variable.<\/p>\n<p>D&#8217;autres modes sont \u00e9galement disponibles permettant de surpasser vos adversaires. Ainsi, ASUS GamePlus propose les&nbsp;<strong>fonctions Viseur, Sniper, Minuteur, Compteur d&#8217;IPS (Images par seconde) et Alignement de l&#8217;affichage<\/strong>. De son c\u00f4t\u00e9, la technologie&nbsp;<strong>Shadow Boost<\/strong>&nbsp;se charge quant \u00e0 elle de faire ressortir les sc\u00e8nes sombres sans surexposer les \u00e9l\u00e9ments plus lumineux, de mani\u00e8re \u00e0 vous donner un avantage dans les environnements obscurs.<\/p>\n<\/div>\n<div class=\"desc-image\"><span><img decoding=\"async\" alt=\"\" loading=\"lazy\" src=\"https:\/\/electrovideo.eu\/wp-content\/uploads\/2025\/09\/elmb.jpg\"><\/span><\/div>\n<\/section>\n<section class=\"list\">\n<h2>Caract\u00e9ristiques principales :<\/h2>\n<ul>\n<li>\u00c9cran mat de 34 pouces au format 21\/9 avec r\u00e9solution <strong>3440 x 1440<\/strong><\/li>\n<li><strong>Dalle VA incurv\u00e9e&nbsp;<\/strong>: immersion, angles de vision larges (178\u00b0) et couleurs de qualit\u00e9 sup\u00e9rieure<\/li>\n<li>Contraste typique de 4000:1<\/li>\n<li>Prise en charge HDR10 \/ certification VESA DisplayHDR 400<\/li>\n<li>Technologie AMD <strong>FreeSync Premium<\/strong><\/li>\n<li>Taux de rafra\u00eechissement maximal de <strong>180Hz<\/strong> (via DisplayPort) \/ 144 Hz (via HDMI)<\/li>\n<li>Technologie Overdrive Variable<\/li>\n<li>Temps de r\u00e9ponse : 1 ms (MPRT)<\/li>\n<li><strong>R\u00e9duction de flou de mouvement ELMB<\/strong><\/li>\n<li>Technologie Shadow Boost et mode Asus GamePlus<\/li>\n<li><strong>Connecteurs<\/strong> : 2x HDMI 2.0, 2x DisplayPort 1.4<\/li>\n<li><strong>Hub USB 3.0 avec 2 ports<\/strong><\/li>\n<li>Meilleur confort oculaire avec le mode ASUS Ultra Low Blue Light&nbsp;et la technologie&nbsp;Flicker Free<\/li>\n<\/ul>\n<\/section>\n<\/div><\/div>\n","protected":false},"excerpt":{"rendered":"<p>Ecran PC UltraWide WQHD &#8211; 3440 x 1440 pixels &#8211; 1 ms (MPRT) &#8211; 21\/9 &#8211; Dalle VA incurv\u00e9e &#8211; HDR 400 &#8211; 180 Hz &#8211; FreeSync Premium &#8211; HDMI\/DisplayPort &#8211; Hub USB 3.0 &#8211; Haut-parleurs &#8211; Noir<\/p>\n","protected":false},"featured_media":215519,"comment_status":"open","ping_status":"closed","template":"","meta":{"_monsterinsights_skip_tracking":false,"_monsterinsights_sitenote_active":false,"_monsterinsights_sitenote_note":"","_monsterinsights_sitenote_category":0},"etheme_brands":[{"term_id":53,"name":"ASUS","slug":"asus","term_group":0,"term_taxonomy_id":53,"taxonomy":"brand","description":"","parent":0,"count":248,"filter":"raw"}],"product_brand":[],"product_cat":[3302],"product_tag":[],"class_list":{"0":"post-215517","1":"product","2":"type-product","3":"status-publish","4":"has-post-thumbnail","6":"brand-asus","7":"product_cat-pc-monitors-screens","9":"first","10":"instock","11":"taxable","12":"shipping-taxable","13":"purchasable","14":"product-type-simple"},"_links":{"self":[{"href":"https:\/\/electrovideo.eu\/en\/wp-json\/wp\/v2\/product\/215517","targetHints":{"allow":["GET"]}}],"collection":[{"href":"https:\/\/electrovideo.eu\/en\/wp-json\/wp\/v2\/product"}],"about":[{"href":"https:\/\/electrovideo.eu\/en\/wp-json\/wp\/v2\/types\/product"}],"replies":[{"embeddable":true,"href":"https:\/\/electrovideo.eu\/en\/wp-json\/wp\/v2\/comments?post=215517"}],"version-history":[{"count":0,"href":"https:\/\/electrovideo.eu\/en\/wp-json\/wp\/v2\/product\/215517\/revisions"}],"wp:featuredmedia":[{"embeddable":true,"href":"https:\/\/electrovideo.eu\/en\/wp-json\/wp\/v2\/media\/215519"}],"wp:attachment":[{"href":"https:\/\/electrovideo.eu\/en\/wp-json\/wp\/v2\/media?parent=215517"}],"wp:term":[{"taxonomy":"brand","embeddable":true,"href":"https:\/\/electrovideo.eu\/en\/wp-json\/wp\/v2\/etheme_brands?post=215517"},{"taxonomy":"product_brand","embeddable":true,"href":"https:\/\/electrovideo.eu\/en\/wp-json\/wp\/v2\/product_brand?post=215517"},{"taxonomy":"product_cat","embeddable":true,"href":"https:\/\/electrovideo.eu\/en\/wp-json\/wp\/v2\/product_cat?post=215517"},{"taxonomy":"product_tag","embeddable":true,"href":"https:\/\/electrovideo.eu\/en\/wp-json\/wp\/v2\/product_tag?post=215517"}],"curies":[{"name":"wp","href":"https:\/\/api.w.org\/{rel}","templated":true}]}}