{"id":215505,"date":"2025-09-23T06:19:44","date_gmt":"2025-09-23T04:19:44","guid":{"rendered":"https:\/\/electrovideo.eu\/produit\/asus-31-5-oled-rog-swift-pg32ucdp\/"},"modified":"2026-04-15T04:52:26","modified_gmt":"2026-04-15T02:52:26","slug":"asus-31-5-oled-rog-swift-pg32ucdp","status":"publish","type":"product","link":"https:\/\/electrovideo.eu\/en\/product\/asus-31-5-oled-rog-swift-pg32ucdp\/","title":{"rendered":"ASUS 31.5&#8243; OLED &#8211; ROG Swift PG32UCDP"},"content":{"rendered":"<div id=\"description\" class=\"description\">\n<div class=\"details-pdt-desc\">\n<h2 class=\"h2-master\">\u00c9cran gaming OLED avec Dual Mode 4K 240 Hz \/ FHD 480 Hz<\/h2>\n<section>\n<p>L&#8217;<strong>ASUS ROG Swift OLED PG32UCDP<\/strong> est un incroyable \u00e9cran gaming ultra rapide et ultra immersif. Ses caract\u00e9ristiques hors-normes vous permettront de jouer dans des conditions exceptionnelles. En plus de cela, ce mod\u00e8le b\u00e9n\u00e9ficie d&#8217;un <strong>Dual Mode<\/strong> qui vous permet, selon vos besoins de jeu, de choisir entre un affichage <strong>4K \u00e0 240 Hz<\/strong> ou <strong>Full HD \u00e0 480 Hz<\/strong>.<br \/>\n&nbsp;<\/p>\n<\/section>\n<section>\n<div class=\"desc-image\"><span><img decoding=\"async\" alt=\"\" loading=\"lazy\" src=\"https:\/\/electrovideo.eu\/wp-content\/uploads\/2025\/09\/800_1-9.jpg\"><\/span><\/div>\n<div class=\"desc-text\">\n<h2>Plongez au c\u0153ur de l&#8217;action<\/h2>\n<ul>\n<li>Moniteur gaming WOLED 32 pouces 4K (3840 x 2160) avec taux de rafra\u00eechissement de 240 Hz et temps de r\u00e9ponse de 0,03 ms (GTG) pour des jeux immersifs + Dual Mode Full HD avec taux de rafra\u00eechissement de 480 Hz<\/li>\n<li>Luminosit\u00e9 de 250 nits (SDR) \/ 1300 nits (peak HDR)<\/li>\n<li>Dissipateur thermique personnalis\u00e9 tr\u00e8s efficace et optimisation intelligente de la tension pour une meilleure gestion de la chaleur et une r\u00e9duction du risque de burn-in<\/li>\n<li>Conformit\u00e9 VESA DisplayHDR 400 True Black, 10-bit v\u00e9ritable, gamme DCI-P3 de 99 % et diff\u00e9rence de couleur Delta E &lt; 2 pour des performances HDR \u00e9tonnantes<\/li>\n<li>Le r\u00e9glage optionnel de la luminosit\u00e9 uniforme garantit des niveaux de luminance constants<\/li>\n<li>Le centre DisplayWidget permet de r\u00e9gler facilement les param\u00e8tres de l&#8217;OLED et du moniteur \u00e0 l&#8217;aide d&#8217;une souris<\/li>\n<li>Port USB-C Compatible Power Delivery jusqu&#8217;\u00e0 90 Watts<\/li>\n<\/ul>\n<\/div>\n<\/section>\n<section>\n<div class=\"desc-text\">\n<h2>Dual Mode 4K 240 Hz \/ FHD 480 Hz<\/h2>\n<p>L&#8217;\u00e9cran OLED de 31.5 pouces du ROG Swift OLED PG32UCDP b\u00e9n\u00e9ficie d&#8217;une r\u00e9solution de 2160p et offre un taux de rafra\u00eechissement ultra rapide de 240 Hz afin de vous offrir une image combinant haute pr\u00e9cision et fluidit\u00e9. Pour les jeux les plus nerveux, o\u00f9 la vitesse prime, cet \u00e9cran dispose d&#8217;un &#8220;Dual Mode&#8221; qui vous permettra de passer \u00e0 une r\u00e9solution Full HD sur une surface plus restreinte mais avec une vitesse de rafraichissement d\u00e9cupl\u00e9e de 480 Hz ! Gr\u00e2ce au Dual Mode, cet \u00e9cran restera parfaitement adapt\u00e9 quel que soit le jeu !<\/p>\n<\/div>\n<div class=\"desc-image\"><span><img decoding=\"async\" alt=\"\" loading=\"lazy\" src=\"https:\/\/electrovideo.eu\/wp-content\/uploads\/2025\/09\/asus_pg27aqdm_002.jpg\"><\/span><\/div>\n<\/section>\n<section>\n<div class=\"desc-image\"><span><img decoding=\"async\" alt=\"\" loading=\"lazy\" src=\"https:\/\/electrovideo.eu\/wp-content\/uploads\/2025\/09\/800_3-3.jpg\"><\/span><\/div>\n<div class=\"desc-text\">\n<h2>Conception remarquable<\/h2>\n<p>Le Swift OLED PG32UCDP est \u00e9quip\u00e9 d&#8217;un dissipateur thermique personnalis\u00e9 et d&#8217;une disposition innovante des composants internes con\u00e7us pour \u00e9loigner la chaleur de l&#8217;\u00e9cran OLED afin de minimiser la probabilit\u00e9 de br\u00fblure de l&#8217;image. Gr\u00e2ce \u00e0 ces caract\u00e9ristiques et \u00e0 un large \u00e9vent sup\u00e9rieur, le Swift OLED PG32UCDP est capable de dissiper la chaleur plus efficacement.<\/p>\n<\/div>\n<\/section>\n<\/div><\/div>\n","protected":false},"excerpt":{"rendered":"<p>Ecran PC 4K &#8211; 3840 x 2160 pixels &#8211; 0.03 ms (gris \u00e0 gris) &#8211; Format 16\/9 &#8211; Dalle OLED &#8211; 240 Hz &#8211; HDR400 True Black &#8211; G-SYNC Compatible \/ FreeSync Premium Pro &#8211; DisplayPort\/HDMI &#8211; Hub USB 3.0 &#8211; Noir<\/p>\n","protected":false},"featured_media":215507,"comment_status":"open","ping_status":"closed","template":"","meta":{"_monsterinsights_skip_tracking":false,"_monsterinsights_sitenote_active":false,"_monsterinsights_sitenote_note":"","_monsterinsights_sitenote_category":0},"etheme_brands":[{"term_id":53,"name":"ASUS","slug":"asus","term_group":0,"term_taxonomy_id":53,"taxonomy":"brand","description":"","parent":0,"count":248,"filter":"raw"}],"product_brand":[],"product_cat":[3302],"product_tag":[],"class_list":{"0":"post-215505","1":"product","2":"type-product","3":"status-publish","4":"has-post-thumbnail","6":"brand-asus","7":"product_cat-pc-monitors-screens","9":"first","10":"instock","11":"taxable","12":"shipping-taxable","13":"purchasable","14":"product-type-simple"},"_links":{"self":[{"href":"https:\/\/electrovideo.eu\/en\/wp-json\/wp\/v2\/product\/215505","targetHints":{"allow":["GET"]}}],"collection":[{"href":"https:\/\/electrovideo.eu\/en\/wp-json\/wp\/v2\/product"}],"about":[{"href":"https:\/\/electrovideo.eu\/en\/wp-json\/wp\/v2\/types\/product"}],"replies":[{"embeddable":true,"href":"https:\/\/electrovideo.eu\/en\/wp-json\/wp\/v2\/comments?post=215505"}],"version-history":[{"count":0,"href":"https:\/\/electrovideo.eu\/en\/wp-json\/wp\/v2\/product\/215505\/revisions"}],"wp:featuredmedia":[{"embeddable":true,"href":"https:\/\/electrovideo.eu\/en\/wp-json\/wp\/v2\/media\/215507"}],"wp:attachment":[{"href":"https:\/\/electrovideo.eu\/en\/wp-json\/wp\/v2\/media?parent=215505"}],"wp:term":[{"taxonomy":"brand","embeddable":true,"href":"https:\/\/electrovideo.eu\/en\/wp-json\/wp\/v2\/etheme_brands?post=215505"},{"taxonomy":"product_brand","embeddable":true,"href":"https:\/\/electrovideo.eu\/en\/wp-json\/wp\/v2\/product_brand?post=215505"},{"taxonomy":"product_cat","embeddable":true,"href":"https:\/\/electrovideo.eu\/en\/wp-json\/wp\/v2\/product_cat?post=215505"},{"taxonomy":"product_tag","embeddable":true,"href":"https:\/\/electrovideo.eu\/en\/wp-json\/wp\/v2\/product_tag?post=215505"}],"curies":[{"name":"wp","href":"https:\/\/api.w.org\/{rel}","templated":true}]}}