{"id":215502,"date":"2025-09-23T06:23:21","date_gmt":"2025-09-23T04:23:21","guid":{"rendered":"https:\/\/electrovideo.eu\/produit\/asus-27-oled-rog-strix-xg27aqdmg-2\/"},"modified":"2025-09-24T22:13:40","modified_gmt":"2025-09-24T20:13:40","slug":"asus-27-oled-rog-strix-xg27aqdmg-2","status":"publish","type":"product","link":"https:\/\/electrovideo.eu\/en\/product\/asus-27-oled-rog-strix-xg27aqdmg-2\/","title":{"rendered":"ASUS 27&#8243; OLED &#8211; ROG Strix XG27AQDMG"},"content":{"rendered":"<div id=\"description\" class=\"description\">\n<div class=\"details-pdt-desc\">\n<h2 class=\"h2-master\">\u00c9cran gaming OLED 1440p 240&nbsp;Hz<\/h2>\n<section>\n<p>L&#8217;<strong>ASUS ROG Strix XG27AQDMG<\/strong> est un superbe <strong>\u00e9cran gaming OLED <\/strong>dot\u00e9 de fonctionnalit\u00e9s avanc\u00e9es. Sa dalle <strong>OLED <\/strong>offre une qualit\u00e9 d&#8217;image exceptionnelle, avec une couverture de <strong>99 % de l&#8217;espace colorim\u00e9trique DCI-P3<\/strong> et un <strong>rapport de contraste impressionnant de 1 500 000:1<\/strong>. Avec des noirs profonds et des couleurs vives, cet \u00e9cran \u00e9quip\u00e9 de la <strong>technologie VESA DisplayHDR 400 True Black <\/strong>d\u00e9livre une <strong>luminosit\u00e9 maximale de 1 300 cd\/m\u00b2 <\/strong>pour une immersion visuelle optimale et une exp\u00e9rience de jeu sublim\u00e9e. Et pour vous permettre de jouer dans les meilleures conditions, l&#8217;<strong>ASUS ROG Strix XG27AQDMG<\/strong> b\u00e9n\u00e9ficie d&#8217;une<strong> r\u00e9solution 2.5K<\/strong>, d&#8217;un <strong>taux de rafraichissement \u00e9lev\u00e9 de 240 Hz<\/strong> et d&#8217;un <strong>temps de r\u00e9ponse ultra-court de 0.03 ms<\/strong>.<\/p>\n<\/section>\n<section>\n<div class=\"desc-image\"><span><img decoding=\"async\" alt=\"\" loading=\"lazy\" src=\"https:\/\/electrovideo.eu\/wp-content\/uploads\/2025\/09\/asus_rog_strix_xg27aqdmg_001-1.jpg\"><\/span><\/div>\n<div class=\"desc-text\">\n<h2>Qualit\u00e9 d&#8217;image exceptionnelle<\/h2>\n<p>Le <strong>moniteur gaming ROG Strix OLED XG27AQDMG<\/strong> de <strong>27 pouces<\/strong> est dot\u00e9 d&#8217;un <strong>\u00e9cran WOLED brillant 1440p <\/strong>exclusif avec un <strong>taux de rafra\u00eechissement de 240 Hz<\/strong>, la <strong>technologie OLED Anti-flicker <\/strong>et un <strong>temps de r\u00e9ponse gris-gris (GTG) de 0,03 ms<\/strong> pour des jeux immersifs et rapides. Un <strong>grand dissipateur thermique<\/strong>&nbsp;offre des performances de refroidissement exceptionnelles, tandis que les <strong>fonctions ASUS OLED Care<\/strong> r\u00e9duisent le risque de br\u00fblure pour assurer la long\u00e9vit\u00e9 de la dalle OLED.&nbsp;Cette dalle exclusive \u00e0 ROG offre des teintes noires profondes et des images d&#8217;une grande nettet\u00e9 quelles que soient les conditions d&#8217;\u00e9clairage, pour des exp\u00e9riences visuelles exceptionnelles.<\/p>\n<\/div>\n<\/section>\n<section>\n<div class=\"desc-text\">\n<h2>Jouez en 1440p \u00e0 240 Hz<\/h2>\n<p>La <strong>technologie ROG OLED<\/strong> vous donne une longueur d&#8217;avance sur la concurrence, gr\u00e2ce \u00e0 des images nettes de <strong>1440p <\/strong>et \u00e0 un <strong>gameplay ultra-fluide<\/strong> \u00e0 une <strong>fr\u00e9quence stup\u00e9fiante de 240 Hz<\/strong>.&nbsp;Le taux de contraste extr\u00eamement \u00e9lev\u00e9 offert par la technologie OLED garantit des noirs profonds et des couleurs vives. De plus, le temps de r\u00e9ponse gris-gris (GTG) de 0,03 ms garantit un gameplay extr\u00eamement fluide et \u00e0 faible latence. Ces caract\u00e9ristiques font du <strong>XG27AQDMG <\/strong>un outil id\u00e9al pour les jeux, mais aussi pour l&#8217;\u00e9dition professionnelle de vid\u00e9os et de photos.&nbsp;Enfin, le <strong>XG27AQDMG <\/strong>est dot\u00e9 des <strong>technologies NVIDIA G-SYNC Compatible et AMD FreeSync Premium<\/strong>, garantissant des visuels super fluides et sans d\u00e9chirure avec une faible latence.<\/p>\n<\/div>\n<div class=\"desc-image\"><span><img decoding=\"async\" alt=\"\" loading=\"lazy\" src=\"https:\/\/electrovideo.eu\/wp-content\/uploads\/2025\/09\/asus_rog_strix_xg27aqdmg_002-1.jpg\"><\/span><\/div>\n<\/section>\n<section>\n<div class=\"desc-image\"><span><img decoding=\"async\" alt=\"\" loading=\"lazy\" src=\"https:\/\/electrovideo.eu\/wp-content\/uploads\/2025\/09\/asus_rog_strix_xg27aqdmg_003-1.jpg\"><\/span><\/div>\n<div class=\"desc-text\">\n<h2>ASUS OLED CARE<\/h2>\n<p>Le dissipateur passif personnalis\u00e9 du XG27AQDMG donne la priorit\u00e9 \u00e0 la dissipation de la chaleur. En outre, le dos du moniteur est dot\u00e9 de prises d&#8217;air sup\u00e9rieures qui am\u00e9liorent consid\u00e9rablement le refroidissement et r\u00e9duisent le risque de br\u00fblure.&nbsp;ASUS OLED Care fournit des rappels de nettoyage des pixels, un \u00e9conomiseur d&#8217;\u00e9cran, une fonction de d\u00e9placement de l&#8217;\u00e9cran et bien plus encore pour prot\u00e9ger la dalle OLED et assurer la long\u00e9vit\u00e9 de l&#8217;\u00e9cran.&nbsp;Lorsqu&#8217;il est activ\u00e9, le param\u00e8tre de luminosit\u00e9 uniforme (une exclusivit\u00e9 ROG) dans le menu OSD diminue la luminosit\u00e9 maximale afin de maintenir des niveaux coh\u00e9rents pour une meilleure visualisation, m\u00eame lorsque l&#8217;on modifie la taille des fen\u00eatres blanches lumineuses. Il rend \u00e9galement les sessions de jeu marathon beaucoup plus agr\u00e9ables pour les yeux.<\/p>\n<\/div>\n<\/section>\n<\/div><\/div>\n","protected":false},"excerpt":{"rendered":"<p>Ecran PC 2.5K &#8211; 2560 x 1440 pixels &#8211; 0.03 ms (gris \u00e0 gris) &#8211; Format 16\/9 &#8211; Dalle OLED &#8211; 240 Hz &#8211; NVIDIA G-SYNC Compatible \/ FreeSync Premium &#8211; VESA DisplayHDR 400 True Black &#8211; DisplayPort\/HDMI &#8211; Noir<\/p>\n","protected":false},"featured_media":215504,"comment_status":"open","ping_status":"closed","template":"","meta":{"_monsterinsights_skip_tracking":false,"_monsterinsights_sitenote_active":false,"_monsterinsights_sitenote_note":"","_monsterinsights_sitenote_category":0},"etheme_brands":[{"term_id":53,"name":"ASUS","slug":"asus","term_group":0,"term_taxonomy_id":53,"taxonomy":"brand","description":"","parent":0,"count":248,"filter":"raw"}],"product_brand":[],"product_cat":[3302],"product_tag":[],"class_list":{"0":"post-215502","1":"product","2":"type-product","3":"status-publish","4":"has-post-thumbnail","6":"brand-asus","7":"product_cat-pc-monitors-screens","9":"first","10":"instock","11":"sale","12":"taxable","13":"shipping-taxable","14":"purchasable","15":"product-type-simple"},"_links":{"self":[{"href":"https:\/\/electrovideo.eu\/en\/wp-json\/wp\/v2\/product\/215502","targetHints":{"allow":["GET"]}}],"collection":[{"href":"https:\/\/electrovideo.eu\/en\/wp-json\/wp\/v2\/product"}],"about":[{"href":"https:\/\/electrovideo.eu\/en\/wp-json\/wp\/v2\/types\/product"}],"replies":[{"embeddable":true,"href":"https:\/\/electrovideo.eu\/en\/wp-json\/wp\/v2\/comments?post=215502"}],"version-history":[{"count":0,"href":"https:\/\/electrovideo.eu\/en\/wp-json\/wp\/v2\/product\/215502\/revisions"}],"wp:featuredmedia":[{"embeddable":true,"href":"https:\/\/electrovideo.eu\/en\/wp-json\/wp\/v2\/media\/215504"}],"wp:attachment":[{"href":"https:\/\/electrovideo.eu\/en\/wp-json\/wp\/v2\/media?parent=215502"}],"wp:term":[{"taxonomy":"brand","embeddable":true,"href":"https:\/\/electrovideo.eu\/en\/wp-json\/wp\/v2\/etheme_brands?post=215502"},{"taxonomy":"product_brand","embeddable":true,"href":"https:\/\/electrovideo.eu\/en\/wp-json\/wp\/v2\/product_brand?post=215502"},{"taxonomy":"product_cat","embeddable":true,"href":"https:\/\/electrovideo.eu\/en\/wp-json\/wp\/v2\/product_cat?post=215502"},{"taxonomy":"product_tag","embeddable":true,"href":"https:\/\/electrovideo.eu\/en\/wp-json\/wp\/v2\/product_tag?post=215502"}],"curies":[{"name":"wp","href":"https:\/\/api.w.org\/{rel}","templated":true}]}}