{"id":215499,"date":"2025-09-23T06:24:22","date_gmt":"2025-09-23T04:24:22","guid":{"rendered":"https:\/\/electrovideo.eu\/produit\/asus-27-oled-rog-strix-xg27acdng\/"},"modified":"2026-04-15T04:52:56","modified_gmt":"2026-04-15T02:52:56","slug":"asus-27-oled-rog-strix-xg27acdng","status":"publish","type":"product","link":"https:\/\/electrovideo.eu\/en\/product\/asus-27-oled-rog-strix-xg27acdng\/","title":{"rendered":"ASUS 27&#8243; OLED &#8211; ROG Strix XG27ACDNG"},"content":{"rendered":"<div id=\"description\" class=\"description\">\n<div class=\"details-pdt-desc\">\n<h2 class=\"h2-master\">Un \u00e9cran OLED avec haute fluidit\u00e9 de 360 Hz<\/h2>\n<section>\n<p>Am\u00e9liorez votre exp\u00e9rience de jeu avec le <strong>moniteur ASUS ROG Strix XG27ACDNG<\/strong> ! Plongez-vous dans des images fluides et r\u00e9alistes gr\u00e2ce \u00e0 un \u00e9cran OLED avec r\u00e9solution 2.5K, un taux de rafra\u00eechissement de 360 Hz et un temps de r\u00e9ponse rapide de 0.03 ms. Gagnez aussi en confort avec son pied ergonomique, qui vous permettra de positionner l&#8217;\u00e9cran dans la position id\u00e9ale. &nbsp;<br \/>\n&nbsp;<\/p>\n<\/section>\n<section>\n<div class=\"desc-image\"><span><img decoding=\"async\" alt=\"\" loading=\"lazy\" src=\"https:\/\/electrovideo.eu\/wp-content\/uploads\/2025\/09\/801-28.jpg\"><\/span><\/div>\n<div class=\"desc-text\">\n<h2>Ecran OLED avec r\u00e9solution 2.5K<\/h2>\n<p>Plongez dans une pr\u00e9cision visuelle \u00e9poustouflante avec le ROG Strix XG27ACDNG. Sa dalle QD-OLED, associ\u00e9e \u00e0 une r\u00e9solution 2.5K \u00e9clatante et \u00e0 la prise en charge de l&#8217;affichage HDR 400, garantit une exp\u00e9rience de jeu et multim\u00e9dia de haute qualit\u00e9, donnant vie \u00e0 chaque d\u00e9tail avec des couleurs \u00e9clatantes et une clart\u00e9 remarquable. R\u00e9duisez le d\u00e9calage et le flou de mouvement gr\u00e2ce \u00e0 un taux de rafra\u00eechissement de 360 Hz et \u00e0 un temps de r\u00e9ponse de 0.03 ms (GTG) tr\u00e8s rapide. Cette combinaison garantit un gameplay fluide et r\u00e9actif, vous donnant l&#8217;avantage dans les titres rapides comme les jeux de tir \u00e0 la premi\u00e8re personne, les jeux de course et les jeux de strat\u00e9gie en temps r\u00e9el. R\u00e9agissez instantan\u00e9ment \u00e0 l&#8217;action \u00e0 l&#8217;\u00e9cran et tirez les coups d\u00e9cisifs en toute confiance.<\/p>\n<\/div>\n<\/section>\n<section>\n<div class=\"desc-text\">\n<h2>Affichage ultra-fluide<\/h2>\n<p>En plus de la fluidit\u00e9 d&#8217;affichage que permet une fr\u00e9quence maximale de 360 Hz, profitez d&#8217;une exp\u00e9rience de jeu sans d\u00e9chirure gr\u00e2ce \u00e0 la compatibilit\u00e9 G-SYNC et FreeSync Premium Pro ! Cela garantit des images fluides et synchronis\u00e9es en activant la fr\u00e9quence de rafra\u00eechissement variable (VRR) par d\u00e9faut. En outre, la technologie ELMB r\u00e9duit les images fant\u00f4mes et les d\u00e9chirures pour des images nettes et des taux de rafra\u00eechissement \u00e9lev\u00e9s pendant le jeu.<\/p>\n<\/div>\n<div class=\"desc-image\"><span><img decoding=\"async\" alt=\"\" loading=\"lazy\" src=\"https:\/\/electrovideo.eu\/wp-content\/uploads\/2025\/09\/802-23.jpg\"><\/span><\/div>\n<\/section>\n<section>\n<div class=\"desc-image\"><span><img decoding=\"async\" alt=\"\" loading=\"lazy\" src=\"https:\/\/electrovideo.eu\/wp-content\/uploads\/2025\/09\/803-8.jpg\"><\/span><\/div>\n<div class=\"desc-text\">\n<h2>Format d&#8217;affichage ajustable<\/h2>\n<p>Pour les joueurs qui utilisent g\u00e9n\u00e9ralement des moniteurs plus petits, le XG27ACDNG est capable d&#8217;afficher une image de 24.5 pouces, une image au format 4:3 ou un plein \u00e9cran au format 4:3 avec des bordures OLED noires profondes autour de l&#8217;image. Pour les joueurs de FPS, le fait de jouer en plein \u00e9cran au format 4:3 permet aux cibles du jeu ou aux mod\u00e8les de personnages d&#8217;appara\u00eetre l\u00e9g\u00e8rement plus grands, ce qui les rend plus faciles \u00e0 atteindre.<\/p>\n<\/div>\n<\/section>\n<section>\n<h2>Caract\u00e9ristiques principales :<\/h2>\n<ul>\n<li>Moniteur gaming QD-OLED de 26,5 pouces QHD (2560 x 1440) avec une fr\u00e9quence de rafra\u00eechissement de 360 Hz et un temps de r\u00e9ponse de 0,03 ms pour des jeux immersifs<\/li>\n<li>Dissipateur thermique personnalis\u00e9 tr\u00e8s efficace, conception avanc\u00e9e du flux d&#8217;air et fonctions ASUS OLED Care+ pour r\u00e9duire le risque de br\u00fblure<\/li>\n<li>La technologie OLED Anti-flicker exclusive \u00e0 ROG permet de r\u00e9duire le scintillement lors des fluctuations du taux de rafra\u00eechissement<\/li>\n<li>Conformit\u00e9 VESA DisplayHDR 400 True Black, gamme DCI-P3 \u00e0 99 %, v\u00e9ritable 10 bits et diff\u00e9rence de couleur Delta E &lt; 2 pour des performances HDR exceptionnelles<\/li>\n<li>Le logiciel DisplayWidget Center permet aux utilisateurs d&#8217;acc\u00e9der facilement aux fonctions OLED Care et de r\u00e9gler les param\u00e8tres du moniteur \u00e0 l&#8217;aide d&#8217;une souris<\/li>\n<li>Les options de connectivit\u00e9 \u00e9tendues comprennent DisplayPort 1.4 (DSC), HDMI 2.1 et USB-C avec 90 W Power Delivery<\/li>\n<\/ul>\n<\/section>\n<\/div><\/div>\n","protected":false},"excerpt":{"rendered":"<p>Ecran PC 2.5K &#8211; 2560 x 1440 pixels &#8211; 0.03 ms (gris \u00e0 gris) &#8211; 16\/9 &#8211; OLED &#8211; 360 Hz &#8211; HDR 400 &#8211; FreeSync Premium Pro \/ NVIDIA G-SYNC Compatible &#8211; DisplayPort\/HDMI\/USB-C &#8211; Pivot &#8211; Noir<\/p>\n","protected":false},"featured_media":215501,"comment_status":"open","ping_status":"closed","template":"","meta":{"_monsterinsights_skip_tracking":false,"_monsterinsights_sitenote_active":false,"_monsterinsights_sitenote_note":"","_monsterinsights_sitenote_category":0},"etheme_brands":[{"term_id":53,"name":"ASUS","slug":"asus","term_group":0,"term_taxonomy_id":53,"taxonomy":"brand","description":"","parent":0,"count":248,"filter":"raw"}],"product_brand":[],"product_cat":[3302],"product_tag":[],"class_list":{"0":"post-215499","1":"product","2":"type-product","3":"status-publish","4":"has-post-thumbnail","6":"brand-asus","7":"product_cat-pc-monitors-screens","9":"first","10":"instock","11":"taxable","12":"shipping-taxable","13":"purchasable","14":"product-type-simple"},"_links":{"self":[{"href":"https:\/\/electrovideo.eu\/en\/wp-json\/wp\/v2\/product\/215499","targetHints":{"allow":["GET"]}}],"collection":[{"href":"https:\/\/electrovideo.eu\/en\/wp-json\/wp\/v2\/product"}],"about":[{"href":"https:\/\/electrovideo.eu\/en\/wp-json\/wp\/v2\/types\/product"}],"replies":[{"embeddable":true,"href":"https:\/\/electrovideo.eu\/en\/wp-json\/wp\/v2\/comments?post=215499"}],"version-history":[{"count":0,"href":"https:\/\/electrovideo.eu\/en\/wp-json\/wp\/v2\/product\/215499\/revisions"}],"wp:featuredmedia":[{"embeddable":true,"href":"https:\/\/electrovideo.eu\/en\/wp-json\/wp\/v2\/media\/215501"}],"wp:attachment":[{"href":"https:\/\/electrovideo.eu\/en\/wp-json\/wp\/v2\/media?parent=215499"}],"wp:term":[{"taxonomy":"brand","embeddable":true,"href":"https:\/\/electrovideo.eu\/en\/wp-json\/wp\/v2\/etheme_brands?post=215499"},{"taxonomy":"product_brand","embeddable":true,"href":"https:\/\/electrovideo.eu\/en\/wp-json\/wp\/v2\/product_brand?post=215499"},{"taxonomy":"product_cat","embeddable":true,"href":"https:\/\/electrovideo.eu\/en\/wp-json\/wp\/v2\/product_cat?post=215499"},{"taxonomy":"product_tag","embeddable":true,"href":"https:\/\/electrovideo.eu\/en\/wp-json\/wp\/v2\/product_tag?post=215499"}],"curies":[{"name":"wp","href":"https:\/\/api.w.org\/{rel}","templated":true}]}}