{"id":215496,"date":"2025-09-23T06:24:22","date_gmt":"2025-09-23T04:24:22","guid":{"rendered":"https:\/\/electrovideo.eu\/produit\/asus-27-led-proart-pa27jcv\/"},"modified":"2026-04-15T04:52:48","modified_gmt":"2026-04-15T02:52:48","slug":"asus-27-led-proart-pa27jcv","status":"publish","type":"product","link":"https:\/\/electrovideo.eu\/en\/product\/asus-27-led-proart-pa27jcv\/","title":{"rendered":"ASUS 27&#8243; LED &#8211; ProArt PA27JCV"},"content":{"rendered":"<div id=\"description\" class=\"description\">\n<div class=\"details-pdt-desc\">\n<h2 class=\"h2-master\">Un outil de travail de qualit\u00e9 professionnelle<\/h2>\n<section>\n<p>Le <strong>moniteur ASUS ProArt PA27JCV <\/strong>est un moniteur HDR 5K de 27 pouces con\u00e7u pour les cr\u00e9ateurs de contenu professionnels. Cet \u00e9cran certifi\u00e9 Calman offre une large gamme de couleurs avec une couverture DCI-P3 de 99 %, sRGB de 100 % et Adobe RGB de 95 %, et il est calibr\u00e9 en usine sur Delta E&lt;2 pour une excellente pr\u00e9cision des couleurs.<\/p>\n<p>Le KVM automatique int\u00e9gr\u00e9 permet une commutation pratique et sans effort entre deux ordinateurs portables ou PC connect\u00e9s \u00e0 l&#8217;aide d&#8217;un seul clavier et d&#8217;une seule souris. Pour garantir la pr\u00e9cision de la luminosit\u00e9 et de la temp\u00e9rature des couleurs, les capteurs de lumi\u00e8re ambiante et de r\u00e9tro\u00e9clairage ajustent automatiquement les param\u00e8tres visuels. De plus, un port USB-C offre une prise en charge DisplayPort et permet des transferts de donn\u00e9es ultra-rapides et une alimentation de 96 watts via un seul c\u00e2ble.&nbsp;<br \/>\n&nbsp;<\/p>\n<\/section>\n<section>\n<div class=\"desc-image\"><span><img decoding=\"async\" alt=\"\" loading=\"lazy\" src=\"https:\/\/electrovideo.eu\/wp-content\/uploads\/2025\/09\/801-27.jpg\"><\/span><\/div>\n<div class=\"desc-text\">\n<h2>\u00c9cran 5K HDR<\/h2>\n<p>La dalle 5K (5120 x 2880) du PA27JCV affiche une densit\u00e9 de pixels de 218 ppp, soit plus de 2,5 fois celle d&#8217;un \u00e9cran FHD de 27 pouces. La densit\u00e9 de pixels \u00e9lev\u00e9e signifie que le texte est net et facile \u00e0 lire, tandis que la clart\u00e9 visuelle am\u00e9lior\u00e9e offre des avantages significatifs pour les cr\u00e9ateurs engag\u00e9s dans des projets d\u00e9taill\u00e9s.<\/p>\n<p>La compatibilit\u00e9 HDR10 et VESA DisplayHDR 500 garantit des blancs particuli\u00e8rement brillants et des teintes noires particuli\u00e8rement sombres pour un contraste exceptionnel qui se traduit par des images riches et r\u00e9alistes, le tout pour aider les artistes \u00e0 concr\u00e9tiser pleinement leurs visions cr\u00e9atives.<\/p>\n<\/div>\n<\/section>\n<section>\n<div class=\"desc-text\">\n<h2>Image claire et photor\u00e9aliste<\/h2>\n<p>La technologie LuxPixel est un rev\u00eatement antireflet \u00e0 faible r\u00e9flexion (AGLR) qui produit un effet d&#8217;\u00e9cran semblable \u00e0 celui du papier. Contrairement aux panneaux mats traditionnels qui affichent souvent des images plus douces, la technologie LuxPixel minimise les reflets pour garantir que l&#8217;utilisateur ne voit que des couleurs pr\u00e9cises et des d\u00e9tails nets.<\/p>\n<p>Ce moniteur ProArt est \u00e9quip\u00e9 de la technologie ASUS Light Sync, dot\u00e9e de deux capteurs con\u00e7us pour garantir une pr\u00e9cision des couleurs remarquable et une temp\u00e9rature de couleur pr\u00e9cise, d\u00e8s le d\u00e9marrage.<\/p>\n<\/div>\n<div class=\"desc-image\"><span><img decoding=\"async\" alt=\"\" loading=\"lazy\" src=\"https:\/\/electrovideo.eu\/wp-content\/uploads\/2025\/09\/802-22.jpg\"><\/span><\/div>\n<\/section>\n<section>\n<div class=\"desc-image\"><span><img decoding=\"async\" alt=\"\" loading=\"lazy\" src=\"https:\/\/electrovideo.eu\/wp-content\/uploads\/2025\/09\/803-7.jpg\"><\/span><\/div>\n<div class=\"desc-text\">\n<h2>KVM automatique et connecteur USB-C<\/h2>\n<p>Le KVM automatique int\u00e9gr\u00e9 permet une commutation et un contr\u00f4le sans effort entre deux ordinateurs portables ou PC connect\u00e9s avec un seul clavier et une seule souris, permettant ainsi un multit\u00e2che plus facile.<\/p>\n<p>Le port USB-C inclus permet des transferts de donn\u00e9es ultra-rapides, une connectivit\u00e9 DisplayPort et une alimentation de 96 watts pour charger les ordinateurs portables et autres appareils, le tout via un seul c\u00e2ble. Le PA27JCV fait \u00e9galement office de hub USB : tout appareil connect\u00e9 aux ports USB du moniteur acc\u00e8de aux autres p\u00e9riph\u00e9riques connect\u00e9s.<\/p>\n<\/div>\n<\/section>\n<section>\n<div class=\"desc-text\">\n<h2>Conception ergonomique<\/h2>\n<p>Chaque \u00e9cran ProArt est dot\u00e9 d&#8217;un support ergonomique avec r\u00e9glages d&#8217;inclinaison, de pivotement, de rotation et de hauteur pour une visualisation confortable. La possibilit\u00e9 de faire pivoter l&#8217;\u00e9cran dans le sens des aiguilles d&#8217;une montre ou dans le sens inverse des aiguilles d&#8217;une montre de 90\u00b0 pour une utilisation en mode Portrait est pratique lorsque vous travaillez sur de longs documents, codez ou naviguez sur le Web. De plus, la fonction de fixation rapide facilite la fixation de l&#8217;\u00e9cran via le support mural VESA int\u00e9gr\u00e9, sans vis, donc cela se fait en quelques secondes !<\/p>\n<\/div>\n<div class=\"desc-image\"><span><img decoding=\"async\" alt=\"\" loading=\"lazy\" src=\"https:\/\/electrovideo.eu\/wp-content\/uploads\/2025\/09\/804-2.jpg\"><\/span><\/div>\n<\/section>\n<section class=\"list\">\n<h2>Caract\u00e9ristiques principales :<\/h2>\n<p>&nbsp;<\/p>\n<ul>\n<li>Dalle IPS de 27&#8243; avec r\u00e9solution 5K (5120&nbsp;x 2880)<\/li>\n<li>Couverture colorim\u00e9trique : 99%DCI-P3, 100 % sRGB<\/li>\n<li>Certifications HDR10 \/ VESA DisplayHDR 500<\/li>\n<li>Technologie Adaptive-Sync<\/li>\n<li>Ports HDMI, DisplayPort et USB-C<\/li>\n<li>R\u00e9glage en hauteur (130 mm), inclinaison et pivot \u00e0 90\u00b0<\/li>\n<li>haut-parleurs int\u00e9gr\u00e9s<\/li>\n<\/ul>\n<\/section>\n<\/div><\/div>\n","protected":false},"excerpt":{"rendered":"<p>Ecran PC 5K &#8211; 5120 x 2880 pixels &#8211; 5 ms (gris \u00e0 gris) &#8211; 16\/9 &#8211; Dalle IPS &#8211; HDR 500 &#8211; HDMI\/DisplayPort\/USB-C &#8211; Hub USB 3.0 &#8211; Pivot &#8211; Noir\/Argent<\/p>\n","protected":false},"featured_media":215498,"comment_status":"open","ping_status":"closed","template":"","meta":{"_monsterinsights_skip_tracking":false,"_monsterinsights_sitenote_active":false,"_monsterinsights_sitenote_note":"","_monsterinsights_sitenote_category":0},"etheme_brands":[{"term_id":53,"name":"ASUS","slug":"asus","term_group":0,"term_taxonomy_id":53,"taxonomy":"brand","description":"","parent":0,"count":248,"filter":"raw"}],"product_brand":[],"product_cat":[3302],"product_tag":[],"class_list":{"0":"post-215496","1":"product","2":"type-product","3":"status-publish","4":"has-post-thumbnail","6":"brand-asus","7":"product_cat-pc-monitors-screens","9":"first","10":"instock","11":"taxable","12":"shipping-taxable","13":"purchasable","14":"product-type-simple"},"_links":{"self":[{"href":"https:\/\/electrovideo.eu\/en\/wp-json\/wp\/v2\/product\/215496","targetHints":{"allow":["GET"]}}],"collection":[{"href":"https:\/\/electrovideo.eu\/en\/wp-json\/wp\/v2\/product"}],"about":[{"href":"https:\/\/electrovideo.eu\/en\/wp-json\/wp\/v2\/types\/product"}],"replies":[{"embeddable":true,"href":"https:\/\/electrovideo.eu\/en\/wp-json\/wp\/v2\/comments?post=215496"}],"version-history":[{"count":0,"href":"https:\/\/electrovideo.eu\/en\/wp-json\/wp\/v2\/product\/215496\/revisions"}],"wp:featuredmedia":[{"embeddable":true,"href":"https:\/\/electrovideo.eu\/en\/wp-json\/wp\/v2\/media\/215498"}],"wp:attachment":[{"href":"https:\/\/electrovideo.eu\/en\/wp-json\/wp\/v2\/media?parent=215496"}],"wp:term":[{"taxonomy":"brand","embeddable":true,"href":"https:\/\/electrovideo.eu\/en\/wp-json\/wp\/v2\/etheme_brands?post=215496"},{"taxonomy":"product_brand","embeddable":true,"href":"https:\/\/electrovideo.eu\/en\/wp-json\/wp\/v2\/product_brand?post=215496"},{"taxonomy":"product_cat","embeddable":true,"href":"https:\/\/electrovideo.eu\/en\/wp-json\/wp\/v2\/product_cat?post=215496"},{"taxonomy":"product_tag","embeddable":true,"href":"https:\/\/electrovideo.eu\/en\/wp-json\/wp\/v2\/product_tag?post=215496"}],"curies":[{"name":"wp","href":"https:\/\/api.w.org\/{rel}","templated":true}]}}