{"id":215493,"date":"2025-09-23T06:26:33","date_gmt":"2025-09-23T04:26:33","guid":{"rendered":"https:\/\/electrovideo.eu\/produit\/asus-31-5-led-vg32wq3b\/"},"modified":"2026-04-15T04:53:03","modified_gmt":"2026-04-15T02:53:03","slug":"asus-31-5-led-vg32wq3b","status":"publish","type":"product","link":"https:\/\/electrovideo.eu\/en\/product\/asus-31-5-led-vg32wq3b\/","title":{"rendered":"ASUS 31.5&#8243; LED &#8211; VG32WQ3B"},"content":{"rendered":"<div id=\"description\" class=\"description\">\n<div class=\"details-pdt-desc\">\n<h2 class=\"h2-master\">Exp\u00e9rience de jeu sans compromis sur une dalle incurv\u00e9e<\/h2>\n<section>\n<p>Le moniteur <strong>ASUS TUF Gaming VG32WQ3B<\/strong> b\u00e9n\u00e9ficie d&#8217;une dalle incurv\u00e9e QHD (2560 x 1440) de 31.5 pouces avec un taux de rafra\u00eechissement ultra-rapide de 180 Hz et un temps de r\u00e9ponse de 1 ms (gris \u00e0 gris) pour un gameplay extr\u00eamement immersif. Il est dot\u00e9 des technologies exclusives ELMB (Extreme Low Motion Blur) et AMD FreeSync pour \u00e9liminer les images fant\u00f4mes et les d\u00e9calages. En outre, il couvre 90% de la gamme de couleurs DCI-P3 pour offrir un contraste exceptionnel et des couleurs plus vraies que nature.<br \/>\n&nbsp;<\/p>\n<\/section>\n<section>\n<div class=\"desc-image\"><span><img decoding=\"async\" alt=\"\" loading=\"lazy\" src=\"https:\/\/electrovideo.eu\/wp-content\/uploads\/2025\/09\/801-30.jpg\"><\/span><\/div>\n<div class=\"desc-text\">\n<h2>Tout pour un affichage fluide et r\u00e9actif<\/h2>\n<p>Le moniteur ASUS TUF Gaming VG32WQ3B offre des images \u00e9poustouflantes depuis tous les angles gr\u00e2ce \u00e0 une courbure 1500R qui garantit que chaque point sera \u00e0 \u00e9gale distance de vos yeux. Le taux de rafra\u00eechissement rapide de 180 Hz \u00e9limine les effets de flou et la latence.<\/p>\n<p>Vous profiterez ainsi de parties fluides et aurez une longueur d\u2019avance avec les jeux en FPS, simulations de course, jeux de strat\u00e9gie en temps r\u00e9el et jeux de sport. Ce taux de rafra\u00eechissement ultrarapide vous permet de jouer avec les param\u00e8tres visuels r\u00e9gl\u00e9s au niveau le plus \u00e9lev\u00e9 et de r\u00e9agir instantan\u00e9ment en fonction de ce qui se passe \u00e0 l\u2019\u00e9cran &#8211; afin d\u2019\u00eatre le premier \u00e0 appuyer sur la g\u00e2chette.<\/p>\n<p>La technologie FreeSync d\u2019AMD prise en charge par les ports DP et HDMI offre des taux de rafra\u00eechissement variables pour une faible latence, une absence d\u2019effets saccad\u00e9s et de d\u00e9calages tout en jouant. La technologie ASUS ELMB (Extreme Low Motion Blur) offre un temps de r\u00e9ponse de 1 ms (gris \u00e0 gris) \/ 0.5 ms minimum pour \u00e9liminer les effets de bavure et de flou. Elle rend les objets en mouvement encore plus nets, le gameplay devenant plus fluide et r\u00e9actif.<\/p>\n<\/div>\n<\/section>\n<section>\n<div class=\"desc-text\">\n<h2>Image riche en d\u00e9tails et en couleurs<\/h2>\n<p>Avec un grand \u00e9cran de 31.5 pouces avec dalle Fast VA et haute r\u00e9solution de 2560 x 1440, cet \u00e9cran ASUS vous offre une image grand format avec des d\u00e9tails pr\u00e9cis et des couleurs nuanc\u00e9es. De plus, le TUF Gaming VG32WQ3B tire parti de la technologie HDR pour offrir des couleurs plus vives et des niveaux de contraste plus \u00e9lev\u00e9s que les moniteurs traditionnels.<\/p>\n<p>C\u00f4t\u00e9 confort visuel, la technologie Flicker-Free r\u00e9duit le scintillement pour diminuer la fatigue oculaire et accro\u00eetre le confort lorsque vous \u00eates impliqu\u00e9 dans de longues sessions de jeu. De plus, la technologie ASUS Low Blue Light r\u00e9duit la quantit\u00e9 de la lumi\u00e8re bleue nocive \u00e9mise par l\u2019\u00e9cran. Quatre diff\u00e9rents r\u00e9glages de filtre sont disponibles pour contr\u00f4ler le niveau de r\u00e9duction de la lumi\u00e8re bleue.<\/p>\n<\/div>\n<div class=\"desc-image\"><span><img decoding=\"async\" alt=\"\" loading=\"lazy\" src=\"https:\/\/electrovideo.eu\/wp-content\/uploads\/2025\/09\/802-25.jpg\"><\/span><\/div>\n<\/section>\n<section>\n<div class=\"desc-image\"><span><img decoding=\"async\" alt=\"\" loading=\"lazy\" src=\"https:\/\/electrovideo.eu\/wp-content\/uploads\/2025\/09\/803-9.jpg\"><\/span><\/div>\n<div class=\"desc-text\">\n<h2>Des fonctions d&#8217;optimisation des jeux<\/h2>\n<p>La technologie ASUS Shadow Boost clarifie les zones sombres du jeu sans surexposer les zones plus claires, ce qui permet une meilleure visualisation tout en facilitant la d\u00e9tection des ennemis cach\u00e9s dans les zones sombres de la carte.<\/p>\n<p>La touche de raccourci exclusive GamePlus permet de mieux profiter de vos parties. Cette fonction est cod\u00e9velopp\u00e9e avec l\u2019apport de joueurs pro, leur permettant de pratiquer et d\u2019am\u00e9liorer leurs comp\u00e9tences de jeu.<\/p>\n<p>La technologie GameVisual d\u2019ASUS comporte sept modes d\u2019affichage pr\u00e9d\u00e9finis pour optimiser les visuels de diff\u00e9rents types de contenu. Cette fonctionnalit\u00e9 unique peut \u00eatre facilement accessible via une touche de raccourci ou le menu des param\u00e8tres affich\u00e9 \u00e0 l\u2019\u00e9cran.<\/p>\n<\/div>\n<\/section>\n<\/div><\/div>\n","protected":false},"excerpt":{"rendered":"<p>Ecran PC 2.5K &#8211; 2560 x 1440 pixels &#8211; 1 ms &#8211; Format 16\/9 &#8211; Dalle Fast VA incurv\u00e9e &#8211; 180 Hz &#8211; HDR10 &#8211; FreeSync &#8211; HDMI\/DisplayPort &#8211; Noir<\/p>\n","protected":false},"featured_media":215495,"comment_status":"open","ping_status":"closed","template":"","meta":{"_monsterinsights_skip_tracking":false,"_monsterinsights_sitenote_active":false,"_monsterinsights_sitenote_note":"","_monsterinsights_sitenote_category":0},"etheme_brands":[{"term_id":53,"name":"ASUS","slug":"asus","term_group":0,"term_taxonomy_id":53,"taxonomy":"brand","description":"","parent":0,"count":248,"filter":"raw"}],"product_brand":[],"product_cat":[3302],"product_tag":[],"class_list":{"0":"post-215493","1":"product","2":"type-product","3":"status-publish","4":"has-post-thumbnail","6":"brand-asus","7":"product_cat-pc-monitors-screens","9":"first","10":"instock","11":"sale","12":"taxable","13":"shipping-taxable","14":"purchasable","15":"product-type-simple"},"_links":{"self":[{"href":"https:\/\/electrovideo.eu\/en\/wp-json\/wp\/v2\/product\/215493","targetHints":{"allow":["GET"]}}],"collection":[{"href":"https:\/\/electrovideo.eu\/en\/wp-json\/wp\/v2\/product"}],"about":[{"href":"https:\/\/electrovideo.eu\/en\/wp-json\/wp\/v2\/types\/product"}],"replies":[{"embeddable":true,"href":"https:\/\/electrovideo.eu\/en\/wp-json\/wp\/v2\/comments?post=215493"}],"version-history":[{"count":0,"href":"https:\/\/electrovideo.eu\/en\/wp-json\/wp\/v2\/product\/215493\/revisions"}],"wp:featuredmedia":[{"embeddable":true,"href":"https:\/\/electrovideo.eu\/en\/wp-json\/wp\/v2\/media\/215495"}],"wp:attachment":[{"href":"https:\/\/electrovideo.eu\/en\/wp-json\/wp\/v2\/media?parent=215493"}],"wp:term":[{"taxonomy":"brand","embeddable":true,"href":"https:\/\/electrovideo.eu\/en\/wp-json\/wp\/v2\/etheme_brands?post=215493"},{"taxonomy":"product_brand","embeddable":true,"href":"https:\/\/electrovideo.eu\/en\/wp-json\/wp\/v2\/product_brand?post=215493"},{"taxonomy":"product_cat","embeddable":true,"href":"https:\/\/electrovideo.eu\/en\/wp-json\/wp\/v2\/product_cat?post=215493"},{"taxonomy":"product_tag","embeddable":true,"href":"https:\/\/electrovideo.eu\/en\/wp-json\/wp\/v2\/product_tag?post=215493"}],"curies":[{"name":"wp","href":"https:\/\/api.w.org\/{rel}","templated":true}]}}