{"id":215481,"date":"2025-09-23T06:30:59","date_gmt":"2025-09-23T04:30:59","guid":{"rendered":"https:\/\/electrovideo.eu\/produit\/asus-24-1-led-proart-pa248qv\/"},"modified":"2026-04-15T04:53:54","modified_gmt":"2026-04-15T02:53:54","slug":"asus-24-1-led-proart-pa248qv","status":"publish","type":"product","link":"https:\/\/electrovideo.eu\/en\/product\/asus-24-1-led-proart-pa248qv\/","title":{"rendered":"ASUS 24.1&#8243; LED &#8211; ProArt PA248QV"},"content":{"rendered":"<div id=\"description\" class=\"description\">\n<div class=\"details-pdt-desc\">\n<h2 class=\"h2-master\">Des couleurs splendides au service de votre cr\u00e9ativit\u00e9<\/h2>\n<section>\n<p>Portez vos projets jusqu&#8217;au bout dans un environnement visuel optimis\u00e9 avec le moniteur professionnel&nbsp;<strong>ASUS ProArt PA248QV<\/strong> ! Ce mod\u00e8le WUXGA de 24.1 pouces met \u00e0 votre disposition une dalle IPS avec une reproduction \u00e9tendue des couleurs et une grande fid\u00e9lit\u00e9. Travaillez alors parfaitement vos cr\u00e9ations artistiques pour un rendu \u00e0 la hauteur de vos attentes. De plus, cet \u00e9cran poss\u00e8de toutes les qualit\u00e9s pour int\u00e9grer id\u00e9alement votre univers professionnel gr\u00e2ce \u00e0 son pied ergonomique, sa connectique compl\u00e8te et son confort oculaire sup\u00e9rieur.<\/p>\n<\/section>\n<section>\n<div class=\"desc-image\"><span><img decoding=\"async\" alt=\"\" loading=\"lazy\" src=\"https:\/\/electrovideo.eu\/wp-content\/uploads\/2025\/09\/ecran_graphiste.jpg\"><\/span><\/div>\n<div class=\"desc-text\">\n<h2>La magie des couleurs<\/h2>\n<p>Explorez votre cr\u00e9ativit\u00e9 dans les meilleures conditions avec ce moniteur ProArt sign\u00e9 ASUS. Profitez d&#8217;une couverture colorim\u00e9trique \u00e9tendue pour satisfaire vos projets de graphisme, de retouche photo ou de postproduction. Ce mod\u00e8le couvre <strong>100% des spectres sRGB et Rec.709<\/strong> pour reproduire toute l&#8217;intensit\u00e9 des nuances.<\/p>\n<p>L&#8217;\u00e9cran PA248QV se dote d&#8217;une <strong>dalle IPS de 24.1 pouces<\/strong> au format 16:10 avec une <strong>r\u00e9solution WUXGA (1920 x 1200 pixels)<\/strong>. Disposez \u00e9galement de fonctionnalit\u00e9s pratiques comme QuickFit Virtual Scale rendant possible la superposition d&#8217;une grille transparente sur votre cr\u00e9ation (A4, B5, r\u00e8gle) pour vous assurer d&#8217;un rendu impeccable.<\/div>\n<\/section>\n<section>\n<div class=\"desc-text\">\n<h2>Grande fid\u00e9lit\u00e9 colorim\u00e9trique<\/h2>\n<p><strong>Pr\u00e9-calibr\u00e9 en usine et labellis\u00e9 Calman Verified<\/strong>, ce moniteur apporte une grande fid\u00e9lit\u00e9 des couleurs. Pour preuve, il poss\u00e8de un <strong>Delta E inf\u00e9rieur \u00e0 2<\/strong> pour vous apporter les conditions visuelles optimales. En outre, il int\u00e8gre les <strong>technologies ASUS ProArt Preset et Palette<\/strong> pour pousser les r\u00e9glages au maximum. La premi\u00e8re offre des modes pr\u00e9-r\u00e9gl\u00e9s pour s&#8217;adapter \u00e0 vos diverses activit\u00e9s tandis que la seconde permettra de personnaliser l&#8217;affichage (r\u00e9glage de la teinte, de la temp\u00e9rature et gamma des couleurs).<\/div>\n<div class=\"desc-image\"><span><img decoding=\"async\" alt=\"\" loading=\"lazy\" src=\"https:\/\/electrovideo.eu\/wp-content\/uploads\/2025\/09\/full_hd.jpg\"><\/span><\/div>\n<\/section>\n<section>\n<div class=\"desc-image\"><span><img decoding=\"async\" alt=\"\" loading=\"lazy\" src=\"https:\/\/electrovideo.eu\/wp-content\/uploads\/2025\/09\/flickerfree-1.jpg\"><\/span><\/div>\n<div class=\"desc-text\">\n<h2>Un confort au quotidien<\/h2>\n<p>Pour permettre aux graphistes de travailler id\u00e9alement, le moniteur ProArt PA248QV poss\u00e8de un pied ergonomique avec position ajustable. R\u00e9glez facilement la hauteur, l&#8217;inclinaison, la rotation ou le pivot. Il b\u00e9n\u00e9ficie \u00e9galement d&#8217;un confort oculaire sup\u00e9rieur avec les technologies <strong>FlickerFree<\/strong> (anti-scintillement) et <strong>Ultra-Low Blue Light<\/strong> (lutte contre les effets n\u00e9fastes de la lumi\u00e8re bleue).<\/p>\n<p>Enfin, une connectique compl\u00e8te est au rendez-vous afin d&#8217;int\u00e9grer parfaitement cet \u00e9cran ASUS dans votre environnement. Au programme, connecteurs HDMI, VGA, DisplayPort et <strong>4 ports USB 3.0<\/strong>.<\/div>\n<\/section>\n<section>\n<h2>Caract\u00e9ristiques principales :<\/h2>\n<ul>\n<li>Ecran mat de 24.1&#8243; avec r\u00e9solution&nbsp;<strong>1920 x 1200<\/strong>&nbsp;(16\/10)<\/li>\n<li><strong>Dalle IPS<\/strong>&nbsp;: couleurs lumineuses et angles de vision larges (178\u00b0)<\/li>\n<li>Des couleurs riches et profondes avec un<strong>&nbsp;contraste dynamique de 100 000 000:1 (1000:1 typique)<\/strong><\/li>\n<li><strong>Gamut couleurs<\/strong> : 100% sRGB \/ 100% Rec.709<\/li>\n<li><strong>Grande pr\u00e9cision des couleurs<\/strong> : pr\u00e9-calibration&nbsp;en usine, Delta E&lt;2, Calman Verified<\/li>\n<li>ProArt Preset et ProArt Palette pour l&#8217;ajustement colorim\u00e9trique<\/li>\n<li>Technologie <strong>Adaptive-Sync<\/strong> pour une meilleure fluidit\u00e9 de l&#8217;image<\/li>\n<li>Affichage&nbsp;fluide avec un temps de r\u00e9ponse de&nbsp;5 ms (gris \u00e0 gris)<\/li>\n<li><strong>Design ergonomique<\/strong>&nbsp;avec r\u00e9glage en hauteur sur 130 mm, pivot sur 90\u00b0 et rotation horizontale sur 180\u00b0<\/li>\n<li>Connecteur analogique&nbsp;VGA + connecteurs num\u00e9riques <strong>DisplayPort 1.2 + HDMI 1.4<\/strong><\/li>\n<li>Hub avec&nbsp;<strong>4 ports USB 3.0<\/strong>, pour la connexion de vos p\u00e9riph\u00e9riques<\/li>\n<li>Confort oculaire sup\u00e9rieur avec <strong>FlickerFree<\/strong> et <strong>Ultra-Low Blue Light<\/strong><\/li>\n<li>Haut-parleurs int\u00e9gr\u00e9s (2 x 2 Watts)<\/li>\n<\/ul>\n<\/section>\n<\/div><\/div>\n","protected":false},"excerpt":{"rendered":"<p>1920 x 1200 pixels &#8211; 5 ms (gris \u00e0 gris) &#8211; Format 16\/10 &#8211; Dalle IPS &#8211; Adaptive-Sync &#8211; Pivot &#8211; DisplayPort\/HDMI &#8211; Hub USB 3.0 &#8211; Argent\/Noir<\/p>\n","protected":false},"featured_media":215483,"comment_status":"open","ping_status":"closed","template":"","meta":{"_monsterinsights_skip_tracking":false,"_monsterinsights_sitenote_active":false,"_monsterinsights_sitenote_note":"","_monsterinsights_sitenote_category":0},"etheme_brands":[{"term_id":53,"name":"ASUS","slug":"asus","term_group":0,"term_taxonomy_id":53,"taxonomy":"brand","description":"","parent":0,"count":248,"filter":"raw"}],"product_brand":[],"product_cat":[3302],"product_tag":[],"class_list":{"0":"post-215481","1":"product","2":"type-product","3":"status-publish","4":"has-post-thumbnail","6":"brand-asus","7":"product_cat-pc-monitors-screens","9":"first","10":"instock","11":"taxable","12":"shipping-taxable","13":"purchasable","14":"product-type-simple"},"_links":{"self":[{"href":"https:\/\/electrovideo.eu\/en\/wp-json\/wp\/v2\/product\/215481","targetHints":{"allow":["GET"]}}],"collection":[{"href":"https:\/\/electrovideo.eu\/en\/wp-json\/wp\/v2\/product"}],"about":[{"href":"https:\/\/electrovideo.eu\/en\/wp-json\/wp\/v2\/types\/product"}],"replies":[{"embeddable":true,"href":"https:\/\/electrovideo.eu\/en\/wp-json\/wp\/v2\/comments?post=215481"}],"version-history":[{"count":0,"href":"https:\/\/electrovideo.eu\/en\/wp-json\/wp\/v2\/product\/215481\/revisions"}],"wp:featuredmedia":[{"embeddable":true,"href":"https:\/\/electrovideo.eu\/en\/wp-json\/wp\/v2\/media\/215483"}],"wp:attachment":[{"href":"https:\/\/electrovideo.eu\/en\/wp-json\/wp\/v2\/media?parent=215481"}],"wp:term":[{"taxonomy":"brand","embeddable":true,"href":"https:\/\/electrovideo.eu\/en\/wp-json\/wp\/v2\/etheme_brands?post=215481"},{"taxonomy":"product_brand","embeddable":true,"href":"https:\/\/electrovideo.eu\/en\/wp-json\/wp\/v2\/product_brand?post=215481"},{"taxonomy":"product_cat","embeddable":true,"href":"https:\/\/electrovideo.eu\/en\/wp-json\/wp\/v2\/product_cat?post=215481"},{"taxonomy":"product_tag","embeddable":true,"href":"https:\/\/electrovideo.eu\/en\/wp-json\/wp\/v2\/product_tag?post=215481"}],"curies":[{"name":"wp","href":"https:\/\/api.w.org\/{rel}","templated":true}]}}