{"id":215468,"date":"2025-09-23T06:35:45","date_gmt":"2025-09-23T04:35:45","guid":{"rendered":"https:\/\/electrovideo.eu\/produit\/benq-zowie-24-1-led-xl2566x\/"},"modified":"2026-04-15T04:54:25","modified_gmt":"2026-04-15T02:54:25","slug":"benq-zowie-24-1-led-xl2566x","status":"publish","type":"product","link":"https:\/\/electrovideo.eu\/en\/product\/benq-zowie-24-1-led-xl2566x\/","title":{"rendered":"BenQ Zowie 24.1&#8243; LED &#8211; XL2566X+"},"content":{"rendered":"<div id=\"description\" class=\"description\">\n<div class=\"details-pdt-desc\">\n<h2 class=\"h2-master\">Parfaite fluidit\u00e9 avec les FPS<\/h2>\n<section>\n<p>Le <strong>moniteur Gaming BenQ Zowie XL2566X+<\/strong> est id\u00e9al pour les joueurs de FPS, y compris en comp\u00e9tition eSports. Sa dalle Fast TN avec technologie DyAc2 fournit des images particuli\u00e8rement claires et nettes. Le confort est maximis\u00e9 gr\u00e2ce \u00e0 son pied r\u00e9glable en hauteur et son bouclier amovible fourni.<br \/>\n&nbsp;<\/p>\n<\/section>\n<section>\n<div class=\"desc-image\"><span><img decoding=\"async\" alt=\"\" loading=\"lazy\" src=\"https:\/\/electrovideo.eu\/wp-content\/uploads\/2025\/09\/801-33.jpg\"><\/span><\/div>\n<div class=\"desc-text\">\n<h2>Dalle Fast TN avec DyAc2<\/h2>\n<p>La dalle Fast TN avec technologie DyAc2 du moniteur BenQ Zowie XL2566X+ fournit des images particuli\u00e8rement claires et nettes, vous aidant \u00e0 vous concentrer et \u00e0 \u00e9viter la distraction des images r\u00e9manentes ind\u00e9sirables caus\u00e9es par des mouvements rapides. En raison de l&#8217;agencement diff\u00e9rent des pixels dans cette dalle Fast TN, l&#8217;identification des contours des ennemis est plus facile. De plus, par rapport \u00e0 son pr\u00e9d\u00e9cesseur, le XL2566X+ a \u00e9t\u00e9 m\u00e9ticuleusement redessin\u00e9 pour am\u00e9liorer la performance des couleurs, offrant des teintes plus vives et une plus grande clart\u00e9 pour identifier les ennemis.<\/p>\n<\/div>\n<\/section>\n<section>\n<div class=\"desc-text\">\n<h2>Confort optimal<\/h2>\n<p>Le support de moniteur du XL2566X+ int\u00e8gre des roulements de qualit\u00e9 industrielle dans le m\u00e9canisme de r\u00e9glage de la hauteur, permettant un ajustement plus facile et plus fluide \u00e0 la hauteur souhait\u00e9e. C&#8217;est donc avec une grande facilit\u00e9 que vous pourrez ajuster la hauteur de l&#8217;\u00e9cran, en fonction de vos besoins.<\/p>\n<\/div>\n<div class=\"desc-image\"><span><img decoding=\"async\" alt=\"\" loading=\"lazy\" src=\"https:\/\/electrovideo.eu\/wp-content\/uploads\/2025\/09\/802-28.jpg\"><\/span><\/div>\n<\/section>\n<section class=\"list\">\n<h2>Caract\u00e9ristiques principales :<\/h2>\n<ul>\n<li>\u00c9cran gamer de&nbsp;24.1 pouces&nbsp;avec r\u00e9solution&nbsp;Full HD&nbsp;(1920 x 1080)<\/li>\n<li>Dalle Fast TN<\/li>\n<li>Technologie DyAc2 : r\u00e9duction du flou de mouvement<\/li>\n<li>Fr\u00e9quence de rafra\u00eechissement maximale de 400 Hz (120 Hz sur console PS5\/ Xbox Series X\/S via HDMI)<\/li>\n<li>Technologie&nbsp;Black eQualizer&nbsp;(\u00e9galiseur de noirs) \u00e9claire les sc\u00e8nes sombres sans surexposer les zones claires<\/li>\n<li>Technologie&nbsp;Color Vibrance&nbsp;: r\u00e9glez vos couleurs, \u00e9talonnage pr\u00e9cis<\/li>\n<li>Auto Game Mode : ajustement automatique des couleurs en fonction de l&#8217;utilisation<\/li>\n<li>Connecteurs&nbsp;:&nbsp;3x HDMI&nbsp;2.0, 1x DisplayPort 1.4<\/li>\n<li>Pied avec hauteur ajustable (155 mm)<\/li>\n<li>T\u00e9l\u00e9commande S Switch&nbsp;: basculez facilement entre 3 modes de configuration pr\u00e9-r\u00e9gl\u00e9s<\/li>\n<li>Bouclier amovible avec angle r\u00e9glable&nbsp;: vous n&#8217;avez qu&#8217;\u00e0 vous concentrer sur la victoire&nbsp;<\/li>\n<\/ul>\n<\/section>\n<\/div><\/div>\n","protected":false},"excerpt":{"rendered":"<p>Ecran PC Full HD 1080p &#8211; 1920 x 1080 pixels &#8211; Format 16\/9 &#8211; Dalle Fast TN &#8211; DyAc 2 &#8211; 400 Hz &#8211; HDMI\/DisplayPort &#8211; Hauteur ajustable &#8211; S-Switch\/Bouclier &#8211; Noir<\/p>\n","protected":false},"featured_media":215470,"comment_status":"open","ping_status":"closed","template":"","meta":{"_monsterinsights_skip_tracking":false,"_monsterinsights_sitenote_active":false,"_monsterinsights_sitenote_note":"","_monsterinsights_sitenote_category":0},"etheme_brands":[{"term_id":5033,"name":"BenQ","slug":"benq-en","term_group":0,"term_taxonomy_id":5033,"taxonomy":"brand","description":"","parent":0,"count":17,"filter":"raw"}],"product_brand":[],"product_cat":[3302],"product_tag":[],"class_list":{"0":"post-215468","1":"product","2":"type-product","3":"status-publish","4":"has-post-thumbnail","6":"brand-benq-en","7":"product_cat-pc-monitors-screens","9":"first","10":"instock","11":"taxable","12":"shipping-taxable","13":"purchasable","14":"product-type-simple"},"_links":{"self":[{"href":"https:\/\/electrovideo.eu\/en\/wp-json\/wp\/v2\/product\/215468","targetHints":{"allow":["GET"]}}],"collection":[{"href":"https:\/\/electrovideo.eu\/en\/wp-json\/wp\/v2\/product"}],"about":[{"href":"https:\/\/electrovideo.eu\/en\/wp-json\/wp\/v2\/types\/product"}],"replies":[{"embeddable":true,"href":"https:\/\/electrovideo.eu\/en\/wp-json\/wp\/v2\/comments?post=215468"}],"version-history":[{"count":0,"href":"https:\/\/electrovideo.eu\/en\/wp-json\/wp\/v2\/product\/215468\/revisions"}],"wp:featuredmedia":[{"embeddable":true,"href":"https:\/\/electrovideo.eu\/en\/wp-json\/wp\/v2\/media\/215470"}],"wp:attachment":[{"href":"https:\/\/electrovideo.eu\/en\/wp-json\/wp\/v2\/media?parent=215468"}],"wp:term":[{"taxonomy":"brand","embeddable":true,"href":"https:\/\/electrovideo.eu\/en\/wp-json\/wp\/v2\/etheme_brands?post=215468"},{"taxonomy":"product_brand","embeddable":true,"href":"https:\/\/electrovideo.eu\/en\/wp-json\/wp\/v2\/product_brand?post=215468"},{"taxonomy":"product_cat","embeddable":true,"href":"https:\/\/electrovideo.eu\/en\/wp-json\/wp\/v2\/product_cat?post=215468"},{"taxonomy":"product_tag","embeddable":true,"href":"https:\/\/electrovideo.eu\/en\/wp-json\/wp\/v2\/product_tag?post=215468"}],"curies":[{"name":"wp","href":"https:\/\/api.w.org\/{rel}","templated":true}]}}