{"id":215465,"date":"2025-09-23T06:37:33","date_gmt":"2025-09-23T04:37:33","guid":{"rendered":"https:\/\/electrovideo.eu\/produit\/iiyama-42-5-led-g-master-g4380uhsu-b1-red-eagle\/"},"modified":"2025-09-23T06:37:33","modified_gmt":"2025-09-23T04:37:33","slug":"iiyama-42-5-led-g-master-g4380uhsu-b1-red-eagle","status":"publish","type":"product","link":"https:\/\/electrovideo.eu\/en\/product\/iiyama-42-5-led-g-master-g4380uhsu-b1-red-eagle\/","title":{"rendered":"iiyama 42.5&#8243; LED &#8211; G-MASTER G4380UHSU-B1 Red Eagle"},"content":{"rendered":"<div id=\"description\" class=\"description\">\n<div class=\"details-pdt-desc\">\n<h2 class=\"h2-master\">Pr\u00e9parez-vous pour le jeu !<\/h2>\n<section>\n<p>Avec son format XXL de 42.5 pouces et sa r\u00e9solution 4K UHD, le <strong>moniteur iiyama G4380UHSU-B1&nbsp;<\/strong>vous transporte vers un divertissement toujours plus impressionnant. Certifi\u00e9 HDR400 et \u00e9quip\u00e9 d&#8217;une dalle VA au format 16\/9, ce mod\u00e8le combine une grande richesse visuelle avec des performances de jeu sup\u00e9rieures (0.4 ms, 144 Hz, FreeSync Premium). Vous retrouverez \u00e9galement&nbsp;de nombreux connecteurs, une protection oculaire efficace ainsi que deux haut-parleurs 7 Watts pour accompagner vos futures parties !<\/p>\n<\/section>\n<section>\n<div class=\"desc-image\"><span><img decoding=\"async\" alt=\"\" loading=\"lazy\" src=\"https:\/\/electrovideo.eu\/wp-content\/uploads\/2025\/09\/4k.jpg\"><\/span><\/div>\n<div class=\"desc-text\">\n<h2>Dalle VA 43 pouces<\/h2>\n<p>Ce moniteur gaming sign\u00e9 iiyama vous offre une immersion totale dans le jeu avec sa <strong>dalle VA&nbsp;de 43 pouces<\/strong> ! Profitez en plus d&#8217;une <strong>r\u00e9solution 4K UHD (3840 x 2160 pixels<\/strong>), d&#8217;une luminosit\u00e9 de 550 cd\/m\u00b2 et d&#8217;une certification <strong>VESA DisplayHDR 400<\/strong> pour une intensit\u00e9 visuelle sup\u00e9rieure avec couleurs lumineuses et image contrast\u00e9e.<\/p>\n<p>Les performances gaming seront \u00e0 la hauteur de vos attentes avec la pr\u00e9sence de la technologie <strong>AMD FreeSync Premium<\/strong>&nbsp;pour une belle fluidit\u00e9 ainsi qu&#8217;un <strong>temps de r\u00e9ponse de 0.4 ms<\/strong> et une <strong>fr\u00e9quence de rafra\u00eechissement maximale de 144 Hz<\/strong>. Cr\u00e9ez vos propres r\u00e9glages ou optez pour les modes de jeu pr\u00e9d\u00e9finis. De son c\u00f4t\u00e9, la fonction Black Tuner permet d&#8217;affiner la luminosit\u00e9 et les niveaux des noirs.<\/p>\n<\/div>\n<\/section>\n<section>\n<div class=\"desc-text\">\n<h2>Tout le confort n\u00e9cessaire<\/h2>\n<p>Pour r\u00e9pondre favorablement \u00e0 votre qu\u00eate de la victoire, l&#8217;\u00e9cran&nbsp;G-MASTER G4380UHSU-B1 Red Eagle se pare d&#8217;une connectique compl\u00e8te avec <strong>deux ports HDMI, deux connecteurs DisplayPort et quatre&nbsp;ports USB<\/strong>&nbsp;pour connecter vos diff\u00e9rents p\u00e9riph\u00e9riques.<\/p>\n<p>De plus, le confort sera parfaitement au rendez-vous gr\u00e2ce \u00e0 un confort oculaire optimis\u00e9 (Flicker Free et r\u00e9duction de la lumi\u00e8re bleue).<\/p>\n<\/div>\n<div class=\"desc-image\"><span><img decoding=\"async\" alt=\"\" loading=\"lazy\" src=\"https:\/\/electrovideo.eu\/wp-content\/uploads\/2025\/09\/confort.jpg\"><\/span><\/div>\n<\/section>\n<section class=\"list\">\n<h2>Caract\u00e9ristiques principales :<\/h2>\n<p>&nbsp;<\/p>\n<ul>\n<li><strong>Ecran LED de 43 pouces avec r\u00e9solution 4K UHD<\/strong> (3840 x 2160)<\/li>\n<li><strong>Dalle VA<\/strong><\/li>\n<li>Des couleurs d&#8217;une grande richesse gr\u00e2ce au contraste dynamique de 80&nbsp;000 000:1 (typique 4000:1)<\/li>\n<li>Certification VESA DisplayHDR 400<\/li>\n<li><strong>Fr\u00e9quence de rafra\u00eechissement : <\/strong>144&nbsp;Hz (4K\/DP\/FreeSync OFF), 120 Hz (4K\/DP\/FreeSync ON), 120 Hz (2K,HDMI)<\/li>\n<li>Compatibilit\u00e9 Console : 1080p (60\/120Hz, PS5, Xbox Series), 1440p (120Hz, Xbox Series), 2160p (60Hz, PS5, Xbox Series)<\/li>\n<li>Temps de r\u00e9ponse de <strong>0.4 ms (MPRT)<\/strong><\/li>\n<li>Affichage sans d\u00e9chirures avec la technologie <strong>AMD FreeSync<\/strong> <strong>Premium<\/strong><\/li>\n<li><strong>Connecteurs<\/strong> : 2x HDMI 2.0, 2x DisplayPort 1.4, 4x USB (2x 3.0 + 2x 2.0)<\/li>\n<li>Haut-parleurs int\u00e9gr\u00e9s + prise casque audio<\/li>\n<li>Confort oculaire :&nbsp;Flicker Free +&nbsp;r\u00e9duction de la lumi\u00e8re bleue<\/li>\n<\/ul>\n<\/section>\n<\/div><\/div>\n","protected":false},"excerpt":{"rendered":"<p>Ecran PC 4K &#8211; 3840 x 2160 pixels &#8211; 0.4 ms (MPRT) &#8211; 16\/9 &#8211; Dalle VA &#8211; HDR400 &#8211; 144 Hz &#8211; FreeSync Premium &#8211; HDMI\/DisplayPort &#8211; Hub USB &#8211; Haut-parleurs &#8211; Noir<\/p>\n","protected":false},"featured_media":215467,"comment_status":"open","ping_status":"closed","template":"","meta":{"_monsterinsights_skip_tracking":false,"_monsterinsights_sitenote_active":false,"_monsterinsights_sitenote_note":"","_monsterinsights_sitenote_category":0},"etheme_brands":[{"term_id":5058,"name":"iiyama","slug":"iiyama-en","term_group":0,"term_taxonomy_id":5058,"taxonomy":"brand","description":"","parent":0,"count":29,"filter":"raw"}],"product_brand":[],"product_cat":[3302],"product_tag":[],"class_list":{"0":"post-215465","1":"product","2":"type-product","3":"status-publish","4":"has-post-thumbnail","6":"brand-iiyama-en","7":"product_cat-pc-monitors-screens","9":"first","10":"instock","11":"taxable","12":"shipping-taxable","13":"purchasable","14":"product-type-simple"},"_links":{"self":[{"href":"https:\/\/electrovideo.eu\/en\/wp-json\/wp\/v2\/product\/215465","targetHints":{"allow":["GET"]}}],"collection":[{"href":"https:\/\/electrovideo.eu\/en\/wp-json\/wp\/v2\/product"}],"about":[{"href":"https:\/\/electrovideo.eu\/en\/wp-json\/wp\/v2\/types\/product"}],"replies":[{"embeddable":true,"href":"https:\/\/electrovideo.eu\/en\/wp-json\/wp\/v2\/comments?post=215465"}],"version-history":[{"count":0,"href":"https:\/\/electrovideo.eu\/en\/wp-json\/wp\/v2\/product\/215465\/revisions"}],"wp:featuredmedia":[{"embeddable":true,"href":"https:\/\/electrovideo.eu\/en\/wp-json\/wp\/v2\/media\/215467"}],"wp:attachment":[{"href":"https:\/\/electrovideo.eu\/en\/wp-json\/wp\/v2\/media?parent=215465"}],"wp:term":[{"taxonomy":"brand","embeddable":true,"href":"https:\/\/electrovideo.eu\/en\/wp-json\/wp\/v2\/etheme_brands?post=215465"},{"taxonomy":"product_brand","embeddable":true,"href":"https:\/\/electrovideo.eu\/en\/wp-json\/wp\/v2\/product_brand?post=215465"},{"taxonomy":"product_cat","embeddable":true,"href":"https:\/\/electrovideo.eu\/en\/wp-json\/wp\/v2\/product_cat?post=215465"},{"taxonomy":"product_tag","embeddable":true,"href":"https:\/\/electrovideo.eu\/en\/wp-json\/wp\/v2\/product_tag?post=215465"}],"curies":[{"name":"wp","href":"https:\/\/api.w.org\/{rel}","templated":true}]}}