{"id":215459,"date":"2025-09-23T06:38:34","date_gmt":"2025-09-23T04:38:34","guid":{"rendered":"https:\/\/electrovideo.eu\/produit\/iiyama-27-led-g-master-g2766hsu-b1-red-eagle\/"},"modified":"2025-09-23T06:38:34","modified_gmt":"2025-09-23T04:38:34","slug":"iiyama-27-led-g-master-g2766hsu-b1-red-eagle","status":"publish","type":"product","link":"https:\/\/electrovideo.eu\/en\/product\/iiyama-27-led-g-master-g2766hsu-b1-red-eagle\/","title":{"rendered":"iiyama 27&#8243; LED &#8211; G-MASTER G2766HSU-B1 Red Eagle"},"content":{"rendered":"<div id=\"description\" class=\"description\">\n<div class=\"details-pdt-desc\">\n<h2 class=\"h2-master\">Concentrez-vous sur votre objectif de victoire<\/h2>\n<section>\n<p>Avec son taux de rafra\u00eechissement de 165 Hz, AMD FreeSync Premium&nbsp;et un temps de r\u00e9ponse de 1 ms, l&#8217;<strong>\u00e9cran gaming iiyama G2766HSU-B1<\/strong> vous \u00e9paulera dans votre qu\u00eate de la victoire ! Cet \u00e9cran \u00e0 dalle VA incurv\u00e9e de 27 pouces offre une belle r\u00e9solution Full HD, un contraste typique de 3000:1 ainsi qu&#8217;une prise en charge HDR pour assurer une qualit\u00e9 visuelle sup\u00e9rieure et une exp\u00e9rience immersive.<\/p>\n<\/section>\n<section>\n<div class=\"desc-image\"><span><img decoding=\"async\" alt=\"\" loading=\"lazy\" src=\"https:\/\/electrovideo.eu\/wp-content\/uploads\/2025\/09\/curved.jpg\"><\/span><\/div>\n<div class=\"desc-text\">\n<h2>Plongez au coeur de l&#8217;action<\/h2>\n<p>Ce moniteur gaming sign\u00e9 iiyama vous offre une immersion totale dans le jeu avec sa <strong>dalle VA incurv\u00e9e de 27 pouces<\/strong> ! Profitez en plus d&#8217;une <strong>r\u00e9solution Full HD<\/strong>, d&#8217;une luminosit\u00e9 de 250 cd\/m\u00b2 et d&#8217;une prise en charge HDR&nbsp;pour une intensit\u00e9 visuelle sup\u00e9rieure avec couleurs lumineuses et image contrast\u00e9e.<\/p>\n<p>Les performances gaming seront \u00e0 la hauteur de vos attentes avec la pr\u00e9sence de la technologie <strong>AMD FreeSync Premium<\/strong>&nbsp;pour une belle fluidit\u00e9 ainsi qu&#8217;un <strong>temps de r\u00e9ponse de 1 ms<\/strong> et une <strong>fr\u00e9quence de rafra\u00eechissement maximale de 165 Hz<\/strong>. Cr\u00e9ez vos propres r\u00e9glages ou optez pour les modes de jeu pr\u00e9d\u00e9finis. De son c\u00f4t\u00e9, la fonction Black Tuner permet d&#8217;affiner la luminosit\u00e9 et les niveaux des noirs.<\/p>\n<\/div>\n<\/section>\n<section>\n<h2>Caract\u00e9ristiques principales :<\/h2>\n<p>&nbsp;<\/p>\n<ul>\n<li><strong>Ecran LED de 27 pouces avec r\u00e9solution Full HD<\/strong> (1920&nbsp;x 1080)<\/li>\n<li><strong>Dalle VA incurv\u00e9e 1500R<\/strong><\/li>\n<li>Des couleurs d&#8217;une grande richesse gr\u00e2ce au contraste dynamique de 80&nbsp;000 000:1 (typique 3000:1)<\/li>\n<li>HDR Ready<\/li>\n<li>Affichage ultra-fluide avec une <strong>fr\u00e9quence maximale de 165 Hz<\/strong><\/li>\n<li>Temps de r\u00e9ponse de <strong>1 ms (MPRT)<\/strong><\/li>\n<li>Affichage sans d\u00e9chirures avec la technologie <strong>AMD FreeSync<\/strong> <strong>Premium<\/strong><\/li>\n<li><strong>Connecteurs<\/strong> : 2x&nbsp; HDMI 2.0, 1x DisplayPort 1.4<\/li>\n<li>Haut-parleurs int\u00e9gr\u00e9s + prise casque audio<\/li>\n<li>Confort oculaire :&nbsp;Flicker Free +&nbsp;r\u00e9duction de la lumi\u00e8re bleue<\/li>\n<\/ul>\n<\/section>\n<\/div><\/div>\n","protected":false},"excerpt":{"rendered":"<p>Ecran PC Full HD 1080p &#8211; 1920 x 1080 pixels &#8211; 1 ms (MPRT) &#8211; 16\/9 &#8211; Dalle VA incurv\u00e9e &#8211; HDR &#8211; 165 Hz &#8211; FreeSync Premium &#8211; HDMI\/DisplayPort &#8211; Haut-parleurs &#8211; Noir<\/p>\n","protected":false},"featured_media":215461,"comment_status":"open","ping_status":"closed","template":"","meta":{"_monsterinsights_skip_tracking":false,"_monsterinsights_sitenote_active":false,"_monsterinsights_sitenote_note":"","_monsterinsights_sitenote_category":0},"etheme_brands":[{"term_id":5058,"name":"iiyama","slug":"iiyama-en","term_group":0,"term_taxonomy_id":5058,"taxonomy":"brand","description":"","parent":0,"count":29,"filter":"raw"}],"product_brand":[],"product_cat":[3302],"product_tag":[],"class_list":{"0":"post-215459","1":"product","2":"type-product","3":"status-publish","4":"has-post-thumbnail","6":"brand-iiyama-en","7":"product_cat-pc-monitors-screens","9":"first","10":"instock","11":"sale","12":"taxable","13":"shipping-taxable","14":"purchasable","15":"product-type-simple"},"_links":{"self":[{"href":"https:\/\/electrovideo.eu\/en\/wp-json\/wp\/v2\/product\/215459","targetHints":{"allow":["GET"]}}],"collection":[{"href":"https:\/\/electrovideo.eu\/en\/wp-json\/wp\/v2\/product"}],"about":[{"href":"https:\/\/electrovideo.eu\/en\/wp-json\/wp\/v2\/types\/product"}],"replies":[{"embeddable":true,"href":"https:\/\/electrovideo.eu\/en\/wp-json\/wp\/v2\/comments?post=215459"}],"version-history":[{"count":0,"href":"https:\/\/electrovideo.eu\/en\/wp-json\/wp\/v2\/product\/215459\/revisions"}],"wp:featuredmedia":[{"embeddable":true,"href":"https:\/\/electrovideo.eu\/en\/wp-json\/wp\/v2\/media\/215461"}],"wp:attachment":[{"href":"https:\/\/electrovideo.eu\/en\/wp-json\/wp\/v2\/media?parent=215459"}],"wp:term":[{"taxonomy":"brand","embeddable":true,"href":"https:\/\/electrovideo.eu\/en\/wp-json\/wp\/v2\/etheme_brands?post=215459"},{"taxonomy":"product_brand","embeddable":true,"href":"https:\/\/electrovideo.eu\/en\/wp-json\/wp\/v2\/product_brand?post=215459"},{"taxonomy":"product_cat","embeddable":true,"href":"https:\/\/electrovideo.eu\/en\/wp-json\/wp\/v2\/product_cat?post=215459"},{"taxonomy":"product_tag","embeddable":true,"href":"https:\/\/electrovideo.eu\/en\/wp-json\/wp\/v2\/product_tag?post=215459"}],"curies":[{"name":"wp","href":"https:\/\/api.w.org\/{rel}","templated":true}]}}