{"id":215450,"date":"2025-09-23T06:40:22","date_gmt":"2025-09-23T04:40:22","guid":{"rendered":"https:\/\/electrovideo.eu\/produit\/iiyama-23-8-led-prolite-xub2463hsu-b1\/"},"modified":"2025-09-23T06:40:22","modified_gmt":"2025-09-23T04:40:22","slug":"iiyama-23-8-led-prolite-xub2463hsu-b1","status":"publish","type":"product","link":"https:\/\/electrovideo.eu\/en\/product\/iiyama-23-8-led-prolite-xub2463hsu-b1\/","title":{"rendered":"iiyama 23.8&#8243; LED &#8211; ProLite XUB2463HSU-B1"},"content":{"rendered":"<div id=\"description\" class=\"description\">\n<div class=\"details-pdt-desc\">\n<h2 class=\"h2-master\">Un \u00e9cran \u00e9conomique et plus \u00e9cologique<\/h2>\n<section>\n<p>Le <strong>moniteur iiyama XUB2463HSU-B1<\/strong> offre l&#8217;avantage d&#8217;une faible consommation d&#8217;\u00e9nergie et d&#8217;une conception plus \u00e9co-responsable. \u00c0 cet effet, <strong>aucun plastique<\/strong> n&#8217;a \u00e9t\u00e9 utilis\u00e9 pour emballer ce produit et le bo\u00eetier lui-m\u00eame est compos\u00e9 \u00e0 <strong>85% de mat\u00e9riaux recycl\u00e9s apr\u00e8s consommation<\/strong>. C\u00f4t\u00e9 qualit\u00e9 d&#8217;image, cet \u00e9cran iiyama dispose d&#8217;une dalle IPS de 24 pouces, pour des angles de vision larges et des couleurs tr\u00e8s pr\u00e9cises. C\u00f4t\u00e9 confort, cet \u00e9cran dispose d&#8217;un pied ergonomique, avec pivot sur 90\u00b0 et r\u00e9glage en hauteur sur 150 mm.<br \/>\n&nbsp;<\/p>\n<\/section>\n<section>\n<div class=\"desc-image\"><span><img decoding=\"async\" alt=\"\" loading=\"lazy\" src=\"https:\/\/electrovideo.eu\/wp-content\/uploads\/2025\/09\/801-35.jpg\"><\/span><\/div>\n<div class=\"desc-text\">\n<h2>Un moniteur \u00e9conomique<\/h2>\n<p>Le choix de ce moniteur iiyama de classe \u00e9nerg\u00e9tique B vous permet d&#8217;\u00e9conomiser de l&#8217;\u00e9lectricit\u00e9 sans n\u00e9gliger les performances. La fonction d&#8217;\u00e9conomie d&#8217;\u00e9nergie associ\u00e9e \u00e0 un filtre couleur \u00e0 haute efficacit\u00e9, maintient la luminosit\u00e9 et les couleurs vives, de sorte que les performances de l&#8217;image ne sont pas affect\u00e9es.<\/p>\n<\/div>\n<\/section>\n<section>\n<div class=\"desc-text\">\n<h2>Confort d&#8217;utilisation<\/h2>\n<p>Bas\u00e9e sur des tests optiques et des recherches men\u00e9es par des optom\u00e9tristes et des ophtalmologistes du monde entier, la certification Eye Safe signifie que ce produit offre une protection permanente contre la lumi\u00e8re bleue en r\u00e9duisant la lumi\u00e8re bleue \u00e0 haute \u00e9nergie tout en maintenant les performances des couleurs intactes. Elle r\u00e9pond \u00e9galement aux exigences de la certification Eye Comfort, qui confirme que le produit r\u00e9duit la lumi\u00e8re bleue et ne provoque pas de scintillement, afin de prot\u00e9ger les yeux et de pr\u00e9server la vision de l&#8217;utilisateur, et de permettre \u00e0 ce dernier de changer de position sans compromettre la qualit\u00e9 de l&#8217;image visuelle. Gr\u00e2ce au pied ergonomique avec notamment fonction pivot et r\u00e9glage en hauteur sur 150 mm, ce mod\u00e8le vous permettra de d\u00e9finir la position id\u00e9ale de l&#8217;\u00e9cran par rapport \u00e0 vos besoins et vos pr\u00e9f\u00e9rences.<\/p>\n<\/div>\n<div class=\"desc-image\"><span><img decoding=\"async\" alt=\"\" loading=\"lazy\" src=\"https:\/\/electrovideo.eu\/wp-content\/uploads\/2025\/09\/802-31.jpg\"><\/span><\/div>\n<\/section>\n<section class=\"list\">\n<h2>Caract\u00e9ristiques principales :<\/h2>\n<ul>\n<li><strong>Faible consommation d&#8217;\u00e9nergie<\/strong><\/li>\n<li>\u00c9cran large de 24&#8243; avec r\u00e9solution Full HD (1920 x 1080) et <b>fr\u00e9quence de 100 Hz<\/b><\/li>\n<li><strong>Dalle IPS<\/strong>&nbsp;:&nbsp;superbes performances colorim\u00e9triques, contraste \u00e9lev\u00e9 et larges angles de vision<\/li>\n<li>Connecteurs HDMI et DisplayPort<\/li>\n<li>Compatible FreeSync<\/li>\n<li>Meilleur confort oculaire avec la technologie&nbsp;Flicker Free&nbsp;et une&nbsp;r\u00e9duction de la lumi\u00e8re bleue<\/li>\n<li>Possibilit\u00e9 de fixation murale (VESA 100 x 100 mm)<\/li>\n<li>Design moderne Borderless<\/li>\n<li>Pied ergonomique<\/li>\n<\/ul>\n<\/section>\n<\/div><\/div>\n","protected":false},"excerpt":{"rendered":"<p>Ecran PC Full HD 1080p &#8211; 1920 x 1080 pixels &#8211; 3 ms (gris \u00e0 gris) &#8211; Format large 16\/9 &#8211; Dalle IPS &#8211; 100 Hz &#8211; FreeSync &#8211; DisplayPort\/HDMI &#8211; Pivot &#8211; Hub USB 3.0 &#8211; Noir<\/p>\n","protected":false},"featured_media":215452,"comment_status":"open","ping_status":"closed","template":"","meta":{"_monsterinsights_skip_tracking":false,"_monsterinsights_sitenote_active":false,"_monsterinsights_sitenote_note":"","_monsterinsights_sitenote_category":0},"etheme_brands":[{"term_id":5058,"name":"iiyama","slug":"iiyama-en","term_group":0,"term_taxonomy_id":5058,"taxonomy":"brand","description":"","parent":0,"count":29,"filter":"raw"}],"product_brand":[],"product_cat":[3302],"product_tag":[],"class_list":{"0":"post-215450","1":"product","2":"type-product","3":"status-publish","4":"has-post-thumbnail","6":"brand-iiyama-en","7":"product_cat-pc-monitors-screens","9":"first","10":"instock","11":"taxable","12":"shipping-taxable","13":"purchasable","14":"product-type-simple"},"_links":{"self":[{"href":"https:\/\/electrovideo.eu\/en\/wp-json\/wp\/v2\/product\/215450","targetHints":{"allow":["GET"]}}],"collection":[{"href":"https:\/\/electrovideo.eu\/en\/wp-json\/wp\/v2\/product"}],"about":[{"href":"https:\/\/electrovideo.eu\/en\/wp-json\/wp\/v2\/types\/product"}],"replies":[{"embeddable":true,"href":"https:\/\/electrovideo.eu\/en\/wp-json\/wp\/v2\/comments?post=215450"}],"version-history":[{"count":0,"href":"https:\/\/electrovideo.eu\/en\/wp-json\/wp\/v2\/product\/215450\/revisions"}],"wp:featuredmedia":[{"embeddable":true,"href":"https:\/\/electrovideo.eu\/en\/wp-json\/wp\/v2\/media\/215452"}],"wp:attachment":[{"href":"https:\/\/electrovideo.eu\/en\/wp-json\/wp\/v2\/media?parent=215450"}],"wp:term":[{"taxonomy":"brand","embeddable":true,"href":"https:\/\/electrovideo.eu\/en\/wp-json\/wp\/v2\/etheme_brands?post=215450"},{"taxonomy":"product_brand","embeddable":true,"href":"https:\/\/electrovideo.eu\/en\/wp-json\/wp\/v2\/product_brand?post=215450"},{"taxonomy":"product_cat","embeddable":true,"href":"https:\/\/electrovideo.eu\/en\/wp-json\/wp\/v2\/product_cat?post=215450"},{"taxonomy":"product_tag","embeddable":true,"href":"https:\/\/electrovideo.eu\/en\/wp-json\/wp\/v2\/product_tag?post=215450"}],"curies":[{"name":"wp","href":"https:\/\/api.w.org\/{rel}","templated":true}]}}