{"id":215444,"date":"2025-09-23T06:42:10","date_gmt":"2025-09-23T04:42:10","guid":{"rendered":"https:\/\/electrovideo.eu\/produit\/iiyama-27-led-g-master-gb2770qsu-b6-red-eagle\/"},"modified":"2025-09-23T06:42:10","modified_gmt":"2025-09-23T04:42:10","slug":"iiyama-27-led-g-master-gb2770qsu-b6-red-eagle","status":"publish","type":"product","link":"https:\/\/electrovideo.eu\/en\/product\/iiyama-27-led-g-master-gb2770qsu-b6-red-eagle\/","title":{"rendered":"iiyama 27&#8243; LED &#8211; G-Master GB2770QSU-B6 Red Eagle"},"content":{"rendered":"<div id=\"description\" class=\"description\">\n<div class=\"details-pdt-desc\">\n<h2 class=\"h2-master\">Potentiel de jeu optimis\u00e9<\/h2>\n<section>\n<p>Pr\u00e9parez-vous pour la bataille \u00e0 venir avec un \u00e9quipement par\u00e9 pour la victoire. Le <strong>moniteur iiyama GB2770QSU-B6<\/strong> combine avec efficacit\u00e9 une qualit\u00e9 d&#8217;image sup\u00e9rieure avec des performances gaming \u00e9lev\u00e9es (temps de r\u00e9ponse de 0.2 ms, fr\u00e9quence de 180 Hz, Adaptive Sync). Profitez d&#8217;un divertissement agr\u00e9able et confortable avec une dalle Fast IPS, une r\u00e9solution QHD et une conception ergonomique.<br \/>\n&nbsp;<\/p>\n<\/section>\n<section>\n<div class=\"desc-image\"><span><img decoding=\"async\" alt=\"\" loading=\"lazy\" src=\"https:\/\/electrovideo.eu\/wp-content\/uploads\/2025\/09\/ecran_gaming.jpg\"><\/span><\/div>\n<div class=\"desc-text\">\n<h2>Le parfum de la victoire<\/h2>\n<p>Signez vos plus beaux exploits avec ce moniteur iiyama offrant des conditions de jeu optimales ! Port\u00e9 par une <strong>dalle Fast IPS<\/strong>, cet \u00e9cran de 27 pouces&nbsp;parvient \u00e0 un <strong>temps de r\u00e9ponse ultra-rapide de 0.2 ms<\/strong> (MPRT) tout en offrant une qualit\u00e9 visuelle sup\u00e9rieure avec une <strong>r\u00e9solution QHD<\/strong> et un contraste de 80M:1 en mode dynamique&nbsp;(1200:1 typique).<\/p>\n<p>Une belle fluidit\u00e9 est \u00e9galement au rendez-vous avec une <strong>fr\u00e9quence de rafra\u00eechissement maximale de 180 Hz<\/strong> et le travail de la technologie <strong>Adaptive Sync<\/strong>. R\u00e9sultat, une image sans d\u00e9chirement pour surpasser vos adversaires \u00e0 chaque instant !&nbsp;<\/p>\n<\/div>\n<\/section>\n<section>\n<div class=\"desc-text\">\n<h2>Un confort de jeu sup\u00e9rieur<\/h2>\n<p>Outre les performances de l&#8217;\u00e9cran, pour viser les sommets, il faut aussi un confort de jeu sup\u00e9rieur. Le moniteur GB2770QSU-B6 Red Eagle se pare d&#8217;un <strong>pied ergonomique avec un positionnement facilement ajustable<\/strong> pour r\u00e9pondre \u00e0 toutes les attentes des joueurs. R\u00e9glez la hauteur, l&#8217;inclinaison ou la rotation et cr\u00e9ez le setup gaming r\u00eav\u00e9 ! Et pour vous assurer de truster le haut du classement pendant longtemps, la <strong>fatigue visuelle sera r\u00e9duite gr\u00e2ce \u00e0 la pr\u00e9sence des technologies de protection oculaire<\/strong> FlickerFree (anti-scintillement) et r\u00e9duction de lumi\u00e8re bleue.<\/p>\n<\/div>\n<div class=\"desc-image\"><span><img decoding=\"async\" alt=\"\" loading=\"lazy\" src=\"https:\/\/electrovideo.eu\/wp-content\/uploads\/2025\/09\/802-34.jpg\"><\/span><\/div>\n<\/section>\n<section class=\"list\">\n<h2>Caract\u00e9ristiques principales :<\/h2>\n<ul>\n<li><strong>\u00c9cran LED mat de 27&nbsp;pouces avec r\u00e9solution QHD<\/strong>&nbsp;(2560 x 1440)<\/li>\n<li><strong>Dalle Fast IPS<\/strong> : angles de vision larges et <strong>temps de r\u00e9ponse ultra-rapide de 0.2 ms (MPRT)<\/strong><\/li>\n<li>Des couleurs d&#8217;une grande richesse gr\u00e2ce au contraste dynamique de 80&nbsp;000 000:1 (typique 1200:1)<\/li>\n<li>Affichage ultra-fluide avec une&nbsp;<strong>fr\u00e9quence maximale de 180 Hz<\/strong><\/li>\n<li>Affichage sans d\u00e9chirures avec la technologie&nbsp;<strong>Adaptive Sync<\/strong><\/li>\n<li>Modes de jeu pr\u00e9-r\u00e9gl\u00e9s et profils personnalisables<\/li>\n<li><strong>Fonction Black Tuner<\/strong> : sc\u00e8nes sombres optimis\u00e9es pour ne plus vous faire surprendre par l&#8217;ennemi<\/li>\n<li><strong>Connecteurs<\/strong>&nbsp;: HDMI et DisplayPort<\/li>\n<li>Haut-parleurs int\u00e9gr\u00e9s + prise casque audio<\/li>\n<li><strong>Position ajustable<\/strong> : inclinaison, hauteur (150 mm), pivot<\/li>\n<li>Confort oculaire :&nbsp;Flicker Free +&nbsp;r\u00e9duction de la lumi\u00e8re bleue<\/li>\n<\/ul>\n<\/section>\n<\/div><\/div>\n","protected":false},"excerpt":{"rendered":"<p>Ecran PC 2.5K &#8211; 2560 x 1440 pixels &#8211; 0.2 ms (MPRT) &#8211; 16\/9 &#8211; Dalle Fast IPS &#8211; 180 Hz &#8211; Adaptive Sync &#8211; HDMI\/DisplayPort &#8211; Pivot &#8211; Hub USB &#8211; Noir<\/p>\n","protected":false},"featured_media":215446,"comment_status":"open","ping_status":"closed","template":"","meta":{"_monsterinsights_skip_tracking":false,"_monsterinsights_sitenote_active":false,"_monsterinsights_sitenote_note":"","_monsterinsights_sitenote_category":0},"etheme_brands":[{"term_id":5058,"name":"iiyama","slug":"iiyama-en","term_group":0,"term_taxonomy_id":5058,"taxonomy":"brand","description":"","parent":0,"count":29,"filter":"raw"}],"product_brand":[],"product_cat":[3302],"product_tag":[],"class_list":{"0":"post-215444","1":"product","2":"type-product","3":"status-publish","4":"has-post-thumbnail","6":"brand-iiyama-en","7":"product_cat-pc-monitors-screens","9":"first","10":"instock","11":"taxable","12":"shipping-taxable","13":"purchasable","14":"product-type-simple"},"_links":{"self":[{"href":"https:\/\/electrovideo.eu\/en\/wp-json\/wp\/v2\/product\/215444","targetHints":{"allow":["GET"]}}],"collection":[{"href":"https:\/\/electrovideo.eu\/en\/wp-json\/wp\/v2\/product"}],"about":[{"href":"https:\/\/electrovideo.eu\/en\/wp-json\/wp\/v2\/types\/product"}],"replies":[{"embeddable":true,"href":"https:\/\/electrovideo.eu\/en\/wp-json\/wp\/v2\/comments?post=215444"}],"version-history":[{"count":0,"href":"https:\/\/electrovideo.eu\/en\/wp-json\/wp\/v2\/product\/215444\/revisions"}],"wp:featuredmedia":[{"embeddable":true,"href":"https:\/\/electrovideo.eu\/en\/wp-json\/wp\/v2\/media\/215446"}],"wp:attachment":[{"href":"https:\/\/electrovideo.eu\/en\/wp-json\/wp\/v2\/media?parent=215444"}],"wp:term":[{"taxonomy":"brand","embeddable":true,"href":"https:\/\/electrovideo.eu\/en\/wp-json\/wp\/v2\/etheme_brands?post=215444"},{"taxonomy":"product_brand","embeddable":true,"href":"https:\/\/electrovideo.eu\/en\/wp-json\/wp\/v2\/product_brand?post=215444"},{"taxonomy":"product_cat","embeddable":true,"href":"https:\/\/electrovideo.eu\/en\/wp-json\/wp\/v2\/product_cat?post=215444"},{"taxonomy":"product_tag","embeddable":true,"href":"https:\/\/electrovideo.eu\/en\/wp-json\/wp\/v2\/product_tag?post=215444"}],"curies":[{"name":"wp","href":"https:\/\/api.w.org\/{rel}","templated":true}]}}