{"id":215437,"date":"2025-09-23T06:44:43","date_gmt":"2025-09-23T04:44:43","guid":{"rendered":"https:\/\/electrovideo.eu\/produit\/iiyama-27-led-g-master-g2745qsu-b2-black-hawk\/"},"modified":"2025-09-23T06:44:43","modified_gmt":"2025-09-23T04:44:43","slug":"iiyama-27-led-g-master-g2745qsu-b2-black-hawk","status":"publish","type":"product","link":"https:\/\/electrovideo.eu\/en\/product\/iiyama-27-led-g-master-g2745qsu-b2-black-hawk\/","title":{"rendered":"iiyama 27&#8243; LED &#8211; G-Master G2745QSU-B2 Black Hawk"},"content":{"rendered":"<div id=\"description\" class=\"description\">\n<div class=\"details-pdt-desc\">\n<h2 class=\"h2-master\">Moniteur QHD de 27 pouces avec 1 ms et Adaptive-Sync<\/h2>\n<section>\n<p>Avec l&#8217;<strong>\u00e9cran iiyama G-Master G2745QSU-B2<\/strong>, profitez d&#8217;une qualit\u00e9 d&#8217;image sup\u00e9rieure associ\u00e9e \u00e0 des performances de jeu avanc\u00e9es pour tenter de remporter la victoire. Ce mod\u00e8le \u00e0 dalle IPS de 27 pouces propose une r\u00e9solution QHD, une rapidit\u00e9 accrue de 1 ms et les bienfaits de la technologie Adaptive-Sync. Tous les ingr\u00e9dients sont alors r\u00e9unis pour passer un moment gaming agr\u00e9able dans des conditions optimales.<br \/>\n&nbsp;<\/p>\n<\/section>\n<section>\n<div class=\"desc-image\"><span><img decoding=\"async\" alt=\"\" loading=\"lazy\" src=\"https:\/\/electrovideo.eu\/wp-content\/uploads\/2025\/09\/100hz.jpg\"><\/span><\/div>\n<div class=\"desc-text\">\n<h2>Performance et fluidit\u00e9<\/h2>\n<p>Prenez part au combat avec tous les ingr\u00e9dients n\u00e9cessaires pour remporter la victoire ! L&#8217;\u00e9cran gaming iiyama G-MASTER G2745QSU-B2 offre un temps de r\u00e9ponse de 1 ms (MPRT) ainsi qu&#8217;une belle fluidit\u00e9 dans le jeu avec une&nbsp;<strong>fr\u00e9quence de rafra\u00eechissement maximale de 100 Hz<\/strong>&nbsp;et le travail de la technologie <strong>Adaptive-Sync<\/strong>. R\u00e9sultat, une image sans d\u00e9chirement pour surpasser vos adversaires \u00e0 chaque instant !<\/p>\n<\/div>\n<\/section>\n<section>\n<div class=\"desc-text\">\n<h2>Une arme redoutable<\/h2>\n<p>D&#8217;autres fonctionnalit\u00e9s s&#8217;ajoutent permettant de cr\u00e9er un environnement de jeu optimal. <strong>Black Tuner<\/strong> optimise les sc\u00e8nes sombres pour ne plus vous faire surprendre par l&#8217;ennemi tandis que les modes pr\u00e9-r\u00e9gl\u00e9s assurent une qualit\u00e9 visuelle irr\u00e9prochable. Des profils personnalisables sont \u00e9galement disponibles pour coller parfaitement \u00e0 vos pr\u00e9f\u00e9rences.<\/p>\n<\/div>\n<div class=\"desc-image\"><span><img decoding=\"async\" alt=\"\" loading=\"lazy\" src=\"https:\/\/electrovideo.eu\/wp-content\/uploads\/2025\/09\/black_hawk.jpg\"><\/span><\/div>\n<\/section>\n<section class=\"list\">\n<h2>Caract\u00e9ristiques principales :<\/h2>\n<ul>\n<li>\u00c9cran LED mat de <strong>27&nbsp;pouces <\/strong>avec <strong>r\u00e9solution Quad HD<\/strong>&nbsp;<strong>(2560&nbsp;x 1440)<\/strong><\/li>\n<li><strong>Dalle IPS<\/strong> : couleurs riches et nuanc\u00e9es avec angles de vision larges<\/li>\n<li>Couleurs d&#8217;une grande richesse gr\u00e2ce au contraste dynamique de 80&nbsp;000 000:1 (typique 1300:1)<\/li>\n<li><strong>Temps de r\u00e9ponse ultra-rapide de 1 ms (MPRT)<\/strong><\/li>\n<li>Affichage ultra-fluide avec une&nbsp;<strong>fr\u00e9quence maximale de 100 Hz<\/strong><\/li>\n<li>Affichage sans d\u00e9chirures avec la technologie&nbsp;<strong>Adaptive-Sync<\/strong><\/li>\n<li>Modes de jeu pr\u00e9-r\u00e9gl\u00e9s ou profils personnalisables<\/li>\n<li><strong>Fonction Black Tuner<\/strong> : sc\u00e8nes sombres optimis\u00e9es pour ne plus vous faire surprendre par l&#8217;ennemi<\/li>\n<li><strong>Connecteurs<\/strong>&nbsp;: HDMI, DisplayPort<\/li>\n<li>Haut-parleurs int\u00e9gr\u00e9s + prise casque audio<\/li>\n<li>Confort oculaire :&nbsp;Flicker Free +&nbsp;r\u00e9duction de la lumi\u00e8re bleue<\/li>\n<\/ul>\n<\/section>\n<\/div><\/div>\n","protected":false},"excerpt":{"rendered":"<p>Ecran PC 2.5K &#8211; 2560 x 1440 pixels &#8211; 1 ms (MPRT) &#8211; 16\/9 &#8211; Dalle IPS &#8211; 100 Hz &#8211; Adaptive-Sync &#8211; HDMI\/DisplayPort &#8211; Haut-parleurs &#8211; Hub USB &#8211; Noir<\/p>\n","protected":false},"featured_media":215438,"comment_status":"open","ping_status":"closed","template":"","meta":{"_monsterinsights_skip_tracking":false,"_monsterinsights_sitenote_active":false,"_monsterinsights_sitenote_note":"","_monsterinsights_sitenote_category":0},"etheme_brands":[{"term_id":5058,"name":"iiyama","slug":"iiyama-en","term_group":0,"term_taxonomy_id":5058,"taxonomy":"brand","description":"","parent":0,"count":29,"filter":"raw"}],"product_brand":[],"product_cat":[3302],"product_tag":[],"class_list":{"0":"post-215437","1":"product","2":"type-product","3":"status-publish","4":"has-post-thumbnail","6":"brand-iiyama-en","7":"product_cat-pc-monitors-screens","9":"first","10":"instock","11":"sale","12":"taxable","13":"shipping-taxable","14":"purchasable","15":"product-type-simple"},"_links":{"self":[{"href":"https:\/\/electrovideo.eu\/en\/wp-json\/wp\/v2\/product\/215437","targetHints":{"allow":["GET"]}}],"collection":[{"href":"https:\/\/electrovideo.eu\/en\/wp-json\/wp\/v2\/product"}],"about":[{"href":"https:\/\/electrovideo.eu\/en\/wp-json\/wp\/v2\/types\/product"}],"replies":[{"embeddable":true,"href":"https:\/\/electrovideo.eu\/en\/wp-json\/wp\/v2\/comments?post=215437"}],"version-history":[{"count":0,"href":"https:\/\/electrovideo.eu\/en\/wp-json\/wp\/v2\/product\/215437\/revisions"}],"wp:featuredmedia":[{"embeddable":true,"href":"https:\/\/electrovideo.eu\/en\/wp-json\/wp\/v2\/media\/215438"}],"wp:attachment":[{"href":"https:\/\/electrovideo.eu\/en\/wp-json\/wp\/v2\/media?parent=215437"}],"wp:term":[{"taxonomy":"brand","embeddable":true,"href":"https:\/\/electrovideo.eu\/en\/wp-json\/wp\/v2\/etheme_brands?post=215437"},{"taxonomy":"product_brand","embeddable":true,"href":"https:\/\/electrovideo.eu\/en\/wp-json\/wp\/v2\/product_brand?post=215437"},{"taxonomy":"product_cat","embeddable":true,"href":"https:\/\/electrovideo.eu\/en\/wp-json\/wp\/v2\/product_cat?post=215437"},{"taxonomy":"product_tag","embeddable":true,"href":"https:\/\/electrovideo.eu\/en\/wp-json\/wp\/v2\/product_tag?post=215437"}],"curies":[{"name":"wp","href":"https:\/\/api.w.org\/{rel}","templated":true}]}}