{"id":215432,"date":"2025-09-23T06:46:09","date_gmt":"2025-09-23T04:46:09","guid":{"rendered":"https:\/\/electrovideo.eu\/produit\/iiyama-34-led-g-master-gcb3486wqscp-b1-gold-phoenix\/"},"modified":"2025-09-23T06:46:09","modified_gmt":"2025-09-23T04:46:09","slug":"iiyama-34-led-g-master-gcb3486wqscp-b1-gold-phoenix","status":"publish","type":"product","link":"https:\/\/electrovideo.eu\/en\/product\/iiyama-34-led-g-master-gcb3486wqscp-b1-gold-phoenix\/","title":{"rendered":"iiyama 34&#8243; LED &#8211; G-Master GCB3486WQSCP-B1 Gold Phoenix"},"content":{"rendered":"<div id=\"description\" class=\"description\">\n<div class=\"details-pdt-desc\">\n<h2 class=\"h2-master\">Performance et confort pour le jeu<\/h2>\n<section>\n<p>Plongez-vous dans le jeu avec le <strong>moniteur iiyama GCB3486WQSCP-B1 Gold Phoenix<\/strong> incurv\u00e9 au format 21\/9 ! Avec une dalle VA incurv\u00e9e 1500R, un taux de rafra\u00eechissement de 240 Hz, un temps de r\u00e9ponse MPRT de 0.4 ms et une r\u00e9solution de 3440 x 1440, cet \u00e9cran iiyama vous offre une exp\u00e9rience visuelle de haute vol\u00e9e et garantit une superbe qualit\u00e9 d&#8217;image.<br \/>\n&nbsp;<\/p>\n<\/section>\n<section>\n<div class=\"desc-image\"><span><img decoding=\"async\" alt=\"\" loading=\"lazy\" src=\"https:\/\/electrovideo.eu\/wp-content\/uploads\/2025\/09\/240hz.jpg\"><\/span><\/div>\n<div class=\"desc-text\">\n<h2>Le parfum de la victoire<\/h2>\n<p>Signez vos plus beaux exploits avec ce moniteur iiyama offrant des conditions de jeu optimales ! Port\u00e9 par une dalle VA incurv\u00e9e au format 21\/9, cet \u00e9cran de 34 pouces&nbsp;parvient \u00e0 un <strong>temps de r\u00e9ponse ultra-rapide de 0.4 ms<\/strong> (MPRT) tout en offrant une qualit\u00e9 visuelle sup\u00e9rieure avec une <strong>r\u00e9solution UWQHD<\/strong> et un contraste de 80M:1 en mode dynamique&nbsp;(4000:1 typique).<\/p>\n<p>Une belle fluidit\u00e9 est \u00e9galement au rendez-vous avec une <strong>fr\u00e9quence de rafra\u00eechissement maximale de 240 Hz<\/strong> et le travail de la technologie <strong>AMD FreeSync Premium<\/strong>. R\u00e9sultat, une image sans d\u00e9chirement pour surpasser vos adversaires \u00e0 chaque instant !<\/p>\n<\/div>\n<\/section>\n<section>\n<div class=\"desc-text\">\n<h2>Le confort d&#8217;une dalle incurv\u00e9e<\/h2>\n<p>Le moniteur G-Master GCB3486WQSCP-B1 Gold Phoenix, dot\u00e9 d&#8217;un \u00e9cran incurv\u00e9 VA 1500R inspir\u00e9 de la courbure de l&#8217;\u0153il humain, offre une superbe qualit\u00e9 d&#8217;image et une exp\u00e9rience visuelle confortable et immersive. La courbure 1500R de l&#8217;\u00e9cran r\u00e9duit la fatigue de vos yeux tout en offrant une exp\u00e9rience visuelle r\u00e9aliste. Elle permet un angle de vision plus large et plus naturel que celui des moniteurs plats align\u00e9s c\u00f4te \u00e0 c\u00f4te. Le r\u00e9sultat est une exp\u00e9rience plus immersive qui stimule l&#8217;efficacit\u00e9 et la concentration, que ce soit pour le travail, les jeux, le divertissement, l&#8217;\u00e9dition ou autre.<\/p>\n<\/div>\n<div class=\"desc-image\"><span><img decoding=\"async\" alt=\"\" loading=\"lazy\" src=\"https:\/\/electrovideo.eu\/wp-content\/uploads\/2025\/09\/801-36.jpg\"><\/span><\/div>\n<\/section>\n<section class=\"list\">\n<h2>Caract\u00e9ristiques principales :<\/h2>\n<ul>\n<li><strong>\u00c9cran incurv\u00e9 de 34 pouces avec r\u00e9solution Ultra Wide QHD<\/strong>&nbsp;(3440 x 1440)<\/li>\n<li>Dalle VA incurv\u00e9e avec temps de r\u00e9ponse ultra-rapide de 0.4 ms (MPRT)<\/li>\n<li>Des couleurs d&#8217;une grande richesse gr\u00e2ce au contraste dynamique de 80&nbsp;000 000:1 (typique 4000:1)<\/li>\n<li>VESA DisplayHDR 400<\/li>\n<li>Affichage ultra-fluide avec une&nbsp;<strong>fr\u00e9quence maximale de 240 Hz<\/strong><\/li>\n<li>Affichage sans d\u00e9chirures avec la technologie&nbsp;<strong>AMD FreeSync Premium<\/strong><\/li>\n<li><strong>Fonction Black Tuner<\/strong> : sc\u00e8nes sombres optimis\u00e9es pour ne plus vous faire surprendre par l&#8217;ennemi<\/li>\n<li>Connecteurs HDMI et DisplayPort<\/li>\n<li>Dock USB-C Power Delivery 95W, 2 ports USB 3.0, 1 ports USB-C 3.0 et 1 port RJ-45<\/li>\n<li>Haut-parleurs int\u00e9gr\u00e9s + prise casque audio<\/li>\n<li><strong>Position ajustable<\/strong> : inclinaison et r\u00e9glage en hauteur (sur 150 mm)<\/li>\n<li>Confort oculaire :&nbsp;Flicker Free +&nbsp;r\u00e9duction de la lumi\u00e8re bleue<\/li>\n<\/ul>\n<\/section>\n<\/div><\/div>\n","protected":false},"excerpt":{"rendered":"<p>Ecran PC UltraWide WQHD &#8211; 3440 x 1440 pixels &#8211; 0.4 ms (MPRT) &#8211; 21\/9 &#8211; Dalle VA incurv\u00e9e &#8211; HDR 400 &#8211; 240 Hz &#8211; FreeSync Premium &#8211; HDMI\/DisplayPort &#8211; R\u00e9glage en hauteur &#8211; Hub USB &#8211; Noir<\/p>\n","protected":false},"featured_media":215434,"comment_status":"open","ping_status":"closed","template":"","meta":{"_monsterinsights_skip_tracking":false,"_monsterinsights_sitenote_active":false,"_monsterinsights_sitenote_note":"","_monsterinsights_sitenote_category":0},"etheme_brands":[{"term_id":5058,"name":"iiyama","slug":"iiyama-en","term_group":0,"term_taxonomy_id":5058,"taxonomy":"brand","description":"","parent":0,"count":29,"filter":"raw"}],"product_brand":[],"product_cat":[3302],"product_tag":[],"class_list":{"0":"post-215432","1":"product","2":"type-product","3":"status-publish","4":"has-post-thumbnail","6":"brand-iiyama-en","7":"product_cat-pc-monitors-screens","9":"first","10":"instock","11":"sale","12":"taxable","13":"shipping-taxable","14":"purchasable","15":"product-type-simple"},"_links":{"self":[{"href":"https:\/\/electrovideo.eu\/en\/wp-json\/wp\/v2\/product\/215432","targetHints":{"allow":["GET"]}}],"collection":[{"href":"https:\/\/electrovideo.eu\/en\/wp-json\/wp\/v2\/product"}],"about":[{"href":"https:\/\/electrovideo.eu\/en\/wp-json\/wp\/v2\/types\/product"}],"replies":[{"embeddable":true,"href":"https:\/\/electrovideo.eu\/en\/wp-json\/wp\/v2\/comments?post=215432"}],"version-history":[{"count":0,"href":"https:\/\/electrovideo.eu\/en\/wp-json\/wp\/v2\/product\/215432\/revisions"}],"wp:featuredmedia":[{"embeddable":true,"href":"https:\/\/electrovideo.eu\/en\/wp-json\/wp\/v2\/media\/215434"}],"wp:attachment":[{"href":"https:\/\/electrovideo.eu\/en\/wp-json\/wp\/v2\/media?parent=215432"}],"wp:term":[{"taxonomy":"brand","embeddable":true,"href":"https:\/\/electrovideo.eu\/en\/wp-json\/wp\/v2\/etheme_brands?post=215432"},{"taxonomy":"product_brand","embeddable":true,"href":"https:\/\/electrovideo.eu\/en\/wp-json\/wp\/v2\/product_brand?post=215432"},{"taxonomy":"product_cat","embeddable":true,"href":"https:\/\/electrovideo.eu\/en\/wp-json\/wp\/v2\/product_cat?post=215432"},{"taxonomy":"product_tag","embeddable":true,"href":"https:\/\/electrovideo.eu\/en\/wp-json\/wp\/v2\/product_tag?post=215432"}],"curies":[{"name":"wp","href":"https:\/\/api.w.org\/{rel}","templated":true}]}}