{"id":215424,"date":"2025-09-23T06:48:02","date_gmt":"2025-09-23T04:48:02","guid":{"rendered":"https:\/\/electrovideo.eu\/produit\/lg-27-led-27ba560-b\/"},"modified":"2025-09-23T06:48:02","modified_gmt":"2025-09-23T04:48:02","slug":"lg-27-led-27ba560-b","status":"publish","type":"product","link":"https:\/\/electrovideo.eu\/en\/product\/lg-27-led-27ba560-b\/","title":{"rendered":"LG 27&#8243; LED 27BA560-B"},"content":{"rendered":"<div id=\"description\" class=\"description\">\n<div class=\"details-pdt-desc\">\n<h2 class=\"h2-master\">Un \u00e9cran polyvalent et ergonomique pour votre quotidien<\/h2>\n<section>\n<p>Profitez d&#8217;un excellent confort visuel avec le <strong>moniteur LG 27BA560-B<\/strong> ! Gr\u00e2ce \u00e0 son grand \u00e9cran IPS de 27 pouces avec r\u00e9solution Full HD, sa fr\u00e9quence de 100 Hz, ses fonctions d&#8217;am\u00e9lioration du confort et son pied 100% ergonomique, cet \u00e9cran LG allie qualit\u00e9 d&#8217;affichage et polyvalence.<br \/>\n&nbsp;<\/p>\n<\/section>\n<section>\n<div class=\"desc-image\"><span><img decoding=\"async\" alt=\"\" loading=\"lazy\" src=\"https:\/\/electrovideo.eu\/wp-content\/uploads\/2025\/09\/801-38.jpg\"><\/span><\/div>\n<div class=\"desc-text\">\n<h2>Dalle IPS Full HD 100 Hz<\/h2>\n<p>Ce moniteur LG avec dalle IPS affiche des couleurs constantes avec peu de variations de temp\u00e9rature. Profitez ainsi de couleurs identiques \u00e0 l&#8217;image originale. De plus, profitez d&#8217;une qualit\u00e9 d&#8217;image homog\u00e8ne quel que soit l&#8217;angle de vision, que vous soyez debout, assis ou allong\u00e9. De plus, avec sa fr\u00e9quence de 100 Hz, cet \u00e9cran offre un affichage particuli\u00e8rement fluide.<\/p>\n<\/div>\n<\/section>\n<section>\n<div class=\"desc-text\">\n<h2>Confort au quotidien<\/h2>\n<p>Le 27BA560 offre des options d\u2019inclinaison, de rotation, de pivot et de r\u00e9glage de hauteur pour cr\u00e9er un poste de travail confortable pour ceux qui passent des heures en face d\u2019un \u00e9cran. En outre, un pied ergonomique facilite la communication avec les clients ou coll\u00e8gues en permettant un r\u00e9glage de la hauteur vers le bas.<\/p>\n<\/div>\n<div class=\"desc-image\"><span><img decoding=\"async\" alt=\"\" loading=\"lazy\" src=\"https:\/\/electrovideo.eu\/wp-content\/uploads\/2025\/09\/802-36.jpg\"><\/span><\/div>\n<\/section>\n<section>\n<div class=\"desc-image\"><span><img decoding=\"async\" alt=\"\" loading=\"lazy\" src=\"https:\/\/electrovideo.eu\/wp-content\/uploads\/2025\/09\/803-12.jpg\"><\/span><\/div>\n<div class=\"desc-text\">\n<h2>Un grand nombre d\u2019interfaces<\/h2>\n<p>Le 27BA560 est \u00e9quip\u00e9 de plusieurs ports, ce qui offre plus d\u2019options de connectivit\u00e9 pour les travailleurs acharn\u00e9s. Avec ses multiples ports, vous pouvez facilement connecter plusieurs p\u00e9riph\u00e9riques pour une installation de bureau efficace. Avec 2 ports USB 2.0 et 2 ports USB 3.0, cet \u00e9cran LG vous permettra de raccorder plusieurs p\u00e9riph\u00e9riques directement au moniteur.<\/p>\n<\/div>\n<\/section>\n<\/div><\/div>\n","protected":false},"excerpt":{"rendered":"<p>Ecran PC Full HD 1080p &#8211; 1920 x 1080 pixels &#8211; 5 ms (gris \u00e0 gris) &#8211; 16\/9 &#8211; Dalle IPS &#8211; 100 Hz &#8211; DisplayPort\/HDMI\/VGA &#8211; Pivot &#8211; Hub USB &#8211; Haut-parleurs &#8211; Noir<\/p>\n","protected":false},"featured_media":215426,"comment_status":"open","ping_status":"closed","template":"","meta":{"_monsterinsights_skip_tracking":false,"_monsterinsights_sitenote_active":false,"_monsterinsights_sitenote_note":"","_monsterinsights_sitenote_category":0},"etheme_brands":[{"term_id":3723,"name":"LG","slug":"lg","term_group":0,"term_taxonomy_id":3723,"taxonomy":"brand","description":"","parent":0,"count":17,"filter":"raw"}],"product_brand":[],"product_cat":[3302],"product_tag":[],"class_list":{"0":"post-215424","1":"product","2":"type-product","3":"status-publish","4":"has-post-thumbnail","6":"brand-lg","7":"product_cat-pc-monitors-screens","9":"first","10":"instock","11":"taxable","12":"shipping-taxable","13":"purchasable","14":"product-type-simple"},"_links":{"self":[{"href":"https:\/\/electrovideo.eu\/en\/wp-json\/wp\/v2\/product\/215424","targetHints":{"allow":["GET"]}}],"collection":[{"href":"https:\/\/electrovideo.eu\/en\/wp-json\/wp\/v2\/product"}],"about":[{"href":"https:\/\/electrovideo.eu\/en\/wp-json\/wp\/v2\/types\/product"}],"replies":[{"embeddable":true,"href":"https:\/\/electrovideo.eu\/en\/wp-json\/wp\/v2\/comments?post=215424"}],"version-history":[{"count":0,"href":"https:\/\/electrovideo.eu\/en\/wp-json\/wp\/v2\/product\/215424\/revisions"}],"wp:featuredmedia":[{"embeddable":true,"href":"https:\/\/electrovideo.eu\/en\/wp-json\/wp\/v2\/media\/215426"}],"wp:attachment":[{"href":"https:\/\/electrovideo.eu\/en\/wp-json\/wp\/v2\/media?parent=215424"}],"wp:term":[{"taxonomy":"brand","embeddable":true,"href":"https:\/\/electrovideo.eu\/en\/wp-json\/wp\/v2\/etheme_brands?post=215424"},{"taxonomy":"product_brand","embeddable":true,"href":"https:\/\/electrovideo.eu\/en\/wp-json\/wp\/v2\/product_brand?post=215424"},{"taxonomy":"product_cat","embeddable":true,"href":"https:\/\/electrovideo.eu\/en\/wp-json\/wp\/v2\/product_cat?post=215424"},{"taxonomy":"product_tag","embeddable":true,"href":"https:\/\/electrovideo.eu\/en\/wp-json\/wp\/v2\/product_tag?post=215424"}],"curies":[{"name":"wp","href":"https:\/\/api.w.org\/{rel}","templated":true}]}}