{"id":215412,"date":"2025-09-23T06:59:18","date_gmt":"2025-09-23T04:59:18","guid":{"rendered":"https:\/\/electrovideo.eu\/produit\/msi-40-led-mag401qr\/"},"modified":"2026-04-15T04:51:24","modified_gmt":"2026-04-15T02:51:24","slug":"msi-40-led-mag401qr","status":"publish","type":"product","link":"https:\/\/electrovideo.eu\/en\/product\/msi-40-led-mag401qr\/","title":{"rendered":"MSI 40&#8243; LED &#8211; MAG401QR"},"content":{"rendered":"<div id=\"description\" class=\"description\">\n<div class=\"details-pdt-desc\">\n<h2 class=\"h2-master\">\u00c9cran Gamer UltraWide de 40 pouces<\/h2>\n<section>\n<p>La victoire est \u00e0 port\u00e9e de vue avec le moniteur de jeu ultra-large MSI MAG401QR ! Dot\u00e9 d&#8217;un taux de rafra\u00eechissement de 155 Hz (100 Hz via HDMI) et d&#8217;un temps de r\u00e9ponse de 1 ms pour un \u00e9cran IPS de 40 pouces, le MAG 401QR vous donnera l&#8217;avantage dont vous avez besoin pour vaincre vos adversaires. La haute r\u00e9solution UWQHD (3440&#215;1440) vous permettra de profiter d&#8217;images hypnotiques.<br \/>\n&nbsp;<\/p>\n<\/section>\n<section>\n<div class=\"desc-image\"><span><img decoding=\"async\" alt=\"\" loading=\"lazy\" src=\"https:\/\/electrovideo.eu\/wp-content\/uploads\/2025\/09\/801-39.jpg\"><\/span><\/div>\n<div class=\"desc-text\">\n<h2>Jouez en format XXL !<\/h2>\n<p>Le moniteur de jeu ultra-large MSI MAG401QR est con\u00e7u pour am\u00e9liorer votre jeu en vous offrant un point de vue suppl\u00e9mentaire pour am\u00e9liorer votre vision p\u00e9riph\u00e9rique. Avec une r\u00e9solution de 3440&#215;1440 et un format d&#8217;image 21:9, profitez des derniers jeux AAA comme ils ont \u00e9t\u00e9 con\u00e7us, avec des d\u00e9tails magnifiques qui s&#8217;\u00e9tendent sur l&#8217;ensemble de votre vision p\u00e9riph\u00e9rique.<\/p>\n<\/div>\n<\/section>\n<section>\n<div class=\"desc-text\">\n<h2>Affichage ultra-fluide<\/h2>\n<p>\u00c9quip\u00e9 d&#8217;un <strong>taux de rafra\u00eechissement de 155 Hz (100 Hz via HDMI)<\/strong> et d&#8217;un temps de r\u00e9ponse de 1 ms, ce moniteur IPS est particuli\u00e8rement adapt\u00e9 aux jeux rapides tels que les jeux de tir \u00e0 la premi\u00e8re personne, les jeux de combat, les simulations de course, la strat\u00e9gie en temps r\u00e9el et les jeux de sport. Ces types de jeux requi\u00e8rent des mouvements rapides et pr\u00e9cis. Un moniteur avec un taux de rafra\u00eechissement et un temps de r\u00e9ponse rapide vous donnera une longueur d&#8217;avance sur vos concurrents.<\/p>\n<\/div>\n<div class=\"desc-image\"><span><img decoding=\"async\" alt=\"\" loading=\"lazy\" src=\"https:\/\/electrovideo.eu\/wp-content\/uploads\/2025\/09\/802-37.jpg\"><\/span><\/div>\n<\/section>\n<section>\n<div class=\"desc-image\"><span><img decoding=\"async\" alt=\"\" loading=\"lazy\" src=\"https:\/\/electrovideo.eu\/wp-content\/uploads\/2025\/09\/803-13.jpg\"><\/span><\/div>\n<div class=\"desc-text\">\n<h2>Votre style perso avec Mystic Light<\/h2>\n<p>Avec Mystic Light de MSI, les lumi\u00e8res des moniteurs de jeu MSI fournissent une lumi\u00e8re ambiante douce qui peut facilement \u00eatre synchronis\u00e9e avec tout autre produit de jeu compatible avec Mystic Light. S\u00e9lectionnez l&#8217;une des couleurs de la palette \u00e0 l&#8217;aide de votre smartphone ou de l&#8217;application Mystic Light pour adapter le style de votre syst\u00e8me \u00e0 vos go\u00fbts. Ou activez simplement l&#8217;\u00e9cho de jeu, en laissant le r\u00e9tro\u00e9clairage de votre moniteur danser sur la musique que vous jouez sur l&#8217;ordinateur.<\/p>\n<\/div>\n<\/section>\n<\/div><\/div>\n","protected":false},"excerpt":{"rendered":"<p>Ecran PC UltraWide WQHD &#8211; 3440 x 1440 pixels &#8211; 1 ms (MPRT) &#8211; Format 21\/9 &#8211; Dalle IPS &#8211; HDR 400 &#8211; 155 Hz &#8211; Adaptive-Sync &#8211; HDMI\/DisplayPort\/USB-C &#8211; Noir<\/p>\n","protected":false},"featured_media":215414,"comment_status":"open","ping_status":"closed","template":"","meta":{"_monsterinsights_skip_tracking":false,"_monsterinsights_sitenote_active":false,"_monsterinsights_sitenote_note":"","_monsterinsights_sitenote_category":0},"etheme_brands":[{"term_id":51,"name":"MSI","slug":"msi","term_group":0,"term_taxonomy_id":51,"taxonomy":"brand","description":"","parent":0,"count":137,"filter":"raw"}],"product_brand":[],"product_cat":[3302],"product_tag":[],"class_list":{"0":"post-215412","1":"product","2":"type-product","3":"status-publish","4":"has-post-thumbnail","6":"brand-msi","7":"product_cat-pc-monitors-screens","9":"first","10":"instock","11":"sale","12":"taxable","13":"shipping-taxable","14":"purchasable","15":"product-type-simple"},"_links":{"self":[{"href":"https:\/\/electrovideo.eu\/en\/wp-json\/wp\/v2\/product\/215412","targetHints":{"allow":["GET"]}}],"collection":[{"href":"https:\/\/electrovideo.eu\/en\/wp-json\/wp\/v2\/product"}],"about":[{"href":"https:\/\/electrovideo.eu\/en\/wp-json\/wp\/v2\/types\/product"}],"replies":[{"embeddable":true,"href":"https:\/\/electrovideo.eu\/en\/wp-json\/wp\/v2\/comments?post=215412"}],"version-history":[{"count":0,"href":"https:\/\/electrovideo.eu\/en\/wp-json\/wp\/v2\/product\/215412\/revisions"}],"wp:featuredmedia":[{"embeddable":true,"href":"https:\/\/electrovideo.eu\/en\/wp-json\/wp\/v2\/media\/215414"}],"wp:attachment":[{"href":"https:\/\/electrovideo.eu\/en\/wp-json\/wp\/v2\/media?parent=215412"}],"wp:term":[{"taxonomy":"brand","embeddable":true,"href":"https:\/\/electrovideo.eu\/en\/wp-json\/wp\/v2\/etheme_brands?post=215412"},{"taxonomy":"product_brand","embeddable":true,"href":"https:\/\/electrovideo.eu\/en\/wp-json\/wp\/v2\/product_brand?post=215412"},{"taxonomy":"product_cat","embeddable":true,"href":"https:\/\/electrovideo.eu\/en\/wp-json\/wp\/v2\/product_cat?post=215412"},{"taxonomy":"product_tag","embeddable":true,"href":"https:\/\/electrovideo.eu\/en\/wp-json\/wp\/v2\/product_tag?post=215412"}],"curies":[{"name":"wp","href":"https:\/\/api.w.org\/{rel}","templated":true}]}}