{"id":215400,"date":"2025-09-23T07:03:51","date_gmt":"2025-09-23T05:03:51","guid":{"rendered":"https:\/\/electrovideo.eu\/produit\/msi-27-led-mag-27cq6pf\/"},"modified":"2026-04-15T04:51:38","modified_gmt":"2026-04-15T02:51:38","slug":"msi-27-led-mag-27cq6pf","status":"publish","type":"product","link":"https:\/\/electrovideo.eu\/en\/product\/msi-27-led-mag-27cq6pf\/","title":{"rendered":"MSI 27&#8243; LED &#8211; MAG 27CQ6PF"},"content":{"rendered":"<div id=\"description\" class=\"description\">\n<div class=\"details-pdt-desc\">\n<h2 class=\"h2-master\">Un grand \u00e9cran incurv\u00e9 avec affichage fluide<\/h2>\n<section>\n<p>Vivez une exp\u00e9rience gaming en totale immersion avec le <strong>moniteur incurv\u00e9 MAG 27CQ6PF<\/strong> ! Une dalle Rapid VA incurv\u00e9e de 27 pouces avec une r\u00e9solution WQHD vous offre alors un plaisir visuel intense pour jouer dans les meilleures conditions. Profitez de performances sup\u00e9rieures avec 0.5 ms de temps de r\u00e9ponse, 180 Hz de rafra\u00eechissement (via DisplayPort) et la technologie FreeSync pour une belle fluidit\u00e9.<br \/>\n&nbsp;<\/p>\n<\/section>\n<section>\n<div class=\"desc-image\"><span><img decoding=\"async\" alt=\"\" loading=\"lazy\" src=\"https:\/\/electrovideo.eu\/wp-content\/uploads\/2025\/09\/801-45.jpg\"><\/span><\/div>\n<div class=\"desc-text\">\n<h2>Affichage impeccable<\/h2>\n<p>Le moniteur MSI G32CQ4 E2 propose une <strong>r\u00e9solution WQHD<\/strong> (2560 x 1440 pixels) pour une exp\u00e9rience visuelle sup\u00e9rieure ! Il dispose d&#8217;une&nbsp;<strong>dalle Rapid VA incurv\u00e9e de 27&#8243;<\/strong> qui propose des images sublimes avec une couverture de la gamme de couleur \u00e9lev\u00e9e et un<strong> excellent contraste&nbsp;de 5000:1<\/strong>. Que vous soyez dans un jeu comp\u00e9titif ou plus calme, profitez d&#8217;un rendu graphique de qualit\u00e9 !<\/p>\n<\/div>\n<\/section>\n<section>\n<div class=\"desc-text\">\n<h2>Toujours plus de vitesse<\/h2>\n<p>Avec un <strong>taux de rafra\u00eechissement \u00e9lev\u00e9 de 180 Hz<\/strong>, ce moniteur MSI offre un affichage d&#8217;une parfaite fluidit\u00e9 avec des images ultra d\u00e9taill\u00e9es, m\u00eame au c\u0153ur de l&#8217;action. L&#8217;id\u00e9al pour un confort de jeu parfait, tout particuli\u00e8rement pour les amateurs de FPS ou autres jeux rapides dans lesquels la victoire se joue souvent \u00e0 quelques centi\u00e8mes de secondes ! Le ghosting deviendra un mauvais souvenir puisqu&#8217;avec<strong> 0.5 ms de temps de r\u00e9ponse<\/strong>, vous \u00eates assur\u00e9 de toujours profiter de transitions d&#8217;images sans souffrir de&nbsp;r\u00e9manence d&#8217;image.<\/p>\n<p>La <strong>technologie FreeSync <\/strong>d\u00e9velopp\u00e9e par AMD apporte une r\u00e9ponse au retard d&#8217;affichage (input lag) , aux d\u00e9chirures d&#8217;\u00e9cran (tearing) ou encore aux saccades qui peuvent parfois survenir en jeu. En synchronisant le taux de rafra\u00eechissement de votre moniteur avec celui de votre carte graphique, elle vous permet de b\u00e9n\u00e9ficier d&#8217;une<strong> image parfaitement nette, sans artefacts ni sensation de lag.<\/strong><\/p>\n<\/div>\n<div class=\"desc-image\"><span><img decoding=\"async\" alt=\"\" loading=\"lazy\" src=\"https:\/\/electrovideo.eu\/wp-content\/uploads\/2025\/09\/802-43.jpg\"><\/span><\/div>\n<\/section>\n<section class=\"list\">\n<h2>Caract\u00e9ristiques principales :<\/h2>\n<ul>\n<li>\u00c9cran incurv\u00e9 de 27 pouces avec r\u00e9solution<strong>&nbsp;WQHD&nbsp;<\/strong>(2560 x 1440&nbsp;pixels)<\/li>\n<li><strong>Dalle<\/strong> <strong>Rapid VA<\/strong>&nbsp;(couleurs riches et nuanc\u00e9es avec des angles de vision larges)<\/li>\n<li>Contraste \u00e9lev\u00e9 : 5000:1 (typique) \/ 100 000 000:1 (dynamique)<\/li>\n<li>Affichage ultra-fluide avec une fr\u00e9quence d&#8217;affichage de&nbsp;<strong>180 Hz en DisplayPort \/ 144 Hz en HDMI<\/strong><\/li>\n<li>Support VRR &#8211; affichage 120 Hz sur console<\/li>\n<li>Temps de r\u00e9ponse de 0.5 ms (gris \u00e0 gris)<\/li>\n<li>Fonction Night Vision, pour des d\u00e9tails clairs dans les environnements sombres<\/li>\n<li>Technologie&nbsp;<strong>AMD Freesync<\/strong><\/li>\n<li>Confort oculaire optimis\u00e9 avec les technologies&nbsp;<strong>Anti-Flicker<\/strong>&nbsp;et&nbsp;<strong>Less Blue Light<\/strong><\/li>\n<li>2 connecteurs HDMI 2.0b + 1 connecteur DisplayPort 1.4<\/li>\n<li>Design gamer avec&nbsp;cadre mince, id\u00e9al pour une configuration multi-\u00e9crans<\/li>\n<\/ul>\n<\/section>\n<\/div><\/div>\n","protected":false},"excerpt":{"rendered":"<p>Ecran PC 2.5K &#8211; 2560 x 1440 pixels &#8211; 0.5 ms (gris \u00e0 gris) &#8211; Format 16\/9 &#8211; Dalle Rapid VA incurv\u00e9e &#8211; 180 Hz &#8211; FreeSync &#8211; HDMI\/DisplayPort &#8211; Noir<\/p>\n","protected":false},"featured_media":215402,"comment_status":"open","ping_status":"closed","template":"","meta":{"_monsterinsights_skip_tracking":false,"_monsterinsights_sitenote_active":false,"_monsterinsights_sitenote_note":"","_monsterinsights_sitenote_category":0},"etheme_brands":[{"term_id":51,"name":"MSI","slug":"msi","term_group":0,"term_taxonomy_id":51,"taxonomy":"brand","description":"","parent":0,"count":137,"filter":"raw"}],"product_brand":[],"product_cat":[3302],"product_tag":[],"class_list":{"0":"post-215400","1":"product","2":"type-product","3":"status-publish","4":"has-post-thumbnail","6":"brand-msi","7":"product_cat-pc-monitors-screens","9":"first","10":"instock","11":"sale","12":"taxable","13":"shipping-taxable","14":"purchasable","15":"product-type-simple"},"_links":{"self":[{"href":"https:\/\/electrovideo.eu\/en\/wp-json\/wp\/v2\/product\/215400","targetHints":{"allow":["GET"]}}],"collection":[{"href":"https:\/\/electrovideo.eu\/en\/wp-json\/wp\/v2\/product"}],"about":[{"href":"https:\/\/electrovideo.eu\/en\/wp-json\/wp\/v2\/types\/product"}],"replies":[{"embeddable":true,"href":"https:\/\/electrovideo.eu\/en\/wp-json\/wp\/v2\/comments?post=215400"}],"version-history":[{"count":0,"href":"https:\/\/electrovideo.eu\/en\/wp-json\/wp\/v2\/product\/215400\/revisions"}],"wp:featuredmedia":[{"embeddable":true,"href":"https:\/\/electrovideo.eu\/en\/wp-json\/wp\/v2\/media\/215402"}],"wp:attachment":[{"href":"https:\/\/electrovideo.eu\/en\/wp-json\/wp\/v2\/media?parent=215400"}],"wp:term":[{"taxonomy":"brand","embeddable":true,"href":"https:\/\/electrovideo.eu\/en\/wp-json\/wp\/v2\/etheme_brands?post=215400"},{"taxonomy":"product_brand","embeddable":true,"href":"https:\/\/electrovideo.eu\/en\/wp-json\/wp\/v2\/product_brand?post=215400"},{"taxonomy":"product_cat","embeddable":true,"href":"https:\/\/electrovideo.eu\/en\/wp-json\/wp\/v2\/product_cat?post=215400"},{"taxonomy":"product_tag","embeddable":true,"href":"https:\/\/electrovideo.eu\/en\/wp-json\/wp\/v2\/product_tag?post=215400"}],"curies":[{"name":"wp","href":"https:\/\/api.w.org\/{rel}","templated":true}]}}