{"id":215385,"date":"2025-09-23T07:07:25","date_gmt":"2025-09-23T05:07:25","guid":{"rendered":"https:\/\/electrovideo.eu\/produit\/msi-27-led-mag-274cxf\/"},"modified":"2026-04-15T04:51:46","modified_gmt":"2026-04-15T02:51:46","slug":"msi-27-led-mag-274cxf","status":"publish","type":"product","link":"https:\/\/electrovideo.eu\/en\/product\/msi-27-led-mag-274cxf\/","title":{"rendered":"MSI 27&#8243; LED &#8211; MAG 274CXF"},"content":{"rendered":"<div id=\"description\" class=\"description\">\n<div class=\"details-pdt-desc\">\n<h2 class=\"h2-master\">Performance et fluidit\u00e9 en Full HD<\/h2>\n<section>\n<p>Cet <strong>\u00e9cran MSI MAG 274CXF<\/strong> avec dalle Rapid VA de 27 pouces et r\u00e9solution Full HD offre une image de haute qualit\u00e9. Avec son temps de r\u00e9ponse rapide, sa fr\u00e9quence maximale de 280 Hz et son support de la technologie Adaptive-Sync, cet \u00e9cran MSI vous garantit un affichage particuli\u00e8rement fluide et sans d\u00e9chirure.<br \/>\n&nbsp;<\/p>\n<\/section>\n<section>\n<div class=\"desc-image\"><span><img decoding=\"async\" alt=\"\" loading=\"lazy\" src=\"https:\/\/electrovideo.eu\/wp-content\/uploads\/2025\/09\/801-48.jpg\"><\/span><\/div>\n<div class=\"desc-text\">\n<h2>Dalle Rapid VA avec fr\u00e9quence de 280 Hz<\/h2>\n<p>La vitesse est au c\u0153ur des attentes des joueurs. Pour r\u00e9pondre id\u00e9alement \u00e0 leurs besoins, MSI propose sur l&#8217;\u00e9cran MAG 274CXF une dalle Rapid VA de 27 pouces pour gagner en fluidit\u00e9 et en confort de jeu. Sur ces bases solides, la suite est \u00e9galement \u00e0 la hauteur des enjeux. Ce mod\u00e8le en r\u00e9solution Full HD b\u00e9n\u00e9ficie \u00e9galement d&#8217;une fr\u00e9quence maximale de 280 Hz (240 Hz via HDMI), pour une image particuli\u00e8rement fluide.<\/p>\n<\/div>\n<\/section>\n<section>\n<div class=\"desc-text\">\n<h2>Compatible HDR<\/h2>\n<p>Cet \u00e9cran MSI int\u00e8gre la technologie HDR et reproduit des images plus d\u00e9taill\u00e9es, avec une large gamme de couleurs et un r\u00e9sultat beaucoup plus similaire \u00e0 ce que l&#8217;\u0153il humain est capable de percevoir compar\u00e9 \u00e0 un \u00e9cran standard. Gr\u00e2ce \u00e0 cette qualit\u00e9 d&#8217;images, vous profitez d&#8217;une exp\u00e9rience gaming et multim\u00e9dia sup\u00e9rieure, aux d\u00e9tails pr\u00e9cis et r\u00e9alistes, le tout baign\u00e9 de couleurs d&#8217;une clart\u00e9 exceptionnelle.<\/p>\n<\/div>\n<div class=\"desc-image\"><span><img decoding=\"async\" alt=\"\" loading=\"lazy\" src=\"https:\/\/electrovideo.eu\/wp-content\/uploads\/2025\/09\/802-46.jpg\"><\/span><\/div>\n<\/section>\n<section>\n<div class=\"desc-image\"><span><img decoding=\"async\" alt=\"\" loading=\"lazy\" src=\"https:\/\/electrovideo.eu\/wp-content\/uploads\/2025\/09\/803-15.jpg\"><\/span><\/div>\n<div class=\"desc-text\">\n<h2>Am\u00e9lioration d&#8217;image avec AI Vision<\/h2>\n<p>L&#8217;innovante technologie AI Vision peut non seulement r\u00e9v\u00e9ler des d\u00e9tails dans les zones les plus sombres, mais elle am\u00e9liore \u00e9galement la luminosit\u00e9 g\u00e9n\u00e9rale et les couleurs satur\u00e9es, pour une exp\u00e9rience plus agr\u00e9able.<\/p>\n<\/div>\n<\/section>\n<section>\n<h2>Caract\u00e9ristiques principales :<\/h2>\n<ul>\n<li>\u00c9cran de 27&nbsp;pouces avec r\u00e9solution<strong>&nbsp;Full HD&nbsp;<\/strong>(1920 x 1080 pixels)<\/li>\n<li><strong>Dalle<\/strong> <strong>Rapid VA :<\/strong> vitesse, couleurs nuanc\u00e9es et angles de vision larges<\/li>\n<li>Temps de r\u00e9ponse ultra-rapide de 0.5 ms (gris \u00e0 gris)<\/li>\n<li>Prise en charge HDR<\/li>\n<li>Technologie Adaptive-Sync<\/li>\n<li>Image contrast\u00e9e avec un contraste de 4000:1 (typique)<\/li>\n<li>Affichage ultra-fluide avec une fr\u00e9quence d&#8217;affichage jusqu&#8217;\u00e0 <strong>280 Hz<\/strong> (240 Hz via HDMI)<\/li>\n<li>2 connecteurs HDMI 2.0b + 1 connecteur DisplayPort 1.2a<\/li>\n<\/ul>\n<\/section>\n<\/div><\/div>\n","protected":false},"excerpt":{"rendered":"<p>Ecran PC Full HD 1080p &#8211; 1920 x 1080 pixels &#8211; 0.5 ms (gris \u00e0 gris) &#8211; 16\/9 &#8211; Dalle Rapid VA incurv\u00e9e 1500R &#8211; 280 Hz &#8211; Adaptive-Sync &#8211; HDR &#8211; DisplayPort\/HDMI &#8211; Noir<\/p>\n","protected":false},"featured_media":215387,"comment_status":"open","ping_status":"closed","template":"","meta":{"_monsterinsights_skip_tracking":false,"_monsterinsights_sitenote_active":false,"_monsterinsights_sitenote_note":"","_monsterinsights_sitenote_category":0},"etheme_brands":[{"term_id":51,"name":"MSI","slug":"msi","term_group":0,"term_taxonomy_id":51,"taxonomy":"brand","description":"","parent":0,"count":137,"filter":"raw"}],"product_brand":[],"product_cat":[3302],"product_tag":[],"class_list":{"0":"post-215385","1":"product","2":"type-product","3":"status-publish","4":"has-post-thumbnail","6":"brand-msi","7":"product_cat-pc-monitors-screens","9":"first","10":"instock","11":"taxable","12":"shipping-taxable","13":"purchasable","14":"product-type-simple"},"_links":{"self":[{"href":"https:\/\/electrovideo.eu\/en\/wp-json\/wp\/v2\/product\/215385","targetHints":{"allow":["GET"]}}],"collection":[{"href":"https:\/\/electrovideo.eu\/en\/wp-json\/wp\/v2\/product"}],"about":[{"href":"https:\/\/electrovideo.eu\/en\/wp-json\/wp\/v2\/types\/product"}],"replies":[{"embeddable":true,"href":"https:\/\/electrovideo.eu\/en\/wp-json\/wp\/v2\/comments?post=215385"}],"version-history":[{"count":0,"href":"https:\/\/electrovideo.eu\/en\/wp-json\/wp\/v2\/product\/215385\/revisions"}],"wp:featuredmedia":[{"embeddable":true,"href":"https:\/\/electrovideo.eu\/en\/wp-json\/wp\/v2\/media\/215387"}],"wp:attachment":[{"href":"https:\/\/electrovideo.eu\/en\/wp-json\/wp\/v2\/media?parent=215385"}],"wp:term":[{"taxonomy":"brand","embeddable":true,"href":"https:\/\/electrovideo.eu\/en\/wp-json\/wp\/v2\/etheme_brands?post=215385"},{"taxonomy":"product_brand","embeddable":true,"href":"https:\/\/electrovideo.eu\/en\/wp-json\/wp\/v2\/product_brand?post=215385"},{"taxonomy":"product_cat","embeddable":true,"href":"https:\/\/electrovideo.eu\/en\/wp-json\/wp\/v2\/product_cat?post=215385"},{"taxonomy":"product_tag","embeddable":true,"href":"https:\/\/electrovideo.eu\/en\/wp-json\/wp\/v2\/product_tag?post=215385"}],"curies":[{"name":"wp","href":"https:\/\/api.w.org\/{rel}","templated":true}]}}