{"id":215383,"date":"2025-09-23T07:09:00","date_gmt":"2025-09-23T05:09:00","guid":{"rendered":"https:\/\/electrovideo.eu\/produit\/samsung-27-led-odyssey-g4-s27bg400eu\/"},"modified":"2026-04-15T04:55:02","modified_gmt":"2026-04-15T02:55:02","slug":"samsung-27-led-odyssey-g4-s27bg400eu","status":"publish","type":"product","link":"https:\/\/electrovideo.eu\/en\/product\/samsung-27-led-odyssey-g4-s27bg400eu\/","title":{"rendered":"Samsung 27&#8243; LED &#8211; Odyssey G4 S27BG400EU"},"content":{"rendered":"<div id=\"description\" class=\"description\">\n<div class=\"details-pdt-desc\">\n<h2 class=\"h2-master\">Le vent tourne, \u00e0 vous la victoire !<\/h2>\n<section>\n<p>L&#8217;arriv\u00e9e du <strong>moniteur Samsung Odyssey G4 S27BG400<\/strong> dans votre arsenal vous donnera le droit de viser les sommets ! Ce mod\u00e8le IPS Full HD de 27&nbsp;pouces d\u00e9voile des conditions de jeu ultimes pour remporter de pr\u00e9cieuses victoires. Le confort est \u00e9galement une qualit\u00e9 importante&nbsp;avec la pr\u00e9sence d&#8217;un pied ergonomique r\u00e9glable sur plusieurs positions et d&#8217;une protection oculaire efficace. Il ne vous reste plus qu&#8217;\u00e0 vous installer et \u00e0 exploiter le potentiel de votre nouvel alli\u00e9 !<\/p>\n<\/section>\n<section>\n<div class=\"desc-image\"><span><img decoding=\"async\" alt=\"\" loading=\"lazy\" src=\"https:\/\/electrovideo.eu\/wp-content\/uploads\/2025\/09\/ips-2.jpg\"><\/span><\/div>\n<div class=\"desc-text\">\n<h2>Dalle IPS Full HD<\/h2>\n<p>Avec sa surface d&#8217;affichage de <strong>27 pouces<\/strong> et sa belle <strong>r\u00e9solution Full HD<\/strong> (1920 x 1080 pixels), l&#8217;\u00e9cran Samsung Odyssey G4 BG400EU transformera vos habituelles sessions de jeu. B\u00e9n\u00e9ficiez de couleurs pr\u00e9cises avec une reproduction du gamut <strong>sRGB \u00e0 99%<\/strong> et d&#8217;un large angle de vision gr\u00e2ce \u00e0 la <strong>dalle IPS<\/strong>. De plus, ce mod\u00e8le est compatible HDR10 pour retrouver une intensit\u00e9 lumineuse et des contrastes saisissants \u00e0 chaque utilisation !<\/div>\n<\/section>\n<section>\n<div class=\"desc-text\">\n<h2>Toujours N\u00b01<\/h2>\n<p>Les gamers pourront profiter de conditions optimales gr\u00e2ce \u00e0 des performances \u00e9lev\u00e9es. Ainsi, affrontez vos adversaires en toute s\u00e9r\u00e9nit\u00e9 avec un <strong>temps de r\u00e9ponse ultra-rapide de 1 ms<\/strong> et&nbsp;une&nbsp;<strong>fr\u00e9quence de rafra\u00eechissement maximale de 240 Hz<\/strong>. En outre, cet \u00e9cran gaming int\u00e8gre <strong>AMD FreeSync Premium<\/strong>&nbsp;et la <strong>compatibilit\u00e9 NVIDIA G-SYNC<\/strong> pour des sessions fluides sans d\u00e9chirures d&#8217;image. Vous avez en plus la possibilit\u00e9 d&#8217;activer le mode faible input lag et de profiter de la technologie Black Equalizer pour \u00e9clairer les sc\u00e8nes sombres et ne pas vous faire surprendre par l&#8217;ennemi !<\/p>\n<\/div>\n<div class=\"desc-image\"><span><img decoding=\"async\" alt=\"\" loading=\"lazy\" src=\"https:\/\/electrovideo.eu\/wp-content\/uploads\/2025\/09\/g-sync.jpg\"><\/span><\/div>\n<\/section>\n<section>\n<div class=\"desc-image\"><span><img decoding=\"async\" alt=\"\" loading=\"lazy\" src=\"https:\/\/electrovideo.eu\/wp-content\/uploads\/2025\/09\/pivot-1.jpg\"><\/span><\/div>\n<div class=\"desc-text\">\n<h2>Environnement optimis\u00e9<\/h2>\n<p><strong>Ajustez facilement la position de votre \u00e9cran<\/strong> en r\u00e9glant la hauteur, l&#8217;inclinaison, la rotation ou encore le mode portrait\/paysage. Le design futuriste du moniteur Samsung Odyssey G4 ne laissera personne indiff\u00e9rent. Il dispose d&#8217;un cadre et de bords fins pour servir parfaitement l&#8217;immersion visuelle. C\u00f4t\u00e9 confort, vos yeux seront pr\u00e9serv\u00e9s gr\u00e2ce \u00e0 la <strong>technologie FlickerFree<\/strong> (anti-scintillement) et au <strong>mode Eye Saver<\/strong> (r\u00e9duction lumi\u00e8re bleue).<\/div>\n<\/section>\n<section class=\"list\">\n<h2>Caract\u00e9ristiques principales :<\/h2>\n<ul>\n<li><strong>Moniteur LED de 27 pouces<\/strong>&nbsp;avec r\u00e9solution&nbsp;<strong>Full HD (1920 x 1080)<\/strong><\/li>\n<li><strong>Dalle IPS<\/strong> : couleurs riches et pr\u00e9cises (99% sRGB), angles de vision larges<\/li>\n<li>Prise en charge HDR10<\/li>\n<li><strong>AMD FreeSync Premium \/ NVIDIA G-SYNC Compatible<\/strong><\/li>\n<li>Affichage fluide avec un temps de r\u00e9ponse de <strong>1 ms (gris \u00e0 gris)<\/strong><\/li>\n<li><strong>Taux de rafra\u00eechissement maximal 240 Hz<\/strong><\/li>\n<li>Fonctions gaming : \u00e9galiseur des noirs, mode low input lag<\/li>\n<li>Auto Source Switch+ : d\u00e9tection automatique d&#8217;un nouveau signal d&#8217;entr\u00e9e<\/li>\n<li>Connecteurs : 2x HDMI 2.0 + 1x DisplayPort 1.2<\/li>\n<li>Position ajustable en hauteur (120 mm), inclinaison, rotation et pivot<\/li>\n<li>Meilleur confort oculaire avec le mode&nbsp;Eye Saver&nbsp;et la technologie&nbsp;Flicker Free<\/li>\n<\/ul>\n<\/section>\n<\/div><\/div>\n","protected":false},"excerpt":{"rendered":"<p>Ecran PC Full HD 1080p &#8211; 1920 x 1080 pixels &#8211; 1 ms (gris \u00e0 gris) &#8211; 16\/9 &#8211; IPS &#8211; 240 Hz &#8211; HDR10 &#8211; FreeSync Premium \/ G-SYNC Compatible &#8211; HDMI\/DisplayPort &#8211; Pivot &#8211; Noir<\/p>\n","protected":false},"featured_media":215384,"comment_status":"open","ping_status":"closed","template":"","meta":{"_monsterinsights_skip_tracking":false,"_monsterinsights_sitenote_active":false,"_monsterinsights_sitenote_note":"","_monsterinsights_sitenote_category":0},"etheme_brands":[{"term_id":372,"name":"Samsung","slug":"samsung","term_group":0,"term_taxonomy_id":372,"taxonomy":"brand","description":"","parent":0,"count":86,"filter":"raw"}],"product_brand":[],"product_cat":[3302],"product_tag":[],"class_list":{"0":"post-215383","1":"product","2":"type-product","3":"status-publish","4":"has-post-thumbnail","6":"brand-samsung","7":"product_cat-pc-monitors-screens","9":"first","10":"instock","11":"taxable","12":"shipping-taxable","13":"purchasable","14":"product-type-simple"},"_links":{"self":[{"href":"https:\/\/electrovideo.eu\/en\/wp-json\/wp\/v2\/product\/215383","targetHints":{"allow":["GET"]}}],"collection":[{"href":"https:\/\/electrovideo.eu\/en\/wp-json\/wp\/v2\/product"}],"about":[{"href":"https:\/\/electrovideo.eu\/en\/wp-json\/wp\/v2\/types\/product"}],"replies":[{"embeddable":true,"href":"https:\/\/electrovideo.eu\/en\/wp-json\/wp\/v2\/comments?post=215383"}],"version-history":[{"count":0,"href":"https:\/\/electrovideo.eu\/en\/wp-json\/wp\/v2\/product\/215383\/revisions"}],"wp:featuredmedia":[{"embeddable":true,"href":"https:\/\/electrovideo.eu\/en\/wp-json\/wp\/v2\/media\/215384"}],"wp:attachment":[{"href":"https:\/\/electrovideo.eu\/en\/wp-json\/wp\/v2\/media?parent=215383"}],"wp:term":[{"taxonomy":"brand","embeddable":true,"href":"https:\/\/electrovideo.eu\/en\/wp-json\/wp\/v2\/etheme_brands?post=215383"},{"taxonomy":"product_brand","embeddable":true,"href":"https:\/\/electrovideo.eu\/en\/wp-json\/wp\/v2\/product_brand?post=215383"},{"taxonomy":"product_cat","embeddable":true,"href":"https:\/\/electrovideo.eu\/en\/wp-json\/wp\/v2\/product_cat?post=215383"},{"taxonomy":"product_tag","embeddable":true,"href":"https:\/\/electrovideo.eu\/en\/wp-json\/wp\/v2\/product_tag?post=215383"}],"curies":[{"name":"wp","href":"https:\/\/api.w.org\/{rel}","templated":true}]}}