{"id":215377,"date":"2025-09-23T07:10:42","date_gmt":"2025-09-23T05:10:42","guid":{"rendered":"https:\/\/electrovideo.eu\/produit\/samsung-34-led-odyssey-g5-c34g55twwp\/"},"modified":"2026-04-15T04:55:08","modified_gmt":"2026-04-15T02:55:08","slug":"samsung-34-led-odyssey-g5-c34g55twwp","status":"publish","type":"product","link":"https:\/\/electrovideo.eu\/en\/product\/samsung-34-led-odyssey-g5-c34g55twwp\/","title":{"rendered":"Samsung 34&#8243; LED &#8211; Odyssey G5 C34G55TWWP"},"content":{"rendered":"<div id=\"description\" class=\"description\">\n<div class=\"details-pdt-desc\">\n<h2 class=\"h2-master\">L&#8217;heure du combat approche !<\/h2>\n<section>\n<p>Partez \u00e0 la conqu\u00eate de succ\u00e8s futurs avec l&#8217;\u00e9cran gaming <strong>Samsung Odyssey G5 C34G55TWWP<\/strong> ! Offrant des performances \u00e9lev\u00e9es, une immersion sup\u00e9rieure et un confort permanent, ce mod\u00e8le vous assurera des conditions r\u00eav\u00e9es pour atteindre les sommets dans vos jeux pr\u00e9f\u00e9r\u00e9s. Parmi ses qualit\u00e9s, profitez d&#8217;une dalle VA incurv\u00e9e (1000R) de 34 pouces avec r\u00e9solution WQHD, d&#8217;une arme redoutable (1 ms, 165 Hz, FreeSync Premium) et d&#8217;un design \u00e9pur\u00e9 aux bords fins et au look futuriste.<br \/>\n&nbsp;<\/p>\n<\/section>\n<section>\n<div class=\"desc-image\"><span><img decoding=\"async\" alt=\"\" loading=\"lazy\" src=\"https:\/\/electrovideo.eu\/wp-content\/uploads\/2025\/09\/1000r.jpg\"><\/span><\/div>\n<div class=\"desc-text\">\n<h2>Au c\u0153ur de l&#8217;action<\/h2>\n<p>Avec sa <strong>courbure 1000R<\/strong>, le moniteur Odyssey G5 vous plonge au coeur de votre jeu pour une immersion gaming de chaque instant ! Sur une <strong>dalle VA de 34 pouces au format 21\/9<\/strong> b\u00e9n\u00e9ficiez d&#8217;un contraste sup\u00e9rieur et d&#8217;une belle richesse des couleurs pour retrouver toute l&#8217;ambiance de vos jeux pr\u00e9f\u00e9r\u00e9s. La <strong>r\u00e9solution WQHD<\/strong> (3440 x 1440) apporte des d\u00e9tails \u00e9lev\u00e9s tandis que la <strong>prise en charge HDR10<\/strong> offre un spectacle inoubliable.<\/p>\n<p>Le design futuriste du moniteur Samsung Odyssey G5 ne laissera personne indiff\u00e9rent. Il dispose d&#8217;un cadre et de bords fins pour servir parfaitement l&#8217;immersion visuelle. C\u00f4t\u00e9 confort, vos yeux seront pr\u00e9serv\u00e9s gr\u00e2ce \u00e0 la <strong>technologie FlickerFree<\/strong> (anti-scintillement) et au <strong>mode Eye Saver<\/strong> (r\u00e9duction lumi\u00e8re bleue).<\/div>\n<\/section>\n<section>\n<div class=\"desc-text\">\n<h2>Visez la victoire !<\/h2>\n<p>Les gamers pourront profiter de conditions optimales gr\u00e2ce \u00e0 des performances \u00e9lev\u00e9es. Ainsi, affrontez vos adversaires en toute s\u00e9r\u00e9nit\u00e9 avec un <strong>temps de r\u00e9ponse ultra-rapide de 1 ms<\/strong> et&nbsp;une&nbsp;<strong>fr\u00e9quence de rafra\u00eechissement maximale de 165 Hz<\/strong>. En outre, cet \u00e9cran incurv\u00e9 gaming int\u00e8gre <strong>AMD FreeSync Premium<\/strong>&nbsp;pour des sessions fluides sans d\u00e9chirures d&#8217;image. Vous avez en plus la possibilit\u00e9 d&#8217;activer le mode faible input lag et de profiter de la technologie Black Equalizer pour \u00e9clairer les sc\u00e8nes sombres et ne pas vous faire surprendre par l&#8217;ennemi !<\/p>\n<\/div>\n<div class=\"desc-image\"><span><img decoding=\"async\" alt=\"\" loading=\"lazy\" src=\"https:\/\/electrovideo.eu\/wp-content\/uploads\/2025\/09\/freesync-2.jpg\"><\/span><\/div>\n<\/section>\n<section class=\"list\">\n<h2>Caract\u00e9ristiques principales :<\/h2>\n<ul>\n<li><strong>Moniteur LED de 34&nbsp;pouces<\/strong>&nbsp;avec r\u00e9solution&nbsp;<strong>WQHD (3440 x 1440)<\/strong><\/li>\n<li><strong>Dalle VA incurv\u00e9e 1000R<\/strong> : immersion sup\u00e9rieure<\/li>\n<li>Prise en charge HDR10<\/li>\n<li><strong>AMD FreeSync Premium<\/strong><\/li>\n<li>Affichage fluide avec un temps de r\u00e9ponse de <strong>1 ms<\/strong><\/li>\n<li><strong>Taux de rafra\u00eechissement maximal 165 Hz<\/strong><\/li>\n<li>Connecteurs :&nbsp;HDMI 2.0 + DisplayPort 1.2<\/li>\n<li>Meilleur confort oculaire avec le mode&nbsp;Eye Saver&nbsp;et la technologie&nbsp;Flicker Free<\/li>\n<\/ul>\n<\/section>\n<\/div><\/div>\n","protected":false},"excerpt":{"rendered":"<p>Ecran PC UltraWide WQHD &#8211; 3440 x 1440 pixels &#8211; 1 ms (MPRT) &#8211; Format 21\/9 &#8211; Dalle VA incurv\u00e9e &#8211; 165 Hz &#8211; HDR10 &#8211; FreeSync Premium &#8211; HDMI\/DisplayPort &#8211; Noir<\/p>\n","protected":false},"featured_media":215379,"comment_status":"open","ping_status":"closed","template":"","meta":{"_monsterinsights_skip_tracking":false,"_monsterinsights_sitenote_active":false,"_monsterinsights_sitenote_note":"","_monsterinsights_sitenote_category":0},"etheme_brands":[{"term_id":372,"name":"Samsung","slug":"samsung","term_group":0,"term_taxonomy_id":372,"taxonomy":"brand","description":"","parent":0,"count":86,"filter":"raw"}],"product_brand":[],"product_cat":[3302],"product_tag":[],"class_list":{"0":"post-215377","1":"product","2":"type-product","3":"status-publish","4":"has-post-thumbnail","6":"brand-samsung","7":"product_cat-pc-monitors-screens","9":"first","10":"instock","11":"taxable","12":"shipping-taxable","13":"purchasable","14":"product-type-simple"},"_links":{"self":[{"href":"https:\/\/electrovideo.eu\/en\/wp-json\/wp\/v2\/product\/215377","targetHints":{"allow":["GET"]}}],"collection":[{"href":"https:\/\/electrovideo.eu\/en\/wp-json\/wp\/v2\/product"}],"about":[{"href":"https:\/\/electrovideo.eu\/en\/wp-json\/wp\/v2\/types\/product"}],"replies":[{"embeddable":true,"href":"https:\/\/electrovideo.eu\/en\/wp-json\/wp\/v2\/comments?post=215377"}],"version-history":[{"count":0,"href":"https:\/\/electrovideo.eu\/en\/wp-json\/wp\/v2\/product\/215377\/revisions"}],"wp:featuredmedia":[{"embeddable":true,"href":"https:\/\/electrovideo.eu\/en\/wp-json\/wp\/v2\/media\/215379"}],"wp:attachment":[{"href":"https:\/\/electrovideo.eu\/en\/wp-json\/wp\/v2\/media?parent=215377"}],"wp:term":[{"taxonomy":"brand","embeddable":true,"href":"https:\/\/electrovideo.eu\/en\/wp-json\/wp\/v2\/etheme_brands?post=215377"},{"taxonomy":"product_brand","embeddable":true,"href":"https:\/\/electrovideo.eu\/en\/wp-json\/wp\/v2\/product_brand?post=215377"},{"taxonomy":"product_cat","embeddable":true,"href":"https:\/\/electrovideo.eu\/en\/wp-json\/wp\/v2\/product_cat?post=215377"},{"taxonomy":"product_tag","embeddable":true,"href":"https:\/\/electrovideo.eu\/en\/wp-json\/wp\/v2\/product_tag?post=215377"}],"curies":[{"name":"wp","href":"https:\/\/api.w.org\/{rel}","templated":true}]}}