{"id":215363,"date":"2025-09-23T07:13:44","date_gmt":"2025-09-23T05:13:44","guid":{"rendered":"https:\/\/electrovideo.eu\/produit\/samsung-27-led-odyssey-g5-s27dg500eu\/"},"modified":"2026-04-15T04:55:22","modified_gmt":"2026-04-15T02:55:22","slug":"samsung-27-led-odyssey-g5-s27dg500eu","status":"publish","type":"product","link":"https:\/\/electrovideo.eu\/en\/product\/samsung-27-led-odyssey-g5-s27dg500eu\/","title":{"rendered":"Samsung 27&#8243; LED &#8211; Odyssey G5 S27DG500EU"},"content":{"rendered":"<div id=\"description\" class=\"description\">\n<div class=\"details-pdt-desc\">\n<h2 class=\"h2-master\">Performance sur grand \u00e9cran !<\/h2>\n<section>\n<p>Profitez de toutes les qualit\u00e9s du <strong>moniteur Samsung Odyssey G5 S27DG500EU <\/strong>et offrez \u00e0 vos sessions gaming un environnement optimis\u00e9. Avec une dalle IPS QHD de 27 pouces avec FreeSync, fr\u00e9quence de 180 Hz et 1 ms de temps de r\u00e9ponse, cet \u00e9cran HDR 400 poss\u00e8de tous les arguments pour vous mener vers la victoire ! De plus, il se montre confortable au quotidien avec son design ergonomique, sa connectique compl\u00e8te et sa protection oculaire.<br \/>\n&nbsp;<\/p>\n<\/section>\n<section>\n<div class=\"desc-image\"><span><img decoding=\"async\" alt=\"\" loading=\"lazy\" src=\"https:\/\/electrovideo.eu\/wp-content\/uploads\/2025\/09\/801-52.jpg\"><\/span><\/div>\n<div class=\"desc-text\">\n<h2>Dalle IPS avec r\u00e9solution QHD<\/h2>\n<p>Avec sa grande surface d&#8217;affichage de <strong>27 pouces<\/strong> et sa belle <strong>r\u00e9solution QHD<\/strong> (2560 x 1440 pixels), cet \u00e9cran Samsung Odyssey G5 transformera vos habituelles sessions de jeu. Avec la technologie de dalle IPS, b\u00e9n\u00e9ficiez d&#8217;angles de vision larges et de couleurs pr\u00e9cises riches en contrastes.<\/div>\n<\/section>\n<section>\n<div class=\"desc-text\">\n<h2>Visez la victoire !<\/h2>\n<p>Les gamers pourront profiter de conditions optimales gr\u00e2ce \u00e0 des performances \u00e9lev\u00e9es. Ainsi, affrontez vos adversaires en toute s\u00e9r\u00e9nit\u00e9 avec un <strong>temps de r\u00e9ponse ultra-rapide de 1 ms<\/strong> et&nbsp;une&nbsp;<strong>fr\u00e9quence de rafra\u00eechissement maximale de 180 Hz<\/strong>. En outre, cet \u00e9cran gaming int\u00e8gre <strong>AMD FreeSync <\/strong>pour des sessions fluides sans d\u00e9chirures d&#8217;image. Vous b\u00e9n\u00e9ficiez de la technologie Black Equalizer pour \u00e9clairer les sc\u00e8nes sombres et ne pas vous faire surprendre par l&#8217;ennemi !<\/p>\n<\/div>\n<div class=\"desc-image\"><span><img decoding=\"async\" alt=\"\" loading=\"lazy\" src=\"https:\/\/electrovideo.eu\/wp-content\/uploads\/2025\/09\/802-49.jpg\"><\/span><\/div>\n<\/section>\n<section>\n<div class=\"desc-image\"><span><img decoding=\"async\" alt=\"\" loading=\"lazy\" src=\"https:\/\/electrovideo.eu\/wp-content\/uploads\/2025\/09\/803-17.jpg\"><\/span><\/div>\n<div class=\"desc-text\">\n<h2>Environnement optimis\u00e9<\/h2>\n<p><strong>Ajustez facilement la position de votre \u00e9cran<\/strong> en r\u00e9glant la hauteur, l&#8217;inclinaison, la rotation ou encore le mode portrait\/paysage. Le design futuriste du moniteur Samsung Odyssey G5 ne laissera personne indiff\u00e9rent. Il dispose d&#8217;un cadre et de bords fins pour servir parfaitement l&#8217;immersion visuelle. C\u00f4t\u00e9 confort, vos yeux seront pr\u00e9serv\u00e9s gr\u00e2ce \u00e0 la <strong>technologie FlickerFree<\/strong> (anti-scintillement) et au <strong>mode Eye Saver<\/strong> (r\u00e9duction lumi\u00e8re bleue).<\/div>\n<\/section>\n<\/div><\/div>\n","protected":false},"excerpt":{"rendered":"<p>Ecran PC 2.5K &#8211; 2560 x 1440 pixels &#8211; 1 ms (gris \u00e0 gris) &#8211; 16\/9 &#8211; Dalle IPS &#8211; 180 Hz &#8211; HDR 400 &#8211; FreeSync &#8211; HDMI\/DisplayPort &#8211; Pivot &#8211; Noir<\/p>\n","protected":false},"featured_media":215365,"comment_status":"open","ping_status":"closed","template":"","meta":{"_monsterinsights_skip_tracking":false,"_monsterinsights_sitenote_active":false,"_monsterinsights_sitenote_note":"","_monsterinsights_sitenote_category":0},"etheme_brands":[{"term_id":372,"name":"Samsung","slug":"samsung","term_group":0,"term_taxonomy_id":372,"taxonomy":"brand","description":"","parent":0,"count":86,"filter":"raw"}],"product_brand":[],"product_cat":[3302],"product_tag":[],"class_list":{"0":"post-215363","1":"product","2":"type-product","3":"status-publish","4":"has-post-thumbnail","6":"brand-samsung","7":"product_cat-pc-monitors-screens","9":"first","10":"instock","11":"sale","12":"taxable","13":"shipping-taxable","14":"purchasable","15":"product-type-simple"},"_links":{"self":[{"href":"https:\/\/electrovideo.eu\/en\/wp-json\/wp\/v2\/product\/215363","targetHints":{"allow":["GET"]}}],"collection":[{"href":"https:\/\/electrovideo.eu\/en\/wp-json\/wp\/v2\/product"}],"about":[{"href":"https:\/\/electrovideo.eu\/en\/wp-json\/wp\/v2\/types\/product"}],"replies":[{"embeddable":true,"href":"https:\/\/electrovideo.eu\/en\/wp-json\/wp\/v2\/comments?post=215363"}],"version-history":[{"count":0,"href":"https:\/\/electrovideo.eu\/en\/wp-json\/wp\/v2\/product\/215363\/revisions"}],"wp:featuredmedia":[{"embeddable":true,"href":"https:\/\/electrovideo.eu\/en\/wp-json\/wp\/v2\/media\/215365"}],"wp:attachment":[{"href":"https:\/\/electrovideo.eu\/en\/wp-json\/wp\/v2\/media?parent=215363"}],"wp:term":[{"taxonomy":"brand","embeddable":true,"href":"https:\/\/electrovideo.eu\/en\/wp-json\/wp\/v2\/etheme_brands?post=215363"},{"taxonomy":"product_brand","embeddable":true,"href":"https:\/\/electrovideo.eu\/en\/wp-json\/wp\/v2\/product_brand?post=215363"},{"taxonomy":"product_cat","embeddable":true,"href":"https:\/\/electrovideo.eu\/en\/wp-json\/wp\/v2\/product_cat?post=215363"},{"taxonomy":"product_tag","embeddable":true,"href":"https:\/\/electrovideo.eu\/en\/wp-json\/wp\/v2\/product_tag?post=215363"}],"curies":[{"name":"wp","href":"https:\/\/api.w.org\/{rel}","templated":true}]}}