{"id":215358,"date":"2025-09-23T07:18:21","date_gmt":"2025-09-23T05:18:21","guid":{"rendered":"https:\/\/electrovideo.eu\/produit\/msi-34-oled-mag-341cqp-qd-oled\/"},"modified":"2026-04-15T04:51:28","modified_gmt":"2026-04-15T02:51:28","slug":"msi-34-oled-mag-341cqp-qd-oled","status":"publish","type":"product","link":"https:\/\/electrovideo.eu\/en\/product\/msi-34-oled-mag-341cqp-qd-oled\/","title":{"rendered":"MSI 34&#8243; OLED &#8211; MAG 341CQP QD-OLED"},"content":{"rendered":"<div id=\"description\" class=\"description\">\n<div class=\"details-pdt-desc\">\n<h2 class=\"h2-master\">Performances sup\u00e9rieures et confort optimal<\/h2>\n<section>\n<p>Vivez intens\u00e9ment le jeu avec l&#8217;\u00e9cran <strong>MSI MAG 341CQP QD-OLED<\/strong> ! Avec une dalle QD-OLED incurv\u00e9e de 34 pouces, un taux de rafra\u00eechissement de 175 Hz et un pied r\u00e9glable en hauteur, cet \u00e9cran MSI vous offre la qualit\u00e9 d&#8217;image, la fluidit\u00e9 d&#8217;affichage et le confort d&#8217;utilisation dont vous avez besoin !<\/p>\n<p>Pour vous offrir des images impressionnantes de r\u00e9alisme et pour \u00e9viter les flous de mouvement, il est conforme aux normes ClearMR 9000 et DisplayHDR True Black 400 de l&#8217;organisme VESA. De plus, pour les amateurs de jeux sur console, le MAG 341CQP QD-OLED propose des ports HDMI 2.1 avec bande passante de 48 Gb\/s, support d&#8217;une fr\u00e9quence de 120 Hz et fonctions VRR et ALLM.<br \/>\n&nbsp;<\/p>\n<\/section>\n<section>\n<div class=\"desc-image\"><span><img decoding=\"async\" alt=\"\" loading=\"lazy\" src=\"https:\/\/electrovideo.eu\/wp-content\/uploads\/2025\/09\/801-57.jpg\"><\/span><\/div>\n<div class=\"desc-text\">\n<h2>Dalle incurv\u00e9e QD-OLED au format 21\/9<\/h2>\n<p>Une couche \u00e9missive de lumi\u00e8re bleue fonctionne de concert avec une innovante couche Quantum dot (points quantiques) afin d&#8217;assurer une excellente reproduction des couleurs ainsi que des teintes de noir plus profondes et pr\u00e9cises. Le temps de r\u00e9ponse descend jusqu&#8217;\u00e0 0,03 ms et vous garantit une exp\u00e9rience gaming incroyable. Avec cet \u00e9cran QD-OLED, pr\u00e9parez-vous \u00e0 red\u00e9couvrir le plaisir de jouer ! Ces caract\u00e9ristiques vous seront d&#8217;une grande aide si vous \u00eates amateur de jeux rapides tels que les jeux de fps, de combats, de courses, de strat\u00e9gie en temps r\u00e9el ou encore de sports. En effet, tous ces types de jeux requi\u00e8rent des mouvements pr\u00e9cis et rapides ainsi qu&#8217;un taux de rafra\u00eechissement et un temps de r\u00e9ponse ultrarapides pour vous assurer de finir en t\u00eate du classement.<\/p>\n<\/div>\n<\/section>\n<section>\n<div class=\"desc-text\">\n<h2>ClearMR 9000 et HDR True Black 400<\/h2>\n<p>La certification ClearMR, d\u00e9finie par l&#8217;organisme VESA, est une nouvelle certification concernant les performances en termes de nettet\u00e9 des images en mouvement. L&#8217;\u00e9cran MAG 341CQP QD-OLED a pass\u00e9 avec brio les tests exigeants et a re\u00e7u la certification ClearMR 9000. La plage CMR repr\u00e9sente des niveaux de performances de flou bas\u00e9s sur le rapport entre les pixels clairs et les pixels flous. Contrairement aux dalles LCD standards, la dalle QD-OLED peut contr\u00f4ler chaque pixel de mani\u00e8re ind\u00e9pendante et ainsi offrir des teintes de noires plus intenses sans ph\u00e9nom\u00e8ne de backlight bleeding, un probl\u00e8me qui arrive souvent sur les dalles LCD. L&#8217;\u00e9cran MAG 341CQP QD-OLED offre un taux de contraste \u00e9lev\u00e9 et est certifi\u00e9 VESA DisplayHDR True Black 400. Gr\u00e2ce au contr\u00f4le ind\u00e9pendant des pixels, l&#8217;\u00e9cran MAG 341CQP QD-OLED offre un contraste am\u00e9lior\u00e9 et un meilleur affichage des couleurs.<\/p>\n<\/div>\n<div class=\"desc-image\"><span><img decoding=\"async\" alt=\"\" loading=\"lazy\" src=\"https:\/\/electrovideo.eu\/wp-content\/uploads\/2025\/09\/802-44.jpg\"><\/span><\/div>\n<\/section>\n<section>\n<div class=\"desc-image\"><span><img decoding=\"async\" alt=\"\" loading=\"lazy\" src=\"https:\/\/electrovideo.eu\/wp-content\/uploads\/2025\/09\/msi_oled-care2_0_001.jpg\"><\/span><\/div>\n<div class=\"desc-text\">\n<h2>MSI OLED CARE 2.0<\/h2>\n<p>MSI prend soin de votre \u00e9cran OLED gr\u00e2ce \u00e0 la technologie exclusive OLED Care 2.0. MSI OLED CARE 2.0 optimise la protection de la dalle OLED et r\u00e9duit le risque d&#8217;endommagement durant une utilisation prolong\u00e9e. Le design sans ventilateur permet la dispersion efficace et silencieuse de la chaleur, prolongeant davantage la dur\u00e9e de vie des \u00e9crans innovants QD-OLED. MSI OLED CARE 2.0 propose trois fonctionnalit\u00e9s avanc\u00e9es pour ce faire : d\u00e9calage de pixels, protection de la dalle et d\u00e9tection d\u2019image statique.<\/p>\n<\/div>\n<\/section>\n<section>\n<div class=\"desc-text\">\n<h2>Connectique compl\u00e8te<\/h2>\n<p>Pour une compatibilit\u00e9 \u00e9tendue, le moniteur MSI MAG 341CQP QD-OLED dispose de connecteurs DisplayPort, HDMI et USB-C. De plus, le port USB Type-C vous permet de recharger vos p\u00e9riph\u00e9riques (jusqu&#8217;\u00e0 90 watts) et supporte le signal vid\u00e9o gr\u00e2ce \u00e0 la fonction DisplayPort Alt Mode. En connectant votre \u00e9cran et votre PC avec le c\u00e2ble USB fourni, profitez de plusieurs ports USB pour connecter tous vos p\u00e9riph\u00e9riques et gagnez la possibilit\u00e9 de r\u00e9gler facilement les param\u00e8tres de l&#8217;\u00e9cran en utilisant votre souris.<\/p>\n<\/div>\n<div class=\"desc-image\"><span><img decoding=\"async\" alt=\"\" loading=\"lazy\" src=\"https:\/\/electrovideo.eu\/wp-content\/uploads\/2025\/09\/803-19.jpg\"><\/span><\/div>\n<\/section>\n<section class=\"list\">\n<h2>Caract\u00e9ristiques principales :<\/h2>\n<ul>\n<li><strong>Dalle QD-OLED de 34 pouces<\/strong> avec haute r\u00e9solution de 3440 x 1440 pixels<\/li>\n<li>Temps de r\u00e9ponse gris \u00e0 gris de seulement 0,03 ms et <strong>taux de rafra\u00eechissement de 175 Hz<\/strong><\/li>\n<li>QD Premium Color pour assurer des couleurs qui r\u00e9pondent aux normes du march\u00e9, avec valeur Delta E\u22642<\/li>\n<li>Technologie AMD FreeSync Premium Pro<\/li>\n<li>Norme <strong>VESA DisplayHDR True Black 400<\/strong> pour des visuels HDR \u00e0 couper le souffle<\/li>\n<li>Gaming Intelligence App pour facilement param\u00e9trer vos jeux<\/li>\n<li><strong>MSI OLED Care 2.0<\/strong> pour r\u00e9duire les risques de br\u00fblures de la dalle OLED<\/li>\n<li>Module KVM pour contr\u00f4ler plusieurs appareils via votre clavier, votre souris et votre \u00e9cran<\/li>\n<li>Mode Console avec port HDMI 2.1 et bande passante totale de 48 Gb\/s<\/li>\n<li>Pied de support r\u00e9glable en hauteur pour trouver la position la plus confortable pour jouer<\/li>\n<\/ul>\n<\/section>\n<\/div><\/div>\n","protected":false},"excerpt":{"rendered":"<p>Ecran PC UltraWide WQHD &#8211; 3440 x 1440 pixels &#8211; 0.03 ms (gris \u00e0 gris) &#8211; Format 21\/9 &#8211; Dalle OLED &#8211; 175 Hz &#8211; HDR True Black 400 &#8211; FreeSync Premium Pro &#8211; HDMI\/DisplayPort\/USB-C &#8211; Hauteur r\u00e9glable &#8211; Noir<\/p>\n","protected":false},"featured_media":215360,"comment_status":"open","ping_status":"closed","template":"","meta":{"_monsterinsights_skip_tracking":false,"_monsterinsights_sitenote_active":false,"_monsterinsights_sitenote_note":"","_monsterinsights_sitenote_category":0},"etheme_brands":[{"term_id":51,"name":"MSI","slug":"msi","term_group":0,"term_taxonomy_id":51,"taxonomy":"brand","description":"","parent":0,"count":137,"filter":"raw"}],"product_brand":[],"product_cat":[3302],"product_tag":[],"class_list":{"0":"post-215358","1":"product","2":"type-product","3":"status-publish","4":"has-post-thumbnail","6":"brand-msi","7":"product_cat-pc-monitors-screens","9":"first","10":"instock","11":"sale","12":"taxable","13":"shipping-taxable","14":"purchasable","15":"product-type-simple"},"_links":{"self":[{"href":"https:\/\/electrovideo.eu\/en\/wp-json\/wp\/v2\/product\/215358","targetHints":{"allow":["GET"]}}],"collection":[{"href":"https:\/\/electrovideo.eu\/en\/wp-json\/wp\/v2\/product"}],"about":[{"href":"https:\/\/electrovideo.eu\/en\/wp-json\/wp\/v2\/types\/product"}],"replies":[{"embeddable":true,"href":"https:\/\/electrovideo.eu\/en\/wp-json\/wp\/v2\/comments?post=215358"}],"version-history":[{"count":0,"href":"https:\/\/electrovideo.eu\/en\/wp-json\/wp\/v2\/product\/215358\/revisions"}],"wp:featuredmedia":[{"embeddable":true,"href":"https:\/\/electrovideo.eu\/en\/wp-json\/wp\/v2\/media\/215360"}],"wp:attachment":[{"href":"https:\/\/electrovideo.eu\/en\/wp-json\/wp\/v2\/media?parent=215358"}],"wp:term":[{"taxonomy":"brand","embeddable":true,"href":"https:\/\/electrovideo.eu\/en\/wp-json\/wp\/v2\/etheme_brands?post=215358"},{"taxonomy":"product_brand","embeddable":true,"href":"https:\/\/electrovideo.eu\/en\/wp-json\/wp\/v2\/product_brand?post=215358"},{"taxonomy":"product_cat","embeddable":true,"href":"https:\/\/electrovideo.eu\/en\/wp-json\/wp\/v2\/product_cat?post=215358"},{"taxonomy":"product_tag","embeddable":true,"href":"https:\/\/electrovideo.eu\/en\/wp-json\/wp\/v2\/product_tag?post=215358"}],"curies":[{"name":"wp","href":"https:\/\/api.w.org\/{rel}","templated":true}]}}