{"id":215355,"date":"2025-09-23T07:19:55","date_gmt":"2025-09-23T05:19:55","guid":{"rendered":"https:\/\/electrovideo.eu\/produit\/asus-32-led-proart-pa32qcv\/"},"modified":"2026-04-15T04:53:15","modified_gmt":"2026-04-15T02:53:15","slug":"asus-32-led-proart-pa32qcv","status":"publish","type":"product","link":"https:\/\/electrovideo.eu\/en\/product\/asus-32-led-proart-pa32qcv\/","title":{"rendered":"ASUS 32&#8243; LED &#8211; ProArt PA32QCV"},"content":{"rendered":"<div id=\"description\" class=\"description\">\n<div class=\"details-pdt-desc\">\n<h2 class=\"h2-master\">Un outil de travail de qualit\u00e9 professionnelle<\/h2>\n<section>\n<p>Le <strong>moniteur ASUS ProArt Display PA32QCV<\/strong> avec dalle HDR 6K de 31.5 pouces est con\u00e7u pour les cr\u00e9ateurs de contenu professionnels. Cet \u00e9cran v\u00e9rifi\u00e9 par Calman offre une large gamme de couleurs avec une couverture DCI-P3 de 98 % et une pr\u00e9cision des couleurs Delta E&lt;2. Ses deux ports Thunderbolt 4 prennent en charge la mise en cha\u00eene et permettent des transferts de donn\u00e9es ultrarapides et une alimentation \u00e9lectrique de 96 watts via un seul c\u00e2ble.<br \/>\n&nbsp;<\/p>\n<\/section>\n<section>\n<div class=\"desc-image\"><span><img decoding=\"async\" alt=\"\" loading=\"lazy\" src=\"https:\/\/electrovideo.eu\/wp-content\/uploads\/2025\/09\/801-58.jpg\"><\/span><\/div>\n<div class=\"desc-text\">\n<h2>Image exceptionnelle en 6K HDR<\/h2>\n<p>L&#8217;\u00e9cran 6K HDR (6016 x 3384) du PA32QCV affiche une densit\u00e9 de pixels de 218 ppi. La haute densit\u00e9 de pixels permet d&#8217;obtenir un texte net et facile \u00e0 lire, tandis que l&#8217;am\u00e9lioration de la clart\u00e9 visuelle offre des avantages significatifs aux cr\u00e9ateurs engag\u00e9s dans des projets d\u00e9taill\u00e9s.<\/p>\n<p>La compatibilit\u00e9 HDR10 et VESA DisplayHDR 600 garantit des blancs lumineux et des noirs particuli\u00e8rement sombres pour un contraste exceptionnel qui se traduit par des images riches et r\u00e9alistes avec une fid\u00e9lit\u00e9 qui aide les artistes \u00e0 r\u00e9aliser pleinement leurs visions cr\u00e9atives. La technologie LuxPixel est un rev\u00eatement antireflet et \u00e0 faible r\u00e9flexion (AGLR) qui donne \u00e0 l&#8217;\u00e9cran l&#8217;aspect du papier.<\/p>\n<\/div>\n<\/section>\n<section>\n<div class=\"desc-text\">\n<h2>Id\u00e9al pour travailler sur MacBook<\/h2>\n<p>Le ProArt Display PA32QCV combine des performances de niveau professionnel avec un design \u00e9l\u00e9gant et une compatibilit\u00e9 test\u00e9e sur Mac. Offrant des couleurs \u00e9clatantes et une connectivit\u00e9 polyvalente, le PA32QCV est id\u00e9al pour les utilisateurs de Mac \u00e0 la recherche de productivit\u00e9 et d&#8217;une haute pr\u00e9cision des couleurs exceptionnelle.<\/p>\n<\/div>\n<div class=\"desc-image\"><span><img decoding=\"async\" alt=\"\" loading=\"lazy\" src=\"https:\/\/electrovideo.eu\/wp-content\/uploads\/2025\/09\/802-54.jpg\"><\/span><\/div>\n<\/section>\n<section>\n<div class=\"desc-image\"><span><img decoding=\"async\" alt=\"\" loading=\"lazy\" src=\"https:\/\/electrovideo.eu\/wp-content\/uploads\/2025\/09\/803-20.jpg\"><\/span><\/div>\n<div class=\"desc-text\">\n<h2>KVM et connectique compl\u00e8te<\/h2>\n<p>L&#8217;auto KVM int\u00e9gr\u00e9 permet de basculer et de contr\u00f4ler sans effort entre deux ordinateurs portables ou PC connect\u00e9s \u00e0 l&#8217;aide d&#8217;un seul clavier et d&#8217;une seule souris, ce qui facilite le travail multit\u00e2che.<\/p>\n<p>Les ports Thunderbolt 4 du PA32QCV permettent des transferts de donn\u00e9es ultrarapides, une connectivit\u00e9 DisplayPort et une alimentation de 96 watts pour charger les ordinateurs portables et autres appareils, le tout via un seul c\u00e2ble.<\/p>\n<p>Le PA32QCV sert \u00e9galement de hub USB : tout appareil reli\u00e9 aux ports USB du moniteur peut acc\u00e9der aux autres p\u00e9riph\u00e9riques connect\u00e9s. En plus du double Thunderbolt 4, le PA32QCV offre une myriade d&#8217;options de connectivit\u00e9, notamment HDMI 2.1, DisplayPort 1.4 DSC, USB Type-A et un port descendant USB-C suppl\u00e9mentaire pour une compatibilit\u00e9 avec un large \u00e9ventail d&#8217;appareils. Le PA32QCV comprend \u00e9galement un port passthrough pour les casques.<\/p>\n<\/div>\n<\/section>\n<section class=\"list\">\n<h2>Caract\u00e9ristiques principales :<\/h2>\n<p>&nbsp;<\/p>\n<ul>\n<li>\u00c9cran AGLR 31,5 pouces 6K (6016 x 3384) LuxPixel avec dalle IPS \u00e0 grand angle de vision 178\u00b0<\/li>\n<li>Norme internationale de couleurs 98 % DCI-P3 et 100 % sRGB large gamme de couleurs<\/li>\n<li>\u00c9cart Delta inf\u00e9rieur \u00e0 2 pour une meilleure reproduction des couleurs et Calman Verified<\/li>\n<li>Connectivit\u00e9 riche, notamment double Thunderbolt 4 jusqu&#8217;\u00e0 96 W Power Delivery avec mise en cha\u00eene, HDMI v2.1, DisplayPort 1.4 et un hub USB int\u00e9gr\u00e9<\/li>\n<li>Le nouveau mode de pr\u00e9r\u00e9glage des couleurs M Model-P3 correspond aux performances des couleurs de l&#8217;\u00e9cran du MacBook<\/li>\n<li>La solution Light Sync prend en charge le capteur de lumi\u00e8re ambiante et le capteur de r\u00e9tro\u00e9clairage pour des couleurs fiables d\u00e8s le d\u00e9part<\/li>\n<li>La fonction Auto KVM int\u00e9gr\u00e9e permet de basculer sans effort entre deux ordinateurs portables ou PC connect\u00e9s \u00e0 l&#8217;aide d&#8217;un seul clavier et d&#8217;une seule souris<\/li>\n<li>L&#8217;application exclusive ASUS DisplayWidget Center permet d&#8217;acc\u00e9der facilement \u00e0 l&#8217;OSD et de r\u00e9gler les param\u00e8tres du moniteur \u00e0 l&#8217;aide d&#8217;une souris<\/li>\n<li>R\u00e9glage de l&#8217;inclinaison, de la rotation, du pivotement et de la hauteur pour une exp\u00e9rience de visionnage confortable<\/li>\n<\/ul>\n<\/section>\n<\/div><\/div>\n","protected":false},"excerpt":{"rendered":"<p>Ecran PC 6K &#8211; 6016 x 3384 pixels &#8211; 5 ms (gris \u00e0 gris) &#8211; Format 16\/9 &#8211; Dalle IPS &#8211; HDR 600 &#8211; HDMI\/DisplayPort\/Thunderbolt 4 &#8211; Hub USB 3.0 &#8211; Pivot &#8211; Argent<\/p>\n","protected":false},"featured_media":215357,"comment_status":"open","ping_status":"closed","template":"","meta":{"_monsterinsights_skip_tracking":false,"_monsterinsights_sitenote_active":false,"_monsterinsights_sitenote_note":"","_monsterinsights_sitenote_category":0},"etheme_brands":[{"term_id":53,"name":"ASUS","slug":"asus","term_group":0,"term_taxonomy_id":53,"taxonomy":"brand","description":"","parent":0,"count":248,"filter":"raw"}],"product_brand":[],"product_cat":[3302],"product_tag":[],"class_list":{"0":"post-215355","1":"product","2":"type-product","3":"status-publish","4":"has-post-thumbnail","6":"brand-asus","7":"product_cat-pc-monitors-screens","9":"first","10":"instock","11":"taxable","12":"shipping-taxable","13":"purchasable","14":"product-type-simple"},"_links":{"self":[{"href":"https:\/\/electrovideo.eu\/en\/wp-json\/wp\/v2\/product\/215355","targetHints":{"allow":["GET"]}}],"collection":[{"href":"https:\/\/electrovideo.eu\/en\/wp-json\/wp\/v2\/product"}],"about":[{"href":"https:\/\/electrovideo.eu\/en\/wp-json\/wp\/v2\/types\/product"}],"replies":[{"embeddable":true,"href":"https:\/\/electrovideo.eu\/en\/wp-json\/wp\/v2\/comments?post=215355"}],"version-history":[{"count":0,"href":"https:\/\/electrovideo.eu\/en\/wp-json\/wp\/v2\/product\/215355\/revisions"}],"wp:featuredmedia":[{"embeddable":true,"href":"https:\/\/electrovideo.eu\/en\/wp-json\/wp\/v2\/media\/215357"}],"wp:attachment":[{"href":"https:\/\/electrovideo.eu\/en\/wp-json\/wp\/v2\/media?parent=215355"}],"wp:term":[{"taxonomy":"brand","embeddable":true,"href":"https:\/\/electrovideo.eu\/en\/wp-json\/wp\/v2\/etheme_brands?post=215355"},{"taxonomy":"product_brand","embeddable":true,"href":"https:\/\/electrovideo.eu\/en\/wp-json\/wp\/v2\/product_brand?post=215355"},{"taxonomy":"product_cat","embeddable":true,"href":"https:\/\/electrovideo.eu\/en\/wp-json\/wp\/v2\/product_cat?post=215355"},{"taxonomy":"product_tag","embeddable":true,"href":"https:\/\/electrovideo.eu\/en\/wp-json\/wp\/v2\/product_tag?post=215355"}],"curies":[{"name":"wp","href":"https:\/\/api.w.org\/{rel}","templated":true}]}}